{"id":5859,"date":"2024-10-25T09:43:11","date_gmt":"2024-10-25T07:43:11","guid":{"rendered":"https:\/\/pro.beautyproject.ch\/datenschutzbestimmungen\/"},"modified":"2025-03-03T11:45:47","modified_gmt":"2025-03-03T10:45:47","slug":"datenschutzbestimmungen","status":"publish","type":"page","link":"https:\/\/pro.beautyproject.ch\/de\/datenschutzbestimmungen\/","title":{"rendered":"Privacy Policy"},"content":{"rendered":"\n<p><strong>1. Allgemeine Informationen<\/strong><\/p>\n\n<p>Diese Privacy Policy beschreibt, wie Beauty Project die pers\u00f6nlichen Daten seiner Kunden und Nutzer in \u00dcbereinstimmung mit der Schweizer Datenschutzgesetzgebung, einschlie\u00dflich des neuen Datenschutzgesetzes (DSG), sammelt, verwendet und sch\u00fctzt. Die Datenverarbeitung erfolgt mit einem H\u00f6chstma\u00df an Transparenz, Sicherheit und Gesetzeskonformit\u00e4t. <\/p>\n\n<p><strong>2. Data Controller<\/strong><\/p>\n\n<p>Der Inhaber der Datenverarbeitung ist Beauty Project di N. Ponti-Cometta, mit Sitz in:<\/p>\n\n<p>Der f\u00fcr die Datenverarbeitung Verantwortliche ist Beauty Project, mit eingetragenem Sitz in:<\/p>\n\n<ul class=\"wp-block-list\">\n<li><strong>Adresse:<\/strong> Via Pozzetto 27d, 6855 Stabio, Schweiz<\/li>\n\n\n\n<li><strong>Email:<\/strong> <a>info@beautyproject.ch<\/a><\/li>\n\n\n\n<li><strong>Telefon:<\/strong> +41 22 575 87 57<\/li>\n\n\n\n<li><strong>Handelsregistereintrag Nummer:<\/strong> CH-501.1.021.345-4<\/li>\n\n\n\n<li>IDI\/IV<strong>:<\/strong> CHE-309,194,892<\/li>\n<\/ul>\n\n<p><strong>3. Art der gesammelten Daten<\/strong><\/p>\n\n<p>Beauty Project sammelt personenbezogene Daten, die der Benutzer freiwillig angibt, wie Vorname, Nachname, E-Mail-Adresse, Postanschrift, Telefonnummer und Zahlungsinformationen. Wir sammeln auch automatisch Daten durch die Nutzung der Website, wie z.B. technische Informationen und Navigationsdaten. <\/p>\n\n<p><strong>4. Zweck der Datenverarbeitung<\/strong><\/p>\n\n<p>Die gesammelten pers\u00f6nlichen Daten werden f\u00fcr folgende Zwecke verwendet:<\/p>\n\n<ul class=\"wp-block-list\">\n<li>Bearbeiten und verwalten Sie Bestellungen und Produktanfragen;<\/li>\n\n\n\n<li>Sicherstellung der ordnungsgem\u00e4\u00dfen Erbringung von Dienstleistungen;<\/li>\n\n\n\n<li>Kommunikation mit Benutzern und Kundenbetreuung;<\/li>\n\n\n\n<li>Verwalten Sie Zahlungen und Lieferungen;<\/li>\n\n\n\n<li>Versand von kommerziellen Mitteilungen (vorbehaltlich der Zustimmung);<\/li>\n\n\n\n<li>Verbesserung der Benutzerfreundlichkeit und Optimierung der Website.<\/li>\n<\/ul>\n\n<p><strong>5. Rechtsgrundlage der Behandlung<\/strong><\/p>\n\n<p>Die Verarbeitung der personenbezogenen Daten ist durch eine oder mehrere der folgenden Rechtsgrundlagen legitimiert:<\/p>\n\n<ul class=\"wp-block-list\">\n<li>Erf\u00fcllung eines Vertrags oder vorvertragliche Ma\u00dfnahmen;<\/li>\n\n\n\n<li>Zustimmung des Benutzers;<\/li>\n\n\n\n<li>Erf\u00fcllung der gesetzlichen Verpflichtungen;<\/li>\n\n\n\n<li>Legitimes Interesse von Beauty Project.<\/li>\n<\/ul>\n\n<p><strong>6. Weitergabe von Daten an Dritte<\/strong><\/p>\n\n<p>Die pers\u00f6nlichen Daten der Nutzer d\u00fcrfen nur in den folgenden F\u00e4llen an Dritte weitergegeben werden:<\/p>\n\n<ul class=\"wp-block-list\">\n<li>Mit Dienstleistern, die f\u00fcr den Betrieb der Website und die Erbringung unserer Dienstleistungen erforderlich sind (z. B. Kuriere, Zahlungsdienste);<\/li>\n\n\n\n<li>F\u00fcr gesetzliche Verpflichtungen oder auf Anfrage der zust\u00e4ndigen Beh\u00f6rden;<\/li>\n\n\n\n<li>Im Falle von Unternehmenstransaktionen (z.B. Fusion, \u00dcbernahme).<\/li>\n<\/ul>\n\n<p><strong>7. Rechte der Benutzer<\/strong><\/p>\n\n<p>Benutzer haben das Recht auf:<\/p>\n\n<ul class=\"wp-block-list\">\n<li>Zugriff auf Ihre pers\u00f6nlichen Daten;<\/li>\n\n\n\n<li>die Korrektur oder Aktualisierung Ihrer Daten beantragen;<\/li>\n\n\n\n<li>die L\u00f6schung von Daten zu verlangen (im Rahmen der gesetzlichen Bestimmungen);<\/li>\n\n\n\n<li>der Verarbeitung von Daten widersprechen oder deren Einschr\u00e4nkung verlangen;<\/li>\n\n\n\n<li>Widerrufen Sie die Zustimmung zur Datenverarbeitung (falls zutreffend);<\/li>\n\n\n\n<li>Beantragen Sie Daten\u00fcbertragbarkeit.<\/li>\n<\/ul>\n\n<p>Anfragen k\u00f6nnen gesendet werden an <a><strong>info@beautyproject.ch<\/strong><\/a>.<\/p>\n\n<p><strong>8. Datensicherheit<\/strong><\/p>\n\n<p>Beauty Project trifft angemessene technische und organisatorische Sicherheitsma\u00dfnahmen, um personenbezogene Daten vor unbefugtem Zugriff, Verlust, Zerst\u00f6rung oder Ver\u00e4nderung zu sch\u00fctzen. Der Zugriff auf personenbezogene Daten ist auf Mitarbeiter und Lieferanten beschr\u00e4nkt, die diese zur Erf\u00fcllung ihrer Aufgaben ben\u00f6tigen. <\/p>\n\n<p><strong>9. Aufbewahrung von Daten<\/strong><\/p>\n\n<p>Personenbezogene Daten werden in \u00dcbereinstimmung mit dem neuen Datenschutzgesetz (DPA) so lange gespeichert, wie es zur Erf\u00fcllung des Zwecks, f\u00fcr den sie erhoben wurden, erforderlich ist, oder f\u00fcr den gesetzlich vorgeschriebenen Zeitraum. Wenn sie nicht mehr ben\u00f6tigt werden, werden die Daten sicher gel\u00f6scht. <\/p>\n\n<p>Personenbezogene Daten werden so lange aufbewahrt, wie es f\u00fcr die Erf\u00fcllung der Zwecke, f\u00fcr die sie erhoben wurden, erforderlich ist, oder f\u00fcr den gesetzlich vorgeschriebenen Zeitraum. Wenn sie nicht mehr ben\u00f6tigt werden, werden die Daten sicher gel\u00f6scht. <\/p>\n\n<p><strong>10. \u00c4nderungen der Privacy Policy<\/strong><\/p>\n\n<p>Beauty Project beh\u00e4lt sich das Recht vor, diese Privacy Policy jederzeit zu \u00e4ndern. Die Nutzer werden \u00fcber die Website oder andere geeignete Kan\u00e4le \u00fcber alle wesentlichen \u00c4nderungen informiert. <\/p>\n\n<p><strong>11. Gerichtsbarkeit<\/strong><\/p>\n\n<p>Im Falle einer Streitigkeit ist der Gerichtsstand Mendrisio, Schweiz.<\/p>\n\n<p><strong>12. Kontakt<\/strong><\/p>\n\n<p>Wenn Sie Fragen oder W\u00fcnsche zu dieser Privacy Policy haben, wenden Sie sich bitte an Beauty Project:<\/p>\n\n<ul class=\"wp-block-list\">\n<li><strong>Adresse:<\/strong> Via Pozzetto 27d, 6855 Stabio, Schweiz<\/li>\n\n\n\n<li><strong>Email:<\/strong> <a>info@beautyproject.ch<\/a><\/li>\n\n\n\n<li><strong>Telefon:<\/strong> +41 22 575 87 57<\/li>\n<\/ul>\n","protected":false},"excerpt":{"rendered":"<p>1. Allgemeine Informationen Diese Privacy Policy beschreibt, wie Beauty Project die pers\u00f6nlichen Daten seiner Kunden und Nutzer in \u00dcbereinstimmung mit der Schweizer Datenschutzgesetzgebung, einschlie\u00dflich des neuen Datenschutzgesetzes (DSG), sammelt, verwendet und sch\u00fctzt. Die Datenverarbeitung erfolgt mit einem H\u00f6chstma\u00df an Transparenz, Sicherheit und Gesetzeskonformit\u00e4t. 2. Data Controller Der Inhaber der Datenverarbeitung ist Beauty Project di N. [&hellip;]<\/p>\n","protected":false},"author":2,"featured_media":0,"parent":0,"menu_order":0,"comment_status":"closed","ping_status":"closed","template":"","meta":{"_acf_changed":false,"_seopress_robots_primary_cat":"","_seopress_titles_title":"","_seopress_titles_desc":"","_seopress_robots_index":"","_seopress_analysis_target_kw":"","footnotes":""},"class_list":["post-5859","page","type-page","status-publish","hentry"],"acf":[],"jetpack_sharing_enabled":true,"_links":{"self":[{"href":"https:\/\/pro.beautyproject.ch\/de\/wp-json\/wp\/v2\/pages\/5859","targetHints":{"allow":["GET"]}}],"collection":[{"href":"https:\/\/pro.beautyproject.ch\/de\/wp-json\/wp\/v2\/pages"}],"about":[{"href":"https:\/\/pro.beautyproject.ch\/de\/wp-json\/wp\/v2\/types\/page"}],"author":[{"embeddable":true,"href":"https:\/\/pro.beautyproject.ch\/de\/wp-json\/wp\/v2\/users\/2"}],"replies":[{"embeddable":true,"href":"https:\/\/pro.beautyproject.ch\/de\/wp-json\/wp\/v2\/comments?post=5859"}],"version-history":[{"count":5,"href":"https:\/\/pro.beautyproject.ch\/de\/wp-json\/wp\/v2\/pages\/5859\/revisions"}],"predecessor-version":[{"id":6924,"href":"https:\/\/pro.beautyproject.ch\/de\/wp-json\/wp\/v2\/pages\/5859\/revisions\/6924"}],"wp:attachment":[{"href":"https:\/\/pro.beautyproject.ch\/de\/wp-json\/wp\/v2\/media?parent=5859"}],"curies":[{"name":"wp","href":"https:\/\/api.w.org\/{rel}","templated":true}]}}