{"id":5872,"date":"2024-10-25T09:20:27","date_gmt":"2024-10-25T07:20:27","guid":{"rendered":"https:\/\/pro.beautyproject.ch\/verkaufsbedingungen\/"},"modified":"2025-03-03T11:45:47","modified_gmt":"2025-03-03T10:45:47","slug":"verkaufsbedingungen","status":"publish","type":"page","link":"https:\/\/pro.beautyproject.ch\/de\/verkaufsbedingungen\/","title":{"rendered":"Verkaufsbedingungen"},"content":{"rendered":"\t\t<div data-elementor-type=\"wp-page\" data-elementor-id=\"5872\" class=\"elementor elementor-5872 elementor-1158\" data-elementor-post-type=\"page\">\n\t\t\t\t<div class=\"elementor-element elementor-element-3b1f7934 e-flex e-con-boxed e-con e-parent\" data-id=\"3b1f7934\" data-element_type=\"container\" data-e-type=\"container\">\n\t\t\t\t\t<div class=\"e-con-inner\">\n\t\t\t\t<div class=\"elementor-element elementor-element-18053f73 elementor-widget elementor-widget-text-editor\" data-id=\"18053f73\" data-element_type=\"widget\" data-e-type=\"widget\" data-widget_type=\"text-editor.default\">\n\t\t\t\t<div class=\"elementor-widget-container\">\n\t\t\t\t\t\t\t\t\t\n<p><strong>1. Annahme der Verkaufsbedingungen<\/strong> Alle Bestellungen, die per Telefon, E-Mail, \u00fcber einen unserer Berater oder online aufgegeben werden, unterliegen diesen Verkaufsbedingungen. Mit der Aufgabe einer Bestellung erkl\u00e4rt der Kunde, dass er die Bedingungen gelesen, verstanden und vorbehaltlos akzeptiert hat.<\/p>\n\n<p><strong>2. Bestellungen<\/strong> Vom Kunden gew\u00fcnschte \u00c4nderungen an der Bestellung k\u00f6nnen nur ber\u00fccksichtigt werden, wenn sie vor dem Versand der Produkte erfolgen. Das Unternehmen beh\u00e4lt sich das Recht vor, eine Bestellung im Falle unbezahlter Rechnungen oder einer Insolvenz auszusetzen.<\/p>\n\n<p><strong>3. Zahlungsbedingungen<\/strong> Alle Bestellungen werden in Schweizer Franken (CHF) berechnet, ohne Mehrwertsteuer und Versandkosten. Das Unternehmen beh\u00e4lt sich das Recht vor, die Preise jederzeit und ohne vorherige Ank\u00fcndigung zu \u00e4ndern. Die Produkte werden auf der Grundlage der zum Zeitpunkt der Registrierung der Bestellung geltenden Tarife in Rechnung gestellt.<\/p>\n\n<p><strong>4. Zahlungsmodalit\u00e4ten<\/strong> Alle Bestellungen werden in Schweizer Franken (CHF) aufgegeben und k\u00f6nnen mit den folgenden Methoden bezahlt werden:<\/p>\n\n<ul class=\"wp-block-list\">\n<li><strong>Kreditkarte<\/strong>: Wir akzeptieren Zahlungen mit allen g\u00e4ngigen Kreditkarten.<\/li>\n\n<li><strong>TWINT<\/strong>: Wir akzeptieren Zahlungen \u00fcber die TWINT-App f\u00fcr zus\u00e4tzlichen Komfort.<\/li>\n<\/ul>\n\n<p><strong>5. Rechnungsstellung<\/strong> F\u00fcr jede Bestellung wird eine Rechnung ausgestellt und an die vom Kunden angegebene E-Mail-Adresse gesendet. Jede Reklamation bez\u00fcglich der Rechnung muss innerhalb von 7 Werktagen nach Erhalt der Rechnung schriftlich bei der Gesellschaft eingehen. In Ermangelung einer solchen Beanstandung gilt die Rechnung als vorbehaltlos akzeptiert.<\/p>\n\n<p><strong>6. Lieferung<\/strong> Die Waren werden an die vom Kunden angegebene Adresse geschickt. Unabh\u00e4ngig davon, welche Transportart gew\u00e4hlt wird, reisen die Waren auf Risiko des Kunden. Die Lieferung erfolgt durch die Schweizerische Post oder einen Kurierdienst unter Einhaltung der nach Treu und Glauben festgelegten Lieferbedingungen und so genau wie m\u00f6glich. Die Lieferungen erfolgen je nach Verf\u00fcgbarkeit und Reihenfolge des Eingangs der Bestellungen. Nicht verf\u00fcgbare Produkte werden auf Kosten des Unternehmens nachgeschickt, sobald sie verf\u00fcgbar sind. Die Versandkosten werden auf CHF 18 festgelegt und gehen zu Lasten des Kunden. Bei Bestellungen \u00fcber CHF 300 ist der Versand jedoch kostenlos.<\/p>\n\n<p><strong>7. R\u00fccksendung von Waren<\/strong> Der Kunde hat 7 Arbeitstage Zeit, um das Unternehmen \u00fcber einen technischen Fehler oder einen Irrtum bei dem zugesandten Artikel zu informieren. Die Mitteilung muss die Rechnungsnummer und das Datum enthalten und per E-Mail an <a><strong>info@beautyproject.ch<\/strong><\/a>. Das Unternehmen akzeptiert nur unbenutzte Produkte in ihrer Originalverpackung und in einwandfreiem Zustand f\u00fcr den Wiederverkauf. Die Versandkosten und das R\u00fcckgaberisiko gehen zu Lasten des Kunden. Die R\u00fccksendung von Waren berechtigt Sie zu einer Gutschrift. In Ausnahmef\u00e4llen ist die Zustimmung der Gesellschaft erforderlich und es wird eine Verwaltungsgeb\u00fchr von CHF 20 erhoben.<\/p>\n\n<p><strong>8. Weiterverkauf<\/strong> von Produkten Der Kunde verpflichtet sich, die gekauften Produkte nicht ohne die schriftliche Genehmigung des Unternehmens an andere Fachleute weiterzuverkaufen.<\/p>\n\n<p><strong>9. Haftung<\/strong> Beauty Project von N. Ponti-Cometta haftet nicht f\u00fcr Sch\u00e4den, die durch die unsachgem\u00e4\u00dfe Verwendung der gekauften Produkte entstehen. Alle Produkte sind ausschlie\u00dflich f\u00fcr professionelle Kunden bestimmt, die \u00fcber die notwendigen Voraussetzungen und F\u00e4higkeiten f\u00fcr ihre Verwendung verf\u00fcgen.<\/p>\n\n<p><strong>10. Gerichtsstand<\/strong> Im Falle einer Streitigkeit ist der Gerichtsstand Mendrisio, Schweiz.<\/p>\n\n<p><strong>11. Kontaktinformationen<\/strong><\/p>\n\n<ul class=\"wp-block-list\">\n<li><strong>Name des Unternehmens<\/strong>: Beauty Project by N. Ponti-Cometta<\/li>\n\n<li><strong>Adresse<\/strong>: Via Pozzetto 27d, 6855 Stabio, Schweiz<\/li>\n\n<li><strong>Handelsregistereintrag Nummer<\/strong>: CH-501.1.021.345-4<\/li>\n\n<li><strong>IDI\/IV<\/strong>: CHE-309,194,892<\/li>\n\n<li><strong>Telefon<\/strong>: +41 22 575 87 57<\/li>\n\n<li><strong>Email<\/strong>: <a>info@beautyproject.ch<\/a><\/li>\n<\/ul>\n\t\t\t\t\t\t\t\t<\/div>\n\t\t\t\t<\/div>\n\t\t\t\t\t<\/div>\n\t\t\t\t<\/div>\n\t\t\t\t<\/div>\n\t\t","protected":false},"excerpt":{"rendered":"<p>1. Annahme der Verkaufsbedingungen Alle Bestellungen, die per Telefon, E-Mail, \u00fcber einen unserer Berater oder online aufgegeben werden, unterliegen diesen Verkaufsbedingungen. Mit der Aufgabe einer Bestellung erkl\u00e4rt der Kunde, dass er die Bedingungen gelesen, verstanden und vorbehaltlos akzeptiert hat. 2. Bestellungen Vom Kunden gew\u00fcnschte \u00c4nderungen an der Bestellung k\u00f6nnen nur ber\u00fccksichtigt werden, wenn sie vor [&hellip;]<\/p>\n","protected":false},"author":2,"featured_media":0,"parent":0,"menu_order":0,"comment_status":"closed","ping_status":"closed","template":"","meta":{"_acf_changed":false,"_seopress_robots_primary_cat":"","_seopress_titles_title":"","_seopress_titles_desc":"","_seopress_robots_index":"","_seopress_analysis_target_kw":"","footnotes":""},"class_list":["post-5872","page","type-page","status-publish","hentry"],"acf":[],"jetpack_sharing_enabled":true,"_links":{"self":[{"href":"https:\/\/pro.beautyproject.ch\/de\/wp-json\/wp\/v2\/pages\/5872","targetHints":{"allow":["GET"]}}],"collection":[{"href":"https:\/\/pro.beautyproject.ch\/de\/wp-json\/wp\/v2\/pages"}],"about":[{"href":"https:\/\/pro.beautyproject.ch\/de\/wp-json\/wp\/v2\/types\/page"}],"author":[{"embeddable":true,"href":"https:\/\/pro.beautyproject.ch\/de\/wp-json\/wp\/v2\/users\/2"}],"replies":[{"embeddable":true,"href":"https:\/\/pro.beautyproject.ch\/de\/wp-json\/wp\/v2\/comments?post=5872"}],"version-history":[{"count":5,"href":"https:\/\/pro.beautyproject.ch\/de\/wp-json\/wp\/v2\/pages\/5872\/revisions"}],"predecessor-version":[{"id":6935,"href":"https:\/\/pro.beautyproject.ch\/de\/wp-json\/wp\/v2\/pages\/5872\/revisions\/6935"}],"wp:attachment":[{"href":"https:\/\/pro.beautyproject.ch\/de\/wp-json\/wp\/v2\/media?parent=5872"}],"curies":[{"name":"wp","href":"https:\/\/api.w.org\/{rel}","templated":true}]}}