{"id":5890,"date":"2024-10-25T09:02:32","date_gmt":"2024-10-25T07:02:32","guid":{"rendered":"https:\/\/pro.beautyproject.ch\/ueber-uns\/"},"modified":"2025-03-03T11:45:48","modified_gmt":"2025-03-03T10:45:48","slug":"ueber-uns","status":"publish","type":"page","link":"https:\/\/pro.beautyproject.ch\/de\/ueber-uns\/","title":{"rendered":"\u00dcber uns"},"content":{"rendered":"\t\t<div data-elementor-type=\"wp-page\" data-elementor-id=\"5890\" class=\"elementor elementor-5890 elementor-1143\" data-elementor-post-type=\"page\">\n\t\t\t\t\t\t<section class=\"elementor-section elementor-top-section elementor-element elementor-element-18502eb3 elementor-section-content-middle elementor-section-boxed elementor-section-height-default elementor-section-height-default\" data-id=\"18502eb3\" data-element_type=\"section\" data-e-type=\"section\" data-settings=\"{&quot;background_background&quot;:&quot;classic&quot;}\">\n\t\t\t\t\t\t<div class=\"elementor-container elementor-column-gap-default\">\n\t\t\t\t\t<div class=\"elementor-column elementor-col-100 elementor-top-column elementor-element elementor-element-2f4d3c05\" data-id=\"2f4d3c05\" data-element_type=\"column\" data-e-type=\"column\">\n\t\t\t<div class=\"elementor-widget-wrap elementor-element-populated\">\n\t\t\t\t\t\t<div class=\"elementor-element elementor-element-684a37b elementor-widget elementor-widget-shortcode\" data-id=\"684a37b\" data-element_type=\"widget\" data-e-type=\"widget\" data-widget_type=\"shortcode.default\">\n\t\t\t\t<div class=\"elementor-widget-container\">\n\t\t\t\t\t\t\t<div class=\"elementor-shortcode\"><nav  aria-label=\"Brotkrumen\"><ol class=\"breadcrumb\"><li class=\"breadcrumb-item active\" aria-current=\"page\"><span>Startseite<\/span><\/li><\/ol><\/nav>\n<\/div>\n\t\t\t\t\t\t<\/div>\n\t\t\t\t<\/div>\n\t\t\t\t\t<\/div>\n\t\t<\/div>\n\t\t\t\t\t<\/div>\n\t\t<\/section>\n\t\t\t\t<section class=\"elementor-section elementor-top-section elementor-element elementor-element-f5d6875 elementor-section-content-middle elementor-section-boxed elementor-section-height-default elementor-section-height-default\" data-id=\"f5d6875\" data-element_type=\"section\" data-e-type=\"section\">\n\t\t\t\t\t\t<div class=\"elementor-container elementor-column-gap-default\">\n\t\t\t\t\t<div class=\"elementor-column elementor-col-50 elementor-top-column elementor-element elementor-element-a89808e\" data-id=\"a89808e\" data-element_type=\"column\" data-e-type=\"column\">\n\t\t\t<div class=\"elementor-widget-wrap elementor-element-populated\">\n\t\t\t\t\t\t<div class=\"elementor-element elementor-element-27a26fd elementor-widget elementor-widget-image\" data-id=\"27a26fd\" data-element_type=\"widget\" data-e-type=\"widget\" data-widget_type=\"image.default\">\n\t\t\t\t<div class=\"elementor-widget-container\">\n\t\t\t\t\t\t\t\t\t\t\t\t\t\t\t<img fetchpriority=\"high\" decoding=\"async\" width=\"1200\" height=\"900\" src=\"https:\/\/pro.beautyproject.ch\/wp-content\/uploads\/2025\/01\/science_foundation0868-Medium.webp\" class=\"attachment-full size-full wp-image-5337\" alt=\"\" srcset=\"https:\/\/pro.beautyproject.ch\/wp-content\/uploads\/2025\/01\/science_foundation0868-Medium.webp 1200w, https:\/\/pro.beautyproject.ch\/wp-content\/uploads\/2025\/01\/science_foundation0868-Medium-600x450.webp 600w, https:\/\/pro.beautyproject.ch\/wp-content\/uploads\/2025\/01\/science_foundation0868-Medium-64x48.webp 64w, https:\/\/pro.beautyproject.ch\/wp-content\/uploads\/2025\/01\/science_foundation0868-Medium-300x225.webp 300w, https:\/\/pro.beautyproject.ch\/wp-content\/uploads\/2025\/01\/science_foundation0868-Medium-1024x768.webp 1024w, https:\/\/pro.beautyproject.ch\/wp-content\/uploads\/2025\/01\/science_foundation0868-Medium-768x576.webp 768w\" sizes=\"(max-width: 1200px) 100vw, 1200px\" \/>\t\t\t\t\t\t\t\t\t\t\t\t\t\t\t<\/div>\n\t\t\t\t<\/div>\n\t\t\t\t\t<\/div>\n\t\t<\/div>\n\t\t\t\t<div class=\"elementor-column elementor-col-50 elementor-top-column elementor-element elementor-element-358f4d7\" data-id=\"358f4d7\" data-element_type=\"column\" data-e-type=\"column\">\n\t\t\t<div class=\"elementor-widget-wrap elementor-element-populated\">\n\t\t\t\t\t\t<div class=\"elementor-element elementor-element-3acdbbb elementor-widget elementor-widget-heading\" data-id=\"3acdbbb\" data-element_type=\"widget\" data-e-type=\"widget\" data-widget_type=\"heading.default\">\n\t\t\t\t<div class=\"elementor-widget-container\">\n\t\t\t\t\t<h2 class=\"elementor-heading-title elementor-size-default\">Beauty Project<\/h2>\t\t\t\t<\/div>\n\t\t\t\t<\/div>\n\t\t\t\t<div class=\"elementor-element elementor-element-c63e906 elementor-widget-divider--view-line elementor-widget elementor-widget-divider\" data-id=\"c63e906\" data-element_type=\"widget\" data-e-type=\"widget\" data-widget_type=\"divider.default\">\n\t\t\t\t<div class=\"elementor-widget-container\">\n\t\t\t\t\t\t\t<div class=\"elementor-divider\">\n\t\t\t<span class=\"elementor-divider-separator\">\n\t\t\t\t\t\t<\/span>\n\t\t<\/div>\n\t\t\t\t\t\t<\/div>\n\t\t\t\t<\/div>\n\t\t\t\t<div class=\"elementor-element elementor-element-ec36d7f elementor-widget elementor-widget-heading\" data-id=\"ec36d7f\" data-element_type=\"widget\" data-e-type=\"widget\" data-widget_type=\"heading.default\">\n\t\t\t\t<div class=\"elementor-widget-container\">\n\t\t\t\t\t<h2 class=\"elementor-heading-title elementor-size-default\">Exklusive Kinetics Vertriebspartner in der Schweiz\n<\/h2>\t\t\t\t<\/div>\n\t\t\t\t<\/div>\n\t\t\t\t<div class=\"elementor-element elementor-element-23bfbfd elementor-widget elementor-widget-text-editor\" data-id=\"23bfbfd\" data-element_type=\"widget\" data-e-type=\"widget\" data-widget_type=\"text-editor.default\">\n\t\t\t\t<div class=\"elementor-widget-container\">\n\t\t\t\t\t\t\t\t\t<p><strong>Beauty Project<\/strong> entstand aus der Leidenschaft f\u00fcr die Sch\u00f6nheit und der Zusammenarbeit mit <strong>Sch\u00f6nheitsexperten<\/strong>, die auf <strong>Hand- und Fu\u00dfpflege<\/strong> spezialisiert sind. Wir sind der <strong>exklusive Vertriebspartner von Kinetics in der Schweiz<\/strong> und bieten ein komplettes Sortiment <strong>hochwertiger professioneller Nagelprodukte<\/strong> an, die ideal f\u00fcr <strong>Sch\u00f6nheitssalons<\/strong>, <strong>Nagelstudios<\/strong>, <strong>Friseursalons<\/strong>, <strong>Hotels<\/strong> und <strong>Spas<\/strong> sind. <\/p><p>Unsere Mission ist es, <strong>qualitativ hochwertige Nagelprodukte<\/strong> und engagierte Unterst\u00fctzung zu bieten, damit <strong>Sch\u00f6nheitsprofis<\/strong> <strong>makellose Ergebnisse<\/strong> f\u00fcr ihre Kunden erzielen k\u00f6nnen. Mit <strong>\u00fcber 20 Jahren Erfahrung in der Sch\u00f6nheitsbranche<\/strong> garantieren wir <strong>Qualit\u00e4t<\/strong>, <strong>Innovation<\/strong> und <strong>kontinuierliche Unterst\u00fctzung<\/strong>. <\/p><h3>Warum Beauty Project w\u00e4hlen?<\/h3><ul><li><strong>Hochwertige Nagelprodukte<\/strong>: Wir bieten nur das Beste, um eine <strong>professionelle Manik\u00fcre und Pedik\u00fcre<\/strong> mit <strong>hervorragenden, lang anhaltenden<\/strong> Ergebnissen zu garantieren.<\/li><li><strong>Erfahrung und Professionalit\u00e4t in der \u00c4sthetikbranche<\/strong>: Mit <strong>\u00fcber 20 Jahren Erfahrung<\/strong> verstehen wir die Bed\u00fcrfnisse von <strong>Fachleuten<\/strong> und bieten entsprechende Unterst\u00fctzung.<\/li><li><strong>Engagierter Support f\u00fcr Beauty-Profis<\/strong>: Unser Team steht Ihnen jederzeit zur Verf\u00fcgung, um Fragen zu beantworten und Sie in jeder Phase Ihrer Arbeit zu unterst\u00fctzen.<\/li><\/ul><p><strong>Entdecken Sie die Produkte von Kinetics<\/strong> und heben Sie Ihr Serviceniveau auf ein hervorragendes Niveau. Mit <strong>Beauty Project<\/strong>steht Ihnen <strong>professionelle Sch\u00f6nheit<\/strong> jederzeit zur Verf\u00fcgung. <\/p>\t\t\t\t\t\t\t\t<\/div>\n\t\t\t\t<\/div>\n\t\t\t\t\t<\/div>\n\t\t<\/div>\n\t\t\t\t\t<\/div>\n\t\t<\/section>\n\t\t\t\t<\/div>\n\t\t","protected":false},"excerpt":{"rendered":"<p>Beauty Project Exklusive Kinetics Vertriebspartner in der Schweiz Beauty Project entstand aus der Leidenschaft f\u00fcr die Sch\u00f6nheit und der Zusammenarbeit mit Sch\u00f6nheitsexperten, die auf Hand- und Fu\u00dfpflege spezialisiert sind. Wir sind der exklusive Vertriebspartner von Kinetics in der Schweiz und bieten ein komplettes Sortiment hochwertiger professioneller Nagelprodukte an, die ideal f\u00fcr Sch\u00f6nheitssalons, Nagelstudios, Friseursalons, Hotels [&hellip;]<\/p>\n","protected":false},"author":2,"featured_media":0,"parent":0,"menu_order":0,"comment_status":"closed","ping_status":"closed","template":"elementor_header_footer","meta":{"_acf_changed":false,"_seopress_robots_primary_cat":"","_seopress_titles_title":"","_seopress_titles_desc":"","_seopress_robots_index":"","_seopress_analysis_target_kw":"","footnotes":""},"class_list":["post-5890","page","type-page","status-publish","hentry"],"acf":[],"jetpack_sharing_enabled":true,"_links":{"self":[{"href":"https:\/\/pro.beautyproject.ch\/de\/wp-json\/wp\/v2\/pages\/5890","targetHints":{"allow":["GET"]}}],"collection":[{"href":"https:\/\/pro.beautyproject.ch\/de\/wp-json\/wp\/v2\/pages"}],"about":[{"href":"https:\/\/pro.beautyproject.ch\/de\/wp-json\/wp\/v2\/types\/page"}],"author":[{"embeddable":true,"href":"https:\/\/pro.beautyproject.ch\/de\/wp-json\/wp\/v2\/users\/2"}],"replies":[{"embeddable":true,"href":"https:\/\/pro.beautyproject.ch\/de\/wp-json\/wp\/v2\/comments?post=5890"}],"version-history":[{"count":5,"href":"https:\/\/pro.beautyproject.ch\/de\/wp-json\/wp\/v2\/pages\/5890\/revisions"}],"predecessor-version":[{"id":6926,"href":"https:\/\/pro.beautyproject.ch\/de\/wp-json\/wp\/v2\/pages\/5890\/revisions\/6926"}],"wp:attachment":[{"href":"https:\/\/pro.beautyproject.ch\/de\/wp-json\/wp\/v2\/media?parent=5890"}],"curies":[{"name":"wp","href":"https:\/\/api.w.org\/{rel}","templated":true}]}}