{"id":5923,"date":"2024-10-28T09:09:26","date_gmt":"2024-10-28T08:09:26","guid":{"rendered":"https:\/\/pro.beautyproject.ch\/rueckerstattung-und-rueckgabebedingungen\/"},"modified":"2025-02-28T12:39:36","modified_gmt":"2025-02-28T11:39:36","slug":"rueckerstattung-und-rueckgabebedingungen","status":"publish","type":"page","link":"https:\/\/pro.beautyproject.ch\/de\/rueckerstattung-und-rueckgabebedingungen\/","title":{"rendered":"R\u00fcckerstattung und R\u00fcckgabebedingungen"},"content":{"rendered":"\t\t<div data-elementor-type=\"wp-page\" data-elementor-id=\"5923\" class=\"elementor elementor-5923 elementor-16\" data-elementor-post-type=\"page\">\n\t\t\t\t<div class=\"elementor-element elementor-element-59458603 e-flex e-con-boxed e-con e-parent\" data-id=\"59458603\" data-element_type=\"container\" data-e-type=\"container\">\n\t\t\t\t\t<div class=\"e-con-inner\">\n\t\t\t\t<div class=\"elementor-element elementor-element-6efb42f6 elementor-widget elementor-widget-text-editor\" data-id=\"6efb42f6\" data-element_type=\"widget\" data-e-type=\"widget\" data-widget_type=\"text-editor.default\">\n\t\t\t\t<div class=\"elementor-widget-container\">\n\t\t\t\t\t\t\t\t\t\n<p><strong>Lieferung<\/strong><\/p>\n\n<p>Die Waren werden an die vom Kunden angegebene Adresse geschickt. Unabh\u00e4ngig davon, welche Transportart gew\u00e4hlt wird, reisen die Waren auf Risiko des Kunden. Die Lieferung erfolgt durch die Schweizerische Post oder einen Kurierdienst unter Einhaltung der nach Treu und Glauben festgelegten Lieferbedingungen und so genau wie m\u00f6glich. Die Lieferungen erfolgen je nach Verf\u00fcgbarkeit und Reihenfolge des Eingangs der Bestellungen. Produkte, die nicht geliefert werden k\u00f6nnen, werden auf Kosten des Unternehmens nachgeschickt, sobald sie verf\u00fcgbar sind. Die Versandkosten werden auf CHF 18 festgelegt und gehen zu Lasten des Kunden. Bei Bestellungen \u00fcber CHF 300 ist der Versand jedoch kostenlos.<\/p>\n\n<p><strong>R\u00fcckgabe von Waren<\/strong><\/p>\n\n<p>Der Antrag auf Erstattung muss per E-Mail an <a>info@beautyproject.ch gestellt werden.<\/a> Die Benachrichtigung muss die Rechnungsnummer und das Datum enthalten. Das Unternehmen akzeptiert nur unbenutzte Produkte in ihrer Originalverpackung und in einwandfreiem Zustand f\u00fcr den Wiederverkauf. Die Versandkosten und das R\u00fcckgaberisiko gehen zu Lasten des Kunden. Die R\u00fccksendung von Waren berechtigt Sie zu einer Gutschrift. In Ausnahmef\u00e4llen ist die Zustimmung der Gesellschaft erforderlich und es wird eine Verwaltungsgeb\u00fchr von CHF 20 erhoben.<\/p>\n\t\t\t\t\t\t\t\t<\/div>\n\t\t\t\t<\/div>\n\t\t\t\t\t<\/div>\n\t\t\t\t<\/div>\n\t\t\t\t<\/div>\n\t\t","protected":false},"excerpt":{"rendered":"<p>Lieferung Die Waren werden an die vom Kunden angegebene Adresse geschickt. Unabh\u00e4ngig davon, welche Transportart gew\u00e4hlt wird, reisen die Waren auf Risiko des Kunden. Die Lieferung erfolgt durch die Schweizerische Post oder einen Kurierdienst unter Einhaltung der nach Treu und Glauben festgelegten Lieferbedingungen und so genau wie m\u00f6glich. Die Lieferungen erfolgen je nach Verf\u00fcgbarkeit und [&hellip;]<\/p>\n","protected":false},"author":1,"featured_media":0,"parent":0,"menu_order":0,"comment_status":"closed","ping_status":"closed","template":"","meta":{"_acf_changed":false,"_seopress_robots_primary_cat":"","_seopress_titles_title":"","_seopress_titles_desc":"","_seopress_robots_index":"","_seopress_analysis_target_kw":"","footnotes":""},"class_list":["post-5923","page","type-page","status-publish","hentry"],"acf":[],"jetpack_sharing_enabled":true,"_links":{"self":[{"href":"https:\/\/pro.beautyproject.ch\/de\/wp-json\/wp\/v2\/pages\/5923","targetHints":{"allow":["GET"]}}],"collection":[{"href":"https:\/\/pro.beautyproject.ch\/de\/wp-json\/wp\/v2\/pages"}],"about":[{"href":"https:\/\/pro.beautyproject.ch\/de\/wp-json\/wp\/v2\/types\/page"}],"author":[{"embeddable":true,"href":"https:\/\/pro.beautyproject.ch\/de\/wp-json\/wp\/v2\/users\/1"}],"replies":[{"embeddable":true,"href":"https:\/\/pro.beautyproject.ch\/de\/wp-json\/wp\/v2\/comments?post=5923"}],"version-history":[{"count":11,"href":"https:\/\/pro.beautyproject.ch\/de\/wp-json\/wp\/v2\/pages\/5923\/revisions"}],"predecessor-version":[{"id":5941,"href":"https:\/\/pro.beautyproject.ch\/de\/wp-json\/wp\/v2\/pages\/5923\/revisions\/5941"}],"wp:attachment":[{"href":"https:\/\/pro.beautyproject.ch\/de\/wp-json\/wp\/v2\/media?parent=5923"}],"curies":[{"name":"wp","href":"https:\/\/api.w.org\/{rel}","templated":true}]}}