{"id":5649,"date":"2024-10-21T08:42:51","date_gmt":"2024-10-21T06:42:51","guid":{"rendered":"https:\/\/pro.beautyproject.ch\/prodotto\/kinetics-solargel-nagellack-mode-blau-159\/"},"modified":"2025-03-03T11:45:00","modified_gmt":"2025-03-03T10:45:00","slug":"kinetics-solargel-nagellack-mode-blau-159","status":"publish","type":"product","link":"https:\/\/pro.beautyproject.ch\/de\/produkt\/kinetics-solargel-nagellack-mode-blau-159\/","title":{"rendered":"Kinetics SolarGel Nail Polish Fashion Blue #159"},"content":{"rendered":"<p>Farbe: Ozeanblau<\/p>\n<p>Teil der Kollektion:<\/p>\n<p><strong> <\/strong><\/p>\n<p><strong>USE<\/strong><\/p>\n<p>1. Desinfizieren Sie Ihre H\u00e4nde mit Pro Hand Sanitiser Spray und f\u00fchren Sie eine Manik\u00fcre durch (dry mit Hilfe des Bohrers oder klassisch) und formen Sie die N\u00e4gel mit der Feile Miss Rhino (wei\u00dfe Seite). Eventuelles Abstumpfen der Folie k\u00f6nnen Sie mit der grauen Seite der Feile erledigen.<br \/>\n2. Reinigen Sie alle 10 N\u00e4gel mit einem Wattest\u00e4bchen, das mit Lizard Polish Remover getr\u00e4nkten Wattest\u00e4bchen, um \u00d6l- und Staubr\u00fcckst\u00e4nde zu entfernen, und tragen Sie einen Unterlack Ihrer Wahl auf, der auf jeden Nageltyp abgestimmt ist.<br \/>\n3. Tragen Sie eine leichte Schicht SolarGel Ihrer Wahl auf und achten Sie dabei darauf, auch den freien Rand zu versiegeln. Warten Sie etwa 2 Minuten, bis die Farbe perfekt getrocknet ist.<br \/>\n4. F\u00fcr eine ultrapigmentierte Abdeckung wiederholen Sie Schritt 3.<br \/>\n5. Tragen Sie Kwik-Kote (schnelltrocknend) oder alternativ den Solar Gel Top Coat (nur f\u00fcr Profis) auf, wobei Sie darauf achten, dass die Farbe vollst\u00e4ndig bedeckt ist, und warten Sie, bis das Produkt vollst\u00e4ndig getrocknet ist.<br \/>\nHinweis. Um das Trocknen des Nagellacks in nur 60 Sekunden zu beschleunigen Solar Gel Top Coat (nur f\u00fcr Profis) verwenden Sie Kwik Dry Drops zum Trocknen des Nagellacks.<br \/>\n6. Beenden Sie den Service, indem Sie den Nagellack in den Nagelhautring auftragen Orange, Almond o Lemon Cuticle Oil Achten Sie darauf, dass Sie die Nagelplatte nicht ber\u00fchren.<\/p>\n<p><strong>Entfernen<\/strong>: Entfernen Sie das Produkt mechanisch mit dem Cutter oder der Entfernungsfl\u00fcssigkeit. Kinetics Gel Polish Remover Red Lizard.<\/p>\n","protected":false},"excerpt":{"rendered":"<p>Ein Email mit Zweiphasenformel, das, umh\u00fcllt von einer kratzfesten Versiegelung, eine unvergleichliche Best\u00e4ndigkeit im Vergleich zu herk\u00f6mmlichen Emails garantiert: bis zu 10 Tage mit einem unglaublichen, ultra-gl\u00e4nzenden Effekt gel.<\/p>\n<p>Fashion Blue #159<\/p>\n","protected":false},"featured_media":2685,"template":"","meta":{"_acf_changed":false,"_seopress_robots_primary_cat":"","_seopress_titles_title":"","_seopress_titles_desc":"","_seopress_robots_index":"","_seopress_analysis_target_kw":""},"product_brand":[],"product_cat":[118],"product_tag":[],"class_list":{"0":"post-5649","1":"product","2":"type-product","3":"status-publish","4":"has-post-thumbnail","6":"product_cat-solargel-de","8":"first","9":"instock","10":"taxable","11":"shipping-taxable","12":"product-type-simple"},"acf":[],"jetpack_sharing_enabled":true,"_links":{"self":[{"href":"https:\/\/pro.beautyproject.ch\/de\/wp-json\/wp\/v2\/product\/5649","targetHints":{"allow":["GET"]}}],"collection":[{"href":"https:\/\/pro.beautyproject.ch\/de\/wp-json\/wp\/v2\/product"}],"about":[{"href":"https:\/\/pro.beautyproject.ch\/de\/wp-json\/wp\/v2\/types\/product"}],"wp:featuredmedia":[{"embeddable":true,"href":"https:\/\/pro.beautyproject.ch\/de\/wp-json\/wp\/v2\/media\/2685"}],"wp:attachment":[{"href":"https:\/\/pro.beautyproject.ch\/de\/wp-json\/wp\/v2\/media?parent=5649"}],"wp:term":[{"taxonomy":"product_brand","embeddable":true,"href":"https:\/\/pro.beautyproject.ch\/de\/wp-json\/wp\/v2\/product_brand?post=5649"},{"taxonomy":"product_cat","embeddable":true,"href":"https:\/\/pro.beautyproject.ch\/de\/wp-json\/wp\/v2\/product_cat?post=5649"},{"taxonomy":"product_tag","embeddable":true,"href":"https:\/\/pro.beautyproject.ch\/de\/wp-json\/wp\/v2\/product_tag?post=5649"}],"curies":[{"name":"wp","href":"https:\/\/api.w.org\/{rel}","templated":true}]}}