{"id":6093,"date":"2024-10-21T08:43:30","date_gmt":"2024-10-21T06:43:30","guid":{"rendered":"https:\/\/pro.beautyproject.ch\/prodotto\/kinetics-rose-gold-haerter-15ml\/"},"modified":"2025-10-26T09:39:28","modified_gmt":"2025-10-26T08:39:28","slug":"kinetics-rose-gold-haerter-15ml","status":"publish","type":"product","link":"https:\/\/pro.beautyproject.ch\/de\/produkt\/kinetics-rose-gold-haerter-15ml\/","title":{"rendered":"Kinetics Rose Gold Hardener 15ml"},"content":{"rendered":"<p class=\"p1\">Angereichert mit reinen Goldpartikeln, st\u00e4rkt es die Lamina und macht den Nagel glatt mit einem Perlglanzeffekt. Rosafarben mit zarten goldenen Reflexen. <\/p>\n<p>&nbsp;<\/p>\n<p><strong>USE<\/strong><\/p>\n<p>Allein:<br \/>\nTragen Sie eine Schicht auf und lassen Sie sie trocknen; tragen Sie dann eine zweite Schicht auf und lassen Sie sie trocknen.<\/p>\n<p>Mit SolarGel:<br \/>\nTragen Sie eine einzige Schicht auf und lassen Sie sie trocknen; fahren Sie dann mit der Anwendung des SolarGel-Systems fort.<\/p>\n","protected":false},"excerpt":{"rendered":"<p>Soforth\u00e4rter f\u00fcr schwache N\u00e4gel.<\/p>\n<p>15mL<\/p>\n","protected":false},"featured_media":5310,"template":"","meta":{"_acf_changed":false,"_seopress_robots_primary_cat":"","_seopress_titles_title":"","_seopress_titles_desc":"","_seopress_robots_index":"","_seopress_analysis_target_kw":""},"product_brand":[],"product_cat":[96],"product_tag":[],"class_list":{"0":"post-6093","1":"product","2":"type-product","3":"status-publish","4":"has-post-thumbnail","6":"product_cat-nail-treatments-de","8":"first","9":"outofstock","10":"taxable","11":"shipping-taxable","12":"product-type-simple"},"acf":[],"jetpack_sharing_enabled":true,"_links":{"self":[{"href":"https:\/\/pro.beautyproject.ch\/de\/wp-json\/wp\/v2\/product\/6093","targetHints":{"allow":["GET"]}}],"collection":[{"href":"https:\/\/pro.beautyproject.ch\/de\/wp-json\/wp\/v2\/product"}],"about":[{"href":"https:\/\/pro.beautyproject.ch\/de\/wp-json\/wp\/v2\/types\/product"}],"wp:featuredmedia":[{"embeddable":true,"href":"https:\/\/pro.beautyproject.ch\/de\/wp-json\/wp\/v2\/media\/5310"}],"wp:attachment":[{"href":"https:\/\/pro.beautyproject.ch\/de\/wp-json\/wp\/v2\/media?parent=6093"}],"wp:term":[{"taxonomy":"product_brand","embeddable":true,"href":"https:\/\/pro.beautyproject.ch\/de\/wp-json\/wp\/v2\/product_brand?post=6093"},{"taxonomy":"product_cat","embeddable":true,"href":"https:\/\/pro.beautyproject.ch\/de\/wp-json\/wp\/v2\/product_cat?post=6093"},{"taxonomy":"product_tag","embeddable":true,"href":"https:\/\/pro.beautyproject.ch\/de\/wp-json\/wp\/v2\/product_tag?post=6093"}],"curies":[{"name":"wp","href":"https:\/\/api.w.org\/{rel}","templated":true}]}}