{"id":6107,"date":"2024-10-21T08:43:29","date_gmt":"2024-10-21T06:43:29","guid":{"rendered":"https:\/\/pro.beautyproject.ch\/prodotto\/kinetics-mandel-nagelhautoel-15ml\/"},"modified":"2025-10-26T14:15:21","modified_gmt":"2025-10-26T13:15:21","slug":"kinetics-mandel-nagelhautoel-15ml","status":"publish","type":"product","link":"https:\/\/pro.beautyproject.ch\/de\/produkt\/kinetics-mandel-nagelhautoel-15ml\/","title":{"rendered":"Kinetics Almond Cuticle Oil 15ml"},"content":{"rendered":"<p>Ein t\u00e4gliches Produkt f\u00fcr gesunde N\u00e4gel und Nagelhaut. Das Nagelhaut\u00f6l f\u00f6rdert das Nagelwachstum, n\u00e4hrt die Nagelhaut und macht sie geschmeidig. Bei t\u00e4glicher Anwendung verbessert es den Zustand der N\u00e4gel, sorgt f\u00fcr eine gesunde und elastische Nagelhaut und pflegt trockene und gereizte Nagelhaut. Das \u00d6l ist in 3 verschiedenen Duftrichtungen erh\u00e4ltlich: Mandel, Orange und Zitrone. Alle \u00d6le haben die gleiche Wirkung.    <\/p>\n<p><strong>USE<\/strong><\/p>\n<p>Tragen Sie einen Tropfen Nagelhaut\u00f6l auf die Nagelhaut und die Nagelplatte auf. Massieren Sie es in sanft kreisenden Bewegungen ein. <\/p>\n","protected":false},"excerpt":{"rendered":"<p>Pflegendes Mandel\u00f6l f\u00fcr die Nagelhaut.<\/p>\n<p>15mL<\/p>\n","protected":false},"featured_media":7311,"template":"","meta":{"_acf_changed":false,"_seopress_robots_primary_cat":"","_seopress_titles_title":"","_seopress_titles_desc":"","_seopress_robots_index":"","_seopress_analysis_target_kw":""},"product_brand":[],"product_cat":[82],"product_tag":[],"class_list":{"0":"post-6107","1":"product","2":"type-product","3":"status-publish","4":"has-post-thumbnail","6":"product_cat-cuticle-treatments-de","8":"first","9":"instock","10":"taxable","11":"shipping-taxable","12":"product-type-simple"},"acf":[],"jetpack_sharing_enabled":true,"_links":{"self":[{"href":"https:\/\/pro.beautyproject.ch\/de\/wp-json\/wp\/v2\/product\/6107","targetHints":{"allow":["GET"]}}],"collection":[{"href":"https:\/\/pro.beautyproject.ch\/de\/wp-json\/wp\/v2\/product"}],"about":[{"href":"https:\/\/pro.beautyproject.ch\/de\/wp-json\/wp\/v2\/types\/product"}],"wp:featuredmedia":[{"embeddable":true,"href":"https:\/\/pro.beautyproject.ch\/de\/wp-json\/wp\/v2\/media\/7311"}],"wp:attachment":[{"href":"https:\/\/pro.beautyproject.ch\/de\/wp-json\/wp\/v2\/media?parent=6107"}],"wp:term":[{"taxonomy":"product_brand","embeddable":true,"href":"https:\/\/pro.beautyproject.ch\/de\/wp-json\/wp\/v2\/product_brand?post=6107"},{"taxonomy":"product_cat","embeddable":true,"href":"https:\/\/pro.beautyproject.ch\/de\/wp-json\/wp\/v2\/product_cat?post=6107"},{"taxonomy":"product_tag","embeddable":true,"href":"https:\/\/pro.beautyproject.ch\/de\/wp-json\/wp\/v2\/product_tag?post=6107"}],"curies":[{"name":"wp","href":"https:\/\/api.w.org\/{rel}","templated":true}]}}