{"id":6113,"date":"2024-10-21T08:43:29","date_gmt":"2024-10-21T06:43:29","guid":{"rendered":"https:\/\/pro.beautyproject.ch\/prodotto\/kinetics-traubenkern-nagelserum-15-ml\/"},"modified":"2025-10-28T09:23:41","modified_gmt":"2025-10-28T08:23:41","slug":"kinetics-traubenkern-nagelserum-15-ml","status":"publish","type":"product","link":"https:\/\/pro.beautyproject.ch\/de\/produkt\/kinetics-traubenkern-nagelserum-15-ml\/","title":{"rendered":"Kinetik Grapeseed Nail Serum 15 ml"},"content":{"rendered":"<p>Regenerierende Behandlung f\u00fcr die Nagelplatte, Nagelhaut und Nagelmatrix. Das leichte texture enth\u00e4lt 100% nat\u00fcrliche \u00d6le und zieht schnell in die Nagelplatte und Nagelhaut ein. Nach nur 20 Tagen t\u00e4glicher Anwendung stellt das Serum den gesunden Zustand der N\u00e4gel wieder her und verbessert den Zustand der Nagelhaut deutlich.  <\/p>\n<p>&nbsp;<\/p>\n<p><strong>AKTIVE BESTANDTEILE<\/strong><\/p>\n<p>&#8211; S\u00fc\u00dfes Mandel\u00f6l, um Feuchtigkeit zu spenden und zu n\u00e4hren;<br \/>\n&#8211; Vitamin E, um trockene und gereizte Haut zu pflegen;<br \/>\n&#8211; Traubenkern\u00f6l, um die Nagelplatte zu regenerieren und zu st\u00e4rken.<\/p>\n<p><strong>USE<\/strong><\/p>\n<p>Tragen Sie einen Tropfen des Nagelserums auf die Nagelhaut auf und massieren Sie es sanft in kreisenden Bewegungen, bis es eingezogen ist.<\/p>\n","protected":false},"excerpt":{"rendered":"<p class=\"p1\">Regenerierende Behandlung f\u00fcr die Nagelplatte, die Nagelmatrix und den Nagelhautbereich.<\/p>\n<p>15mL<\/p>\n","protected":false},"featured_media":7316,"template":"","meta":{"_acf_changed":false,"_seopress_robots_primary_cat":"","_seopress_titles_title":"","_seopress_titles_desc":"","_seopress_robots_index":"","_seopress_analysis_target_kw":""},"product_brand":[],"product_cat":[82],"product_tag":[],"class_list":{"0":"post-6113","1":"product","2":"type-product","3":"status-publish","4":"has-post-thumbnail","6":"product_cat-cuticle-treatments-de","8":"first","9":"instock","10":"taxable","11":"shipping-taxable","12":"product-type-simple"},"acf":[],"jetpack_sharing_enabled":true,"_links":{"self":[{"href":"https:\/\/pro.beautyproject.ch\/de\/wp-json\/wp\/v2\/product\/6113","targetHints":{"allow":["GET"]}}],"collection":[{"href":"https:\/\/pro.beautyproject.ch\/de\/wp-json\/wp\/v2\/product"}],"about":[{"href":"https:\/\/pro.beautyproject.ch\/de\/wp-json\/wp\/v2\/types\/product"}],"wp:featuredmedia":[{"embeddable":true,"href":"https:\/\/pro.beautyproject.ch\/de\/wp-json\/wp\/v2\/media\/7316"}],"wp:attachment":[{"href":"https:\/\/pro.beautyproject.ch\/de\/wp-json\/wp\/v2\/media?parent=6113"}],"wp:term":[{"taxonomy":"product_brand","embeddable":true,"href":"https:\/\/pro.beautyproject.ch\/de\/wp-json\/wp\/v2\/product_brand?post=6113"},{"taxonomy":"product_cat","embeddable":true,"href":"https:\/\/pro.beautyproject.ch\/de\/wp-json\/wp\/v2\/product_cat?post=6113"},{"taxonomy":"product_tag","embeddable":true,"href":"https:\/\/pro.beautyproject.ch\/de\/wp-json\/wp\/v2\/product_tag?post=6113"}],"curies":[{"name":"wp","href":"https:\/\/api.w.org\/{rel}","templated":true}]}}