{"id":6118,"date":"2024-10-21T08:43:29","date_gmt":"2024-10-21T06:43:29","guid":{"rendered":"https:\/\/pro.beautyproject.ch\/prodotto\/kinetics-cuticle-off-fast-action-nagelhautentferner-15ml\/"},"modified":"2025-03-03T10:42:24","modified_gmt":"2025-03-03T09:42:24","slug":"kinetics-cuticle-off-fast-action-nagelhautentferner-15ml","status":"publish","type":"product","link":"https:\/\/pro.beautyproject.ch\/de\/produkt\/kinetics-cuticle-off-fast-action-nagelhautentferner-15ml\/","title":{"rendered":"Kinetics Cuticle OFF Schnelle Wirkung Nagelhaut Remover 15ml"},"content":{"rendered":"<p>Schnell wirkende Formel, entfernt schnell abgestorbene Haut im Bereich der Nagelhaut. Enth\u00e4lt Aloe Vera-Extrakt, der sofort Feuchtigkeit spendet und die Haut beruhigt.<br \/>\nF\u00fcr den professionellen und privaten Gebrauch. <\/p>\n<p><strong>USE<\/strong><\/p>\n<p>1. Tragen Sie die Creme auf die Unterseite der N\u00e4gel auf und arbeiten Sie sanft um die Nagelhaut herum.<\/p>\n<p>2. Entfernen Sie die Nagelhaut mit einer Orangenstange oder einem Nagelhautschieber.<\/p>\n<p>3. Sp\u00fclen Sie das Produkt sofort ab, um eine Gelbf\u00e4rbung der N\u00e4gel und eine Reizung der Haut zu vermeiden.<\/p>\n","protected":false},"excerpt":{"rendered":"<p class=\"p1\">Professionelles Produkt mit intensiver Wirkung, entfernt die Nagelhaut und weicht Schwielen auf.<\/p>\n<p>15mL<\/p>\n","protected":false},"featured_media":5268,"template":"","meta":{"_acf_changed":false,"_seopress_robots_primary_cat":"","_seopress_titles_title":"","_seopress_titles_desc":"","_seopress_robots_index":"","_seopress_analysis_target_kw":""},"product_brand":[],"product_cat":[82],"product_tag":[],"class_list":{"0":"post-6118","1":"product","2":"type-product","3":"status-publish","4":"has-post-thumbnail","6":"product_cat-cuticle-treatments-de","8":"first","9":"instock","10":"taxable","11":"shipping-taxable","12":"product-type-simple"},"acf":[],"jetpack_sharing_enabled":true,"_links":{"self":[{"href":"https:\/\/pro.beautyproject.ch\/de\/wp-json\/wp\/v2\/product\/6118","targetHints":{"allow":["GET"]}}],"collection":[{"href":"https:\/\/pro.beautyproject.ch\/de\/wp-json\/wp\/v2\/product"}],"about":[{"href":"https:\/\/pro.beautyproject.ch\/de\/wp-json\/wp\/v2\/types\/product"}],"wp:featuredmedia":[{"embeddable":true,"href":"https:\/\/pro.beautyproject.ch\/de\/wp-json\/wp\/v2\/media\/5268"}],"wp:attachment":[{"href":"https:\/\/pro.beautyproject.ch\/de\/wp-json\/wp\/v2\/media?parent=6118"}],"wp:term":[{"taxonomy":"product_brand","embeddable":true,"href":"https:\/\/pro.beautyproject.ch\/de\/wp-json\/wp\/v2\/product_brand?post=6118"},{"taxonomy":"product_cat","embeddable":true,"href":"https:\/\/pro.beautyproject.ch\/de\/wp-json\/wp\/v2\/product_cat?post=6118"},{"taxonomy":"product_tag","embeddable":true,"href":"https:\/\/pro.beautyproject.ch\/de\/wp-json\/wp\/v2\/product_tag?post=6118"}],"curies":[{"name":"wp","href":"https:\/\/api.w.org\/{rel}","templated":true}]}}