{"id":6121,"date":"2024-10-21T08:43:29","date_gmt":"2024-10-21T06:43:29","guid":{"rendered":"https:\/\/pro.beautyproject.ch\/prodotto\/kinetics-touch-me-schuetzender-basislack-15-ml\/"},"modified":"2025-08-20T15:46:07","modified_gmt":"2025-08-20T13:46:07","slug":"kinetics-touch-me-schuetzender-basislack-15-ml","status":"publish","type":"product","link":"https:\/\/pro.beautyproject.ch\/de\/produkt\/kinetics-touch-me-schuetzender-basislack-15-ml\/","title":{"rendered":"Kinetics Touch Me Protecting Base Coat 15 ml"},"content":{"rendered":"<p>Der Touch Me Unterlack verbessert die Verbindung zwischen dem Naturnagel und der Farbe des SolarGel\u2122 Lacks und verl\u00e4ngert die Lebensdauer des Lacks um 1-2 Tage. Au\u00dferdem beseitigt er Unebenheiten auf der Oberfl\u00e4che des Naturnagels. <\/p>\n<p><strong>USE<\/strong><\/p>\n<p>Reinigen Sie die Nageloberfl\u00e4che gr\u00fcndlich mit einem Nagellackentferner auf Acetonbasis, z.B. Red Lizard, um \u00f6lige R\u00fcckst\u00e4nde zu entfernen und die Nageloberfl\u00e4che f\u00fcr das Auftragen des Nagellacks vorzubereiten. Denken Sie daran, dass die Haltbarkeit des Nagellacks direkt davon abh\u00e4ngt, wie gr\u00fcndlich die Nageloberfl\u00e4che gereinigt wird. <\/p>\n<p>Tragen Sie nun den Touch Me Unterlack auf und lassen Sie ihn zwei Minuten lang trocknen. Fahren Sie mit dem Auftragen der gew\u00fcnschten SolarGel\u2122 Nagellackfarbe fort. <\/p>\n","protected":false},"excerpt":{"rendered":"<p>Grundierung f\u00fcr SolarGel Emaille.<\/p>\n<p>15mL<\/p>\n","protected":false},"featured_media":5235,"template":"","meta":{"_acf_changed":false,"_seopress_robots_primary_cat":"","_seopress_titles_title":"","_seopress_titles_desc":"","_seopress_robots_index":"","_seopress_analysis_target_kw":""},"product_brand":[],"product_cat":[118],"product_tag":[],"class_list":{"0":"post-6121","1":"product","2":"type-product","3":"status-publish","4":"has-post-thumbnail","6":"product_cat-solargel-de","8":"first","9":"outofstock","10":"taxable","11":"shipping-taxable","12":"product-type-simple"},"acf":[],"jetpack_sharing_enabled":true,"_links":{"self":[{"href":"https:\/\/pro.beautyproject.ch\/de\/wp-json\/wp\/v2\/product\/6121","targetHints":{"allow":["GET"]}}],"collection":[{"href":"https:\/\/pro.beautyproject.ch\/de\/wp-json\/wp\/v2\/product"}],"about":[{"href":"https:\/\/pro.beautyproject.ch\/de\/wp-json\/wp\/v2\/types\/product"}],"wp:featuredmedia":[{"embeddable":true,"href":"https:\/\/pro.beautyproject.ch\/de\/wp-json\/wp\/v2\/media\/5235"}],"wp:attachment":[{"href":"https:\/\/pro.beautyproject.ch\/de\/wp-json\/wp\/v2\/media?parent=6121"}],"wp:term":[{"taxonomy":"product_brand","embeddable":true,"href":"https:\/\/pro.beautyproject.ch\/de\/wp-json\/wp\/v2\/product_brand?post=6121"},{"taxonomy":"product_cat","embeddable":true,"href":"https:\/\/pro.beautyproject.ch\/de\/wp-json\/wp\/v2\/product_cat?post=6121"},{"taxonomy":"product_tag","embeddable":true,"href":"https:\/\/pro.beautyproject.ch\/de\/wp-json\/wp\/v2\/product_tag?post=6121"}],"curies":[{"name":"wp","href":"https:\/\/api.w.org\/{rel}","templated":true}]}}