{"id":6126,"date":"2024-10-21T08:43:28","date_gmt":"2024-10-21T06:43:28","guid":{"rendered":"https:\/\/pro.beautyproject.ch\/prodotto\/kinetics-solargel-decklack-15ml\/"},"modified":"2025-03-03T11:48:59","modified_gmt":"2025-03-03T10:48:59","slug":"kinetics-solargel-decklack-15ml","status":"publish","type":"product","link":"https:\/\/pro.beautyproject.ch\/de\/produkt\/kinetics-solargel-decklack-15ml\/","title":{"rendered":"Kinetics SolarGel Top Coat 15ml"},"content":{"rendered":"<p>Die Top Coat SolarGel\u2122 Emaille h\u00e4lt bis zu zehn Tage. Es verleiht dem Zahnschmelz einen \u00fcberragenden Glanz, \u00e4hnlich dem von gel, und macht ihn lebendiger. <\/p>\n<p><strong>USE<\/strong><\/p>\n<p>Nachdem Sie die SolarGel\u2122 Farbe aufgetragen haben, lassen Sie sie zwei Minuten lang trocknen.<\/p>\n<p>Tragen Sie dann SolarGel\u2122 Top Coat und lassen Sie es trocknen. Die vollst\u00e4ndige Trocknungszeit betr\u00e4gt 10-15 Minuten und h\u00e4ngt von der Umgebungstemperatur und der Luftfeuchtigkeit ab. Um die Trocknung zu beschleunigen, verwenden Sie Kwik Dry Tropfen.  <\/p>\n","protected":false},"excerpt":{"rendered":"<p class=\"p1\">Eine extra-gl\u00e4nzende, kratzfeste Versiegelung garantiert die Haltbarkeit des SolarGel Nagellacks f\u00fcr bis zu 10 Tage, ohne dass eine LED\/UV-Lampe erforderlich ist.<\/p>\n<p>15mL<\/p>\n","protected":false},"featured_media":5277,"template":"","meta":{"_acf_changed":false,"_seopress_robots_primary_cat":"","_seopress_titles_title":"","_seopress_titles_desc":"","_seopress_robots_index":"","_seopress_analysis_target_kw":""},"product_brand":[],"product_cat":[118],"product_tag":[],"class_list":{"0":"post-6126","1":"product","2":"type-product","3":"status-publish","4":"has-post-thumbnail","6":"product_cat-solargel-de","8":"first","9":"instock","10":"taxable","11":"shipping-taxable","12":"product-type-simple"},"acf":[],"jetpack_sharing_enabled":true,"_links":{"self":[{"href":"https:\/\/pro.beautyproject.ch\/de\/wp-json\/wp\/v2\/product\/6126","targetHints":{"allow":["GET"]}}],"collection":[{"href":"https:\/\/pro.beautyproject.ch\/de\/wp-json\/wp\/v2\/product"}],"about":[{"href":"https:\/\/pro.beautyproject.ch\/de\/wp-json\/wp\/v2\/types\/product"}],"wp:featuredmedia":[{"embeddable":true,"href":"https:\/\/pro.beautyproject.ch\/de\/wp-json\/wp\/v2\/media\/5277"}],"wp:attachment":[{"href":"https:\/\/pro.beautyproject.ch\/de\/wp-json\/wp\/v2\/media?parent=6126"}],"wp:term":[{"taxonomy":"product_brand","embeddable":true,"href":"https:\/\/pro.beautyproject.ch\/de\/wp-json\/wp\/v2\/product_brand?post=6126"},{"taxonomy":"product_cat","embeddable":true,"href":"https:\/\/pro.beautyproject.ch\/de\/wp-json\/wp\/v2\/product_cat?post=6126"},{"taxonomy":"product_tag","embeddable":true,"href":"https:\/\/pro.beautyproject.ch\/de\/wp-json\/wp\/v2\/product_tag?post=6126"}],"curies":[{"name":"wp","href":"https:\/\/api.w.org\/{rel}","templated":true}]}}