{"id":6137,"date":"2024-10-21T08:43:25","date_gmt":"2024-10-21T06:43:25","guid":{"rendered":"https:\/\/pro.beautyproject.ch\/prodotto\/kinetics-solargel-politur-futuristisch-590\/"},"modified":"2025-03-03T10:42:45","modified_gmt":"2025-03-03T09:42:45","slug":"kinetics-solargel-politur-futuristisch-590","status":"publish","type":"product","link":"https:\/\/pro.beautyproject.ch\/de\/produkt\/kinetics-solargel-politur-futuristisch-590\/","title":{"rendered":"Kinetics SolarGel Politur Futuristic #590"},"content":{"rendered":"<p>F\u00e4rbung: Zartblauer Glitter<\/p>\n","protected":false},"excerpt":{"rendered":"<p>Ein Email mit Zweiphasenformel, das, umh\u00fcllt von einer kratzfesten Versiegelung, eine unvergleichliche Best\u00e4ndigkeit im Vergleich zu herk\u00f6mmlichen Emails garantiert: bis zu 10 Tage mit einem unglaublichen, ultra-gl\u00e4nzenden Effekt gel.<\/p>\n<p>Futuristic #590<\/p>\n","protected":false},"featured_media":3531,"template":"","meta":{"_acf_changed":false,"_seopress_robots_primary_cat":"none","_seopress_titles_title":"","_seopress_titles_desc":"","_seopress_robots_index":"","_seopress_analysis_target_kw":""},"product_brand":[],"product_cat":[118],"product_tag":[],"class_list":{"0":"post-6137","1":"product","2":"type-product","3":"status-publish","4":"has-post-thumbnail","6":"product_cat-solargel-de","8":"first","9":"instock","10":"taxable","11":"shipping-taxable","12":"product-type-simple"},"acf":[],"jetpack_sharing_enabled":true,"_links":{"self":[{"href":"https:\/\/pro.beautyproject.ch\/de\/wp-json\/wp\/v2\/product\/6137","targetHints":{"allow":["GET"]}}],"collection":[{"href":"https:\/\/pro.beautyproject.ch\/de\/wp-json\/wp\/v2\/product"}],"about":[{"href":"https:\/\/pro.beautyproject.ch\/de\/wp-json\/wp\/v2\/types\/product"}],"wp:featuredmedia":[{"embeddable":true,"href":"https:\/\/pro.beautyproject.ch\/de\/wp-json\/wp\/v2\/media\/3531"}],"wp:attachment":[{"href":"https:\/\/pro.beautyproject.ch\/de\/wp-json\/wp\/v2\/media?parent=6137"}],"wp:term":[{"taxonomy":"product_brand","embeddable":true,"href":"https:\/\/pro.beautyproject.ch\/de\/wp-json\/wp\/v2\/product_brand?post=6137"},{"taxonomy":"product_cat","embeddable":true,"href":"https:\/\/pro.beautyproject.ch\/de\/wp-json\/wp\/v2\/product_cat?post=6137"},{"taxonomy":"product_tag","embeddable":true,"href":"https:\/\/pro.beautyproject.ch\/de\/wp-json\/wp\/v2\/product_tag?post=6137"}],"curies":[{"name":"wp","href":"https:\/\/api.w.org\/{rel}","templated":true}]}}