{"id":6140,"date":"2024-10-21T08:43:25","date_gmt":"2024-10-21T06:43:25","guid":{"rendered":"https:\/\/pro.beautyproject.ch\/prodotto\/kinetics-solargel-politur-verschwoerung-593\/"},"modified":"2025-03-03T11:49:04","modified_gmt":"2025-03-03T10:49:04","slug":"kinetics-solargel-politur-verschwoerung-593","status":"publish","type":"product","link":"https:\/\/pro.beautyproject.ch\/de\/produkt\/kinetics-solargel-politur-verschwoerung-593\/","title":{"rendered":"Kinetics SolarGel Politur Conspiracy #593"},"content":{"rendered":"<p>F\u00e4rbung: Tiefblau mit gr\u00fcnem Glitter<\/p>\n","protected":false},"excerpt":{"rendered":"<p>Ein Email mit Zweiphasenformel, das, umh\u00fcllt von einer kratzfesten Versiegelung, eine unvergleichliche Best\u00e4ndigkeit im Vergleich zu herk\u00f6mmlichen Emails garantiert: bis zu 10 Tage mit einem unglaublichen, ultra-gl\u00e4nzenden Effekt gel.<\/p>\n<p>Conspiracy #593<\/p>\n","protected":false},"featured_media":3540,"template":"","meta":{"_acf_changed":false,"_seopress_robots_primary_cat":"none","_seopress_titles_title":"","_seopress_titles_desc":"","_seopress_robots_index":"","_seopress_analysis_target_kw":""},"product_brand":[],"product_cat":[118],"product_tag":[],"class_list":{"0":"post-6140","1":"product","2":"type-product","3":"status-publish","4":"has-post-thumbnail","6":"product_cat-solargel-de","8":"first","9":"instock","10":"taxable","11":"shipping-taxable","12":"product-type-simple"},"acf":[],"jetpack_sharing_enabled":true,"_links":{"self":[{"href":"https:\/\/pro.beautyproject.ch\/de\/wp-json\/wp\/v2\/product\/6140","targetHints":{"allow":["GET"]}}],"collection":[{"href":"https:\/\/pro.beautyproject.ch\/de\/wp-json\/wp\/v2\/product"}],"about":[{"href":"https:\/\/pro.beautyproject.ch\/de\/wp-json\/wp\/v2\/types\/product"}],"wp:featuredmedia":[{"embeddable":true,"href":"https:\/\/pro.beautyproject.ch\/de\/wp-json\/wp\/v2\/media\/3540"}],"wp:attachment":[{"href":"https:\/\/pro.beautyproject.ch\/de\/wp-json\/wp\/v2\/media?parent=6140"}],"wp:term":[{"taxonomy":"product_brand","embeddable":true,"href":"https:\/\/pro.beautyproject.ch\/de\/wp-json\/wp\/v2\/product_brand?post=6140"},{"taxonomy":"product_cat","embeddable":true,"href":"https:\/\/pro.beautyproject.ch\/de\/wp-json\/wp\/v2\/product_cat?post=6140"},{"taxonomy":"product_tag","embeddable":true,"href":"https:\/\/pro.beautyproject.ch\/de\/wp-json\/wp\/v2\/product_tag?post=6140"}],"curies":[{"name":"wp","href":"https:\/\/api.w.org\/{rel}","templated":true}]}}