{"id":6243,"date":"2024-10-21T08:44:20","date_gmt":"2024-10-21T06:44:20","guid":{"rendered":"https:\/\/pro.beautyproject.ch\/prodotto\/kinetics-professional-hand-care-rich-cream-150ml\/"},"modified":"2025-03-03T11:49:58","modified_gmt":"2025-03-03T10:49:58","slug":"kinetics-professional-hand-care-rich-cream-150ml","status":"publish","type":"product","link":"https:\/\/pro.beautyproject.ch\/de\/produkt\/kinetics-professional-hand-care-rich-cream-150ml\/","title":{"rendered":"Kinetics Professional Hand Care Rich Cream 150ml"},"content":{"rendered":"<p>Reichhaltige Creme, die der Haut der H\u00e4nde viel Feuchtigkeit spendet und sie n\u00e4hrt.<\/p>\n<p>Urea und Sheabutter in Kombination mit Argan\u00f6l bilden eine \u00e4u\u00dferst wirksame Formel, die die H\u00e4nde sch\u00fctzt, n\u00e4hrt und mit Feuchtigkeit versorgt.<\/p>\n<p>Urea hilft dem Argan\u00f6l, tiefer einzuziehen, w\u00e4hrend es in Synergie mit Sheabutter ein gesundes Umfeld f\u00fcr die Haut schafft. Letztere schlie\u00dft die Feuchtigkeit in den oberen Hautschichten ein und h\u00e4lt sie f\u00fcr mehrere Stunden mit Feuchtigkeit versorgt. <\/p>\n<p>Anwendung: Tragen Sie eine kleine Menge der Creme auf beide H\u00e4nde auf. Massieren Sie sie in die Haut ein, bis sie vollst\u00e4ndig eingezogen ist. F\u00fcr die t\u00e4gliche Anwendung geeignet.  <\/p>\n","protected":false},"excerpt":{"rendered":"<p>Intensiv n\u00e4hrende Handcreme mit Urea, Argan\u00f6l und Sheabutter.<\/p>\n<p>150mL<\/p>\n","protected":false},"featured_media":4956,"template":"","meta":{"_acf_changed":false,"_seopress_robots_primary_cat":"","_seopress_titles_title":"","_seopress_titles_desc":"","_seopress_robots_index":"","_seopress_analysis_target_kw":""},"product_brand":[],"product_cat":[116],"product_tag":[],"class_list":{"0":"post-6243","1":"product","2":"type-product","3":"status-publish","4":"has-post-thumbnail","6":"product_cat-skin-care-de","8":"first","9":"instock","10":"taxable","11":"shipping-taxable","12":"product-type-simple"},"acf":[],"jetpack_sharing_enabled":true,"_links":{"self":[{"href":"https:\/\/pro.beautyproject.ch\/de\/wp-json\/wp\/v2\/product\/6243","targetHints":{"allow":["GET"]}}],"collection":[{"href":"https:\/\/pro.beautyproject.ch\/de\/wp-json\/wp\/v2\/product"}],"about":[{"href":"https:\/\/pro.beautyproject.ch\/de\/wp-json\/wp\/v2\/types\/product"}],"wp:featuredmedia":[{"embeddable":true,"href":"https:\/\/pro.beautyproject.ch\/de\/wp-json\/wp\/v2\/media\/4956"}],"wp:attachment":[{"href":"https:\/\/pro.beautyproject.ch\/de\/wp-json\/wp\/v2\/media?parent=6243"}],"wp:term":[{"taxonomy":"product_brand","embeddable":true,"href":"https:\/\/pro.beautyproject.ch\/de\/wp-json\/wp\/v2\/product_brand?post=6243"},{"taxonomy":"product_cat","embeddable":true,"href":"https:\/\/pro.beautyproject.ch\/de\/wp-json\/wp\/v2\/product_cat?post=6243"},{"taxonomy":"product_tag","embeddable":true,"href":"https:\/\/pro.beautyproject.ch\/de\/wp-json\/wp\/v2\/product_tag?post=6243"}],"curies":[{"name":"wp","href":"https:\/\/api.w.org\/{rel}","templated":true}]}}