{"id":6247,"date":"2025-02-21T08:44:20","date_gmt":"2025-02-21T07:44:20","guid":{"rendered":"https:\/\/pro.beautyproject.ch\/prodotto\/kinetics-pedikuere-hornhautspray-150ml\/"},"modified":"2025-03-03T11:49:54","modified_gmt":"2025-03-03T10:49:54","slug":"kinetics-pedikuere-hornhautspray-150ml","status":"publish","type":"product","link":"https:\/\/pro.beautyproject.ch\/de\/produkt\/kinetics-pedikuere-hornhautspray-150ml\/","title":{"rendered":"Kinetics Pedicure Callus Spray 150ml"},"content":{"rendered":"<p>Produkt zur Entfernung von Hornhaut und zur Fu\u00dfpflege.<\/p>\n<p><strong>AKTIONEN<\/strong><\/p>\n<p>&#8211; 10% Harnstoff und Milchs\u00e4ure, die H\u00fchneraugen schnell entfernen und die Haut feucht und weich machen;<br \/>\n&#8211; Das Spray ist schnell und einfach in der Anwendung und bedeckt den gesamten Fu\u00df in Sekundenschnelle;<br \/>\n&#8211; Sanft, muss nicht abgesp\u00fclt werden: Im Gegensatz zu anderen \u00e4hnlichen Produkten enth\u00e4lt dieses Spray keine Alkalien, die die Haut verbrennen k\u00f6nnen; es muss daher nicht abgesp\u00fclt werden und ist auch f\u00fcr empfindliche Haut nicht reizend.<\/p>\n<p>F\u00fcr Diabetiker geeignet.<\/p>\n","protected":false},"excerpt":{"rendered":"<p>Produkt zur Entfernung von H\u00fchneraugen, im praktischen Sprayformat.<\/p>\n<p>150mL<\/p>\n","protected":false},"featured_media":4941,"template":"","meta":{"_acf_changed":false,"_seopress_robots_primary_cat":"","_seopress_titles_title":"","_seopress_titles_desc":"","_seopress_robots_index":"","_seopress_analysis_target_kw":""},"product_brand":[],"product_cat":[116],"product_tag":[],"class_list":{"0":"post-6247","1":"product","2":"type-product","3":"status-publish","4":"has-post-thumbnail","6":"product_cat-skin-care-de","8":"first","9":"instock","10":"taxable","11":"shipping-taxable","12":"product-type-simple"},"acf":[],"jetpack_sharing_enabled":true,"_links":{"self":[{"href":"https:\/\/pro.beautyproject.ch\/de\/wp-json\/wp\/v2\/product\/6247","targetHints":{"allow":["GET"]}}],"collection":[{"href":"https:\/\/pro.beautyproject.ch\/de\/wp-json\/wp\/v2\/product"}],"about":[{"href":"https:\/\/pro.beautyproject.ch\/de\/wp-json\/wp\/v2\/types\/product"}],"wp:featuredmedia":[{"embeddable":true,"href":"https:\/\/pro.beautyproject.ch\/de\/wp-json\/wp\/v2\/media\/4941"}],"wp:attachment":[{"href":"https:\/\/pro.beautyproject.ch\/de\/wp-json\/wp\/v2\/media?parent=6247"}],"wp:term":[{"taxonomy":"product_brand","embeddable":true,"href":"https:\/\/pro.beautyproject.ch\/de\/wp-json\/wp\/v2\/product_brand?post=6247"},{"taxonomy":"product_cat","embeddable":true,"href":"https:\/\/pro.beautyproject.ch\/de\/wp-json\/wp\/v2\/product_cat?post=6247"},{"taxonomy":"product_tag","embeddable":true,"href":"https:\/\/pro.beautyproject.ch\/de\/wp-json\/wp\/v2\/product_tag?post=6247"}],"curies":[{"name":"wp","href":"https:\/\/api.w.org\/{rel}","templated":true}]}}