{"id":6254,"date":"2024-10-21T08:44:20","date_gmt":"2024-10-21T06:44:20","guid":{"rendered":"https:\/\/pro.beautyproject.ch\/prodotto\/kinetics-professionelle-handpflege-sonnenschutzcreme-150ml\/"},"modified":"2025-03-03T11:49:59","modified_gmt":"2025-03-03T10:49:59","slug":"kinetics-professionelle-handpflege-sonnenschutzcreme-150ml","status":"publish","type":"product","link":"https:\/\/pro.beautyproject.ch\/de\/produkt\/kinetics-professionelle-handpflege-sonnenschutzcreme-150ml\/","title":{"rendered":"Kinetics Professional Hand Care SunCare Cream 150ml"},"content":{"rendered":"<p>Creme mit cremigem und leichtem texture ein samtig-weiches Gef\u00fchl. Unglaublich feuchtigkeitsspendende Creme, die einen UVA- und UVB-Schutz SPF 20 bietet. <\/p>\n<p>Einfach zu verwendende UV-Filter der neuen Generation, die keine toxikologische Gefahr darstellen.<\/p>\n<p><strong>USE<\/strong><\/p>\n<p>Verwenden Sie eine kleine Menge der Creme auf beiden H\u00e4nden. Massieren Sie sie in die Haut ein, bis sie vollst\u00e4ndig eingezogen ist. F\u00fcr die t\u00e4gliche Anwendung geeignet.  <\/p>\n<p><strong>WARNUNGEN<\/strong><\/p>\n<p>Es wird empfohlen, l\u00e4ngere Sonneneinstrahlung oder UVA- und UVB-Strahlung zu vermeiden, auch wenn Sie Sonnenschutzmittel verwenden.<\/p>\n","protected":false},"excerpt":{"rendered":"<div id=\"product-description-short-5025\" class=\"rte-content product-description\">\n<p>Creme mit texture light, hinterl\u00e4sst ein samtig-weiches Gef\u00fchl. Unglaublich feuchtigkeitsspendende Creme, die UVA- und UVB-Schutz bietet, LSF 20. <\/p>\n<\/div>\n","protected":false},"featured_media":4950,"template":"","meta":{"_acf_changed":false,"_seopress_robots_primary_cat":"","_seopress_titles_title":"","_seopress_titles_desc":"","_seopress_robots_index":"","_seopress_analysis_target_kw":""},"product_brand":[],"product_cat":[116],"product_tag":[],"class_list":{"0":"post-6254","1":"product","2":"type-product","3":"status-publish","4":"has-post-thumbnail","6":"product_cat-skin-care-de","8":"first","9":"instock","10":"taxable","11":"shipping-taxable","12":"product-type-simple"},"acf":[],"jetpack_sharing_enabled":true,"_links":{"self":[{"href":"https:\/\/pro.beautyproject.ch\/de\/wp-json\/wp\/v2\/product\/6254","targetHints":{"allow":["GET"]}}],"collection":[{"href":"https:\/\/pro.beautyproject.ch\/de\/wp-json\/wp\/v2\/product"}],"about":[{"href":"https:\/\/pro.beautyproject.ch\/de\/wp-json\/wp\/v2\/types\/product"}],"wp:featuredmedia":[{"embeddable":true,"href":"https:\/\/pro.beautyproject.ch\/de\/wp-json\/wp\/v2\/media\/4950"}],"wp:attachment":[{"href":"https:\/\/pro.beautyproject.ch\/de\/wp-json\/wp\/v2\/media?parent=6254"}],"wp:term":[{"taxonomy":"product_brand","embeddable":true,"href":"https:\/\/pro.beautyproject.ch\/de\/wp-json\/wp\/v2\/product_brand?post=6254"},{"taxonomy":"product_cat","embeddable":true,"href":"https:\/\/pro.beautyproject.ch\/de\/wp-json\/wp\/v2\/product_cat?post=6254"},{"taxonomy":"product_tag","embeddable":true,"href":"https:\/\/pro.beautyproject.ch\/de\/wp-json\/wp\/v2\/product_tag?post=6254"}],"curies":[{"name":"wp","href":"https:\/\/api.w.org\/{rel}","templated":true}]}}