{"id":6264,"date":"2025-02-21T08:46:20","date_gmt":"2025-02-21T07:46:20","guid":{"rendered":"https:\/\/pro.beautyproject.ch\/prodotto\/kinetics-handkoerperlotion-feige-veilchen-250ml\/"},"modified":"2025-03-03T11:50:12","modified_gmt":"2025-03-03T10:50:12","slug":"kinetics-handkoerperlotion-feige-veilchen-250ml","status":"publish","type":"product","link":"https:\/\/pro.beautyproject.ch\/de\/produkt\/kinetics-handkoerperlotion-feige-veilchen-250ml\/","title":{"rendered":"Kinetics Hand&amp;Body Lotion Fig &amp; Violet 250ml"},"content":{"rendered":"<p>Parf\u00fcm: Feige und Veilchen<\/p>\n<p>Parf\u00fcmierte Lotion von texture ultraleicht, angereichert mit Sheabutter, Vitamin E und \u00e4therischen \u00d6len aus Grasse, Frankreich. Feuchtigkeitsspendend 24 Stunden am Tag. <\/p>\n<p>&nbsp;<\/p>\n<p><strong>PERFUME<\/strong><\/p>\n<p>Ein sinnlicher Duft, der mit einer fruchtigen Mischung aus Feige, Himbeere und Mandarine er\u00f6ffnet, gefolgt von Veilchen und Rose in der Herznote. Die Endnoten aus wei\u00dfem Moschus und Karamell machen ihn zu einem orientalisch-blumigen Duft mit genau der richtigen Menge an S\u00fc\u00dfe. <\/p>\n<p><strong>Kopfnoten<\/strong>: Feige, Himbeere, Mandarine.<\/p>\n<p><strong>Herznote<\/strong>: Veilchen, Rose, Pfirsich.<\/p>\n<p><strong>Basisnoten<\/strong>: Wei\u00dfer Moschus, Amber, Karamell.<\/p>\n<p><strong>Riechende Familie<\/strong>: Orientalisch<\/p>\n<p>&nbsp;<\/p>\n<p><strong>USE<\/strong><\/p>\n<p>Tragen Sie die Creme ein- bis zweimal t\u00e4glich auf die Handfl\u00e4chen und Arme auf und massieren Sie sie ein. Falls erforderlich, tragen Sie sie \u00f6fter auf. Die parf\u00fcmierte Lotion kann am ganzen K\u00f6rper verwendet werden.  <\/p>\n","protected":false},"excerpt":{"rendered":"<p>Parf\u00fcmierte Lotion von texture Ultraleicht, angereichert mit Sheabutter, Vitamin E und \u00e4therischen \u00d6len von Grasse, Frankreich.<\/p>\n<p>250mL<\/p>\n","protected":false},"featured_media":4755,"template":"","meta":{"_acf_changed":false,"_seopress_robots_primary_cat":"","_seopress_titles_title":"","_seopress_titles_desc":"","_seopress_robots_index":"","_seopress_analysis_target_kw":""},"product_brand":[],"product_cat":[116],"product_tag":[],"class_list":{"0":"post-6264","1":"product","2":"type-product","3":"status-publish","4":"has-post-thumbnail","6":"product_cat-skin-care-de","8":"first","9":"instock","10":"taxable","11":"shipping-taxable","12":"product-type-simple"},"acf":[],"jetpack_sharing_enabled":true,"_links":{"self":[{"href":"https:\/\/pro.beautyproject.ch\/de\/wp-json\/wp\/v2\/product\/6264","targetHints":{"allow":["GET"]}}],"collection":[{"href":"https:\/\/pro.beautyproject.ch\/de\/wp-json\/wp\/v2\/product"}],"about":[{"href":"https:\/\/pro.beautyproject.ch\/de\/wp-json\/wp\/v2\/types\/product"}],"wp:featuredmedia":[{"embeddable":true,"href":"https:\/\/pro.beautyproject.ch\/de\/wp-json\/wp\/v2\/media\/4755"}],"wp:attachment":[{"href":"https:\/\/pro.beautyproject.ch\/de\/wp-json\/wp\/v2\/media?parent=6264"}],"wp:term":[{"taxonomy":"product_brand","embeddable":true,"href":"https:\/\/pro.beautyproject.ch\/de\/wp-json\/wp\/v2\/product_brand?post=6264"},{"taxonomy":"product_cat","embeddable":true,"href":"https:\/\/pro.beautyproject.ch\/de\/wp-json\/wp\/v2\/product_cat?post=6264"},{"taxonomy":"product_tag","embeddable":true,"href":"https:\/\/pro.beautyproject.ch\/de\/wp-json\/wp\/v2\/product_tag?post=6264"}],"curies":[{"name":"wp","href":"https:\/\/api.w.org\/{rel}","templated":true}]}}