{"id":6269,"date":"2025-02-21T08:48:20","date_gmt":"2025-02-21T07:48:20","guid":{"rendered":"https:\/\/pro.beautyproject.ch\/prodotto\/kinetics-parfuemierte-lotion-cranberry-pfirsichbaumbluete-250ml\/"},"modified":"2025-03-03T11:50:10","modified_gmt":"2025-03-03T10:50:10","slug":"kinetics-parfuemierte-lotion-cranberry-pfirsichbaumbluete-250ml","status":"publish","type":"product","link":"https:\/\/pro.beautyproject.ch\/de\/produkt\/kinetics-parfuemierte-lotion-cranberry-pfirsichbaumbluete-250ml\/","title":{"rendered":"Kinetics Perfumed Lotion Cranberry &amp; Peach tree flower 250ml"},"content":{"rendered":"<p>Duft: Cranberry und Pfirsichbl\u00fcte<\/p>\n<p>Parf\u00fcmierte Lotion von texture ultraleicht, angereichert mit Sheabutter, Vitamin E und \u00e4therischen \u00d6len aus Grasse, Frankreich. Feuchtigkeitsspendend 24 Stunden am Tag. <\/p>\n<p><strong>PERFUME<\/strong><\/p>\n<p>Ein k\u00f6stlicher Duft, der fruchtige Kopfnoten wie Cranberry und Pfirsichbl\u00fcte mit einer Vielzahl von blumigen Herznoten wie Rose und Veilchen kombiniert. Die Endnoten aus Karamell und Amber verleihen diesem femininen Alltagsduft W\u00e4rme und Tiefe. <\/p>\n<p><strong>Kopfnoten<\/strong>: Himbeere, Schwarze Johannisbeere, Cranberry, Pfirsichbl\u00fcte.<\/p>\n<p><strong>Herznote<\/strong>: Rose, Veilchen, Wildblumen, Kiefernnadeln.<\/p>\n<p><strong>Basisnoten<\/strong>: Karamell, Bernsteint\u00f6ne.<\/p>\n<p><strong>Riechende Familie<\/strong>: Blumig<\/p>\n<p>&nbsp;<\/p>\n<p><strong>USE<\/strong><\/p>\n<p>Tragen Sie die Creme ein- bis zweimal t\u00e4glich auf die Handfl\u00e4chen und Arme auf und massieren Sie sie ein. Falls erforderlich, tragen Sie sie \u00f6fter auf. Die parf\u00fcmierte Lotion kann am ganzen K\u00f6rper verwendet werden.  <\/p>\n","protected":false},"excerpt":{"rendered":"<p>Parf\u00fcmierte Lotion von texture Ultraleicht, angereichert mit Sheabutter, Vitamin E und \u00e4therischen \u00d6len von Grasse, Frankreich.<\/p>\n<p>250mL<\/p>\n","protected":false},"featured_media":4758,"template":"","meta":{"_acf_changed":false,"_seopress_robots_primary_cat":"","_seopress_titles_title":"","_seopress_titles_desc":"","_seopress_robots_index":"","_seopress_analysis_target_kw":""},"product_brand":[],"product_cat":[116],"product_tag":[],"class_list":{"0":"post-6269","1":"product","2":"type-product","3":"status-publish","4":"has-post-thumbnail","6":"product_cat-skin-care-de","8":"first","9":"instock","10":"taxable","11":"shipping-taxable","12":"product-type-simple"},"acf":[],"jetpack_sharing_enabled":true,"_links":{"self":[{"href":"https:\/\/pro.beautyproject.ch\/de\/wp-json\/wp\/v2\/product\/6269","targetHints":{"allow":["GET"]}}],"collection":[{"href":"https:\/\/pro.beautyproject.ch\/de\/wp-json\/wp\/v2\/product"}],"about":[{"href":"https:\/\/pro.beautyproject.ch\/de\/wp-json\/wp\/v2\/types\/product"}],"wp:featuredmedia":[{"embeddable":true,"href":"https:\/\/pro.beautyproject.ch\/de\/wp-json\/wp\/v2\/media\/4758"}],"wp:attachment":[{"href":"https:\/\/pro.beautyproject.ch\/de\/wp-json\/wp\/v2\/media?parent=6269"}],"wp:term":[{"taxonomy":"product_brand","embeddable":true,"href":"https:\/\/pro.beautyproject.ch\/de\/wp-json\/wp\/v2\/product_brand?post=6269"},{"taxonomy":"product_cat","embeddable":true,"href":"https:\/\/pro.beautyproject.ch\/de\/wp-json\/wp\/v2\/product_cat?post=6269"},{"taxonomy":"product_tag","embeddable":true,"href":"https:\/\/pro.beautyproject.ch\/de\/wp-json\/wp\/v2\/product_tag?post=6269"}],"curies":[{"name":"wp","href":"https:\/\/api.w.org\/{rel}","templated":true}]}}