{"id":6276,"date":"2025-02-21T08:44:19","date_gmt":"2025-02-21T07:44:19","guid":{"rendered":"https:\/\/pro.beautyproject.ch\/prodotto\/kinetics-handkoerperlotion-gruener-apfel-jasmin-250ml\/"},"modified":"2026-02-10T15:36:11","modified_gmt":"2026-02-10T14:36:11","slug":"kinetics-handkoerperlotion-gruener-apfel-jasmin-250ml","status":"publish","type":"product","link":"https:\/\/pro.beautyproject.ch\/de\/produkt\/kinetics-handkoerperlotion-gruener-apfel-jasmin-250ml\/","title":{"rendered":"Kinetics Hand&amp;Body Lotion Green Apple &amp; Jasmin 250ml"},"content":{"rendered":"<p>Parf\u00fcm: Gr\u00fcner Apfel und Jasmin<\/p>\n<p>Parf\u00fcmierte Lotion von texture ultraleicht, angereichert mit Sheabutter, Vitamin E und \u00e4therischen \u00d6len aus Grasse, Frankreich. Feuchtigkeitsspendend 24 Stunden am Tag. <\/p>\n<p><strong>PERFUME<\/strong><\/p>\n<p>Dieser frische und fruchtige Duft f\u00fcr jeden Tag erinnert an einen sonnigen Tag oder ein Picknick im Park und er\u00f6ffnet mit einer Explosion von Zitrusfr\u00fcchten und gr\u00fcnem Apfel. Mit der Zeit entwickelt sich dieser herrliche Duft zu einer warmen und eleganten Mischung aus blumigen und holzigen Noten. <\/p>\n<p><strong>Kopfnoten<\/strong>: Zitrone, Bergamotte, Orange, Eisenkraut, Gr\u00fcner Apfel.<\/p>\n<p><strong>Herznote<\/strong>: Bambus, Jasmin, Veilchen, Rose.<\/p>\n<p><strong>Basisnoten<\/strong>: Zedernholz, Wei\u00dfer Moschus, Amber, Sandelholz.<\/p>\n<p><strong>Geruchsfamilie<\/strong>: Frisch<\/p>\n<p>&nbsp;<\/p>\n<p><strong>USE<\/strong><\/p>\n<p>Tragen Sie die Creme ein- bis zweimal t\u00e4glich auf die Handfl\u00e4chen und Arme auf und massieren Sie sie ein. Falls erforderlich, tragen Sie sie \u00f6fter auf. Die parf\u00fcmierte Lotion kann am ganzen K\u00f6rper verwendet werden.  <\/p>\n","protected":false},"excerpt":{"rendered":"<p>Parf\u00fcmierte Lotion von texture Ultraleicht, angereichert mit Sheabutter, Vitamin E und \u00e4therischen \u00d6len von Grasse, Frankreich.<\/p>\n<p>250mL<\/p>\n","protected":false},"featured_media":4749,"template":"","meta":{"_acf_changed":false,"_seopress_robots_primary_cat":"","_seopress_titles_title":"","_seopress_titles_desc":"","_seopress_robots_index":"","_seopress_analysis_target_kw":""},"product_brand":[],"product_cat":[116],"product_tag":[],"class_list":{"0":"post-6276","1":"product","2":"type-product","3":"status-publish","4":"has-post-thumbnail","6":"product_cat-skin-care-de","8":"first","9":"instock","10":"taxable","11":"shipping-taxable","12":"product-type-simple"},"acf":[],"jetpack_sharing_enabled":true,"_links":{"self":[{"href":"https:\/\/pro.beautyproject.ch\/de\/wp-json\/wp\/v2\/product\/6276","targetHints":{"allow":["GET"]}}],"collection":[{"href":"https:\/\/pro.beautyproject.ch\/de\/wp-json\/wp\/v2\/product"}],"about":[{"href":"https:\/\/pro.beautyproject.ch\/de\/wp-json\/wp\/v2\/types\/product"}],"wp:featuredmedia":[{"embeddable":true,"href":"https:\/\/pro.beautyproject.ch\/de\/wp-json\/wp\/v2\/media\/4749"}],"wp:attachment":[{"href":"https:\/\/pro.beautyproject.ch\/de\/wp-json\/wp\/v2\/media?parent=6276"}],"wp:term":[{"taxonomy":"product_brand","embeddable":true,"href":"https:\/\/pro.beautyproject.ch\/de\/wp-json\/wp\/v2\/product_brand?post=6276"},{"taxonomy":"product_cat","embeddable":true,"href":"https:\/\/pro.beautyproject.ch\/de\/wp-json\/wp\/v2\/product_cat?post=6276"},{"taxonomy":"product_tag","embeddable":true,"href":"https:\/\/pro.beautyproject.ch\/de\/wp-json\/wp\/v2\/product_tag?post=6276"}],"curies":[{"name":"wp","href":"https:\/\/api.w.org\/{rel}","templated":true}]}}