{"id":6287,"date":"2025-02-20T08:45:19","date_gmt":"2025-02-20T07:45:19","guid":{"rendered":"https:\/\/pro.beautyproject.ch\/prodotto\/kinetics-frangipanisizilianische-zitrone-lotion-950-ml\/"},"modified":"2025-03-03T11:50:27","modified_gmt":"2025-03-03T10:50:27","slug":"kinetics-frangipanisizilianische-zitrone-lotion-950-ml","status":"publish","type":"product","link":"https:\/\/pro.beautyproject.ch\/de\/produkt\/kinetics-frangipanisizilianische-zitrone-lotion-950-ml\/","title":{"rendered":"Kinetics Frangipani&amp;Sicilian Lemon Lotion 950 ml"},"content":{"rendered":"<p>Parf\u00fcm: Frangipani und sizilianische Zitronen<\/p>\n<p>Parf\u00fcmierte Lotion von texture ultraleicht, angereichert mit Sheabutter, Vitamin E und \u00e4therischen \u00d6len aus Grasse, Frankreich. Feuchtigkeitsspendend 24 Stunden am Tag. <\/p>\n<p><strong>PERFUME<\/strong><\/p>\n<p>Ein frischer und erfrischender Duft mit einer Zitrusnote, perfekt f\u00fcr einen hei\u00dfen Sommertag. Er zeichnet sich durch eine Mischung aus fruchtigen und blumigen Noten aus und wird von einer subtilen holzigen Basis unterst\u00fctzt, die einen eleganten ersten Eindruck vermittelt. <\/p>\n<p><strong>Kopfnoten<\/strong>: Sizilianische Zitrone, Orange, Mandarine.<\/p>\n<p><strong>Herznote<\/strong>: Frangipani, Apfel, Rose.<\/p>\n<p><strong>Basisnoten<\/strong>: Zedernholz, Amber, Wei\u00dfer Moschus.<\/p>\n<p><strong>Geruchsfamilie<\/strong>: Frisch<\/p>\n<p>&nbsp;<\/p>\n<p><strong>USE<\/strong><\/p>\n<p>Tragen Sie die Creme ein- bis zweimal t\u00e4glich auf die Handfl\u00e4chen und Arme auf und massieren Sie sie ein. Falls erforderlich, tragen Sie sie \u00f6fter auf. Die parf\u00fcmierte Lotion kann am ganzen K\u00f6rper verwendet werden.  <\/p>\n","protected":false},"excerpt":{"rendered":"<p>Parf\u00fcmierte Lotion von texture Ultraleicht, angereichert mit Sheabutter, Vitamin E und \u00e4therischen \u00d6len von Grasse, Frankreich.<\/p>\n<p>950mL<\/p>\n","protected":false},"featured_media":4785,"template":"","meta":{"_acf_changed":false,"_seopress_robots_primary_cat":"","_seopress_titles_title":"","_seopress_titles_desc":"","_seopress_robots_index":"","_seopress_analysis_target_kw":""},"product_brand":[],"product_cat":[116],"product_tag":[],"class_list":{"0":"post-6287","1":"product","2":"type-product","3":"status-publish","4":"has-post-thumbnail","6":"product_cat-skin-care-de","8":"first","9":"outofstock","10":"taxable","11":"shipping-taxable","12":"product-type-simple"},"acf":[],"jetpack_sharing_enabled":true,"_links":{"self":[{"href":"https:\/\/pro.beautyproject.ch\/de\/wp-json\/wp\/v2\/product\/6287","targetHints":{"allow":["GET"]}}],"collection":[{"href":"https:\/\/pro.beautyproject.ch\/de\/wp-json\/wp\/v2\/product"}],"about":[{"href":"https:\/\/pro.beautyproject.ch\/de\/wp-json\/wp\/v2\/types\/product"}],"wp:featuredmedia":[{"embeddable":true,"href":"https:\/\/pro.beautyproject.ch\/de\/wp-json\/wp\/v2\/media\/4785"}],"wp:attachment":[{"href":"https:\/\/pro.beautyproject.ch\/de\/wp-json\/wp\/v2\/media?parent=6287"}],"wp:term":[{"taxonomy":"product_brand","embeddable":true,"href":"https:\/\/pro.beautyproject.ch\/de\/wp-json\/wp\/v2\/product_brand?post=6287"},{"taxonomy":"product_cat","embeddable":true,"href":"https:\/\/pro.beautyproject.ch\/de\/wp-json\/wp\/v2\/product_cat?post=6287"},{"taxonomy":"product_tag","embeddable":true,"href":"https:\/\/pro.beautyproject.ch\/de\/wp-json\/wp\/v2\/product_tag?post=6287"}],"curies":[{"name":"wp","href":"https:\/\/api.w.org\/{rel}","templated":true}]}}