{"id":6336,"date":"2024-10-21T08:44:16","date_gmt":"2024-10-21T06:44:16","guid":{"rendered":"https:\/\/pro.beautyproject.ch\/prodotto\/kinetics-shield-fibersockel-lichtrose-928\/"},"modified":"2025-08-20T13:43:49","modified_gmt":"2025-08-20T11:43:49","slug":"kinetics-shield-fibersockel-lichtrose-928","status":"publish","type":"product","link":"https:\/\/pro.beautyproject.ch\/de\/produkt\/kinetics-shield-fibersockel-lichtrose-928\/","title":{"rendered":"Kinetics SHIELD Fiber base Light rose #928"},"content":{"rendered":"<p>F\u00e4rbung: Hellrosa<\/p>\n<p>SHIELD\u2122 Fiber Base enth\u00e4lt Nylonfasern zur St\u00e4rkung der N\u00e4gel. Dieser Unterlack ist ideal f\u00fcr d\u00fcnne, empfindliche N\u00e4gel und garantiert eine Haltbarkeit von bis zu 28 Tagen. <\/p>\n<p>Die Gummistruktur von SHIELD\u2122 Fiber Base ist flexibel auf den N\u00e4geln. Die Formel hat eine mitteldichte Konsistenz. <\/p>\n<p>SHIELD\u2122 Fiber Base ist frei von HEMA, so dass es weniger wahrscheinlich ist, dass es Juckreiz und Hautr\u00f6tungen verursacht als Basen, die HEMA enthalten.<\/p>\n<p>SHIELD\u2122 Fiber Base h\u00e4rtet in LED-, UV\/LED- und UV-Lampen aus.<\/p>\n<p>&nbsp;<\/p>\n<p><strong>USE<\/strong><\/p>\n<p>SHIELD\u2122 Fiber Base kann nur als Konstruktionsbasis verwendet werden.<\/p>\n<p><strong>Anwendung<\/strong>: Bereiten Sie die Nageloberfl\u00e4che vor und tragen Sie eine d\u00fcnne Schicht SHIELD\u2122 Fiber Base auf. Fahren Sie ohne Aush\u00e4rtung durch die Lampe mit dem Auftragen einer dickeren Schicht fort, um den Scheitelpunkt des Nagels zu gestalten.  Polymerisieren Sie 30 Sekunden lang unter einer LED- oder UV\/LED-Lampe oder 90 Sekunden lang unter einer UV-Lampe. Fahren Sie mit dem Auftragen der SHIELD\u2122 Farbe und des Top Coat SHIELD\u2122 Ihrer Wahl. <\/p>\n<p><strong>Entfernung<\/strong>: Feilen Sie, bis das Produkt vollst\u00e4ndig entfernt ist. Alternativ feilen Sie den gr\u00f6\u00dften Teil des Produkts weg und entfernen es dann mit einem acetonbasierten Remover Pack, wie z.B. Red Lizard, bis zur vollst\u00e4ndigen Entfernung. <\/p>\n","protected":false},"excerpt":{"rendered":"<p>Lang anhaltender semi-permanenter Unterlack mit Nylonfasern zur flexiblen Verst\u00e4rkung d\u00fcnner, empfindlicher N\u00e4gel. Garantierte Haltbarkeit von mindestens 28 Tagen. <\/p>\n<p>Hellrosa #928<\/p>\n","protected":false},"featured_media":4926,"template":"","meta":{"_acf_changed":false,"_seopress_robots_primary_cat":"","_seopress_titles_title":"","_seopress_titles_desc":"","_seopress_robots_index":"","_seopress_analysis_target_kw":""},"product_brand":[],"product_cat":[107],"product_tag":[],"class_list":{"0":"post-6336","1":"product","2":"type-product","3":"status-publish","4":"has-post-thumbnail","6":"product_cat-shield-base-de","8":"first","9":"instock","10":"featured","11":"taxable","12":"shipping-taxable","13":"product-type-simple"},"acf":[],"jetpack_sharing_enabled":true,"_links":{"self":[{"href":"https:\/\/pro.beautyproject.ch\/de\/wp-json\/wp\/v2\/product\/6336","targetHints":{"allow":["GET"]}}],"collection":[{"href":"https:\/\/pro.beautyproject.ch\/de\/wp-json\/wp\/v2\/product"}],"about":[{"href":"https:\/\/pro.beautyproject.ch\/de\/wp-json\/wp\/v2\/types\/product"}],"wp:featuredmedia":[{"embeddable":true,"href":"https:\/\/pro.beautyproject.ch\/de\/wp-json\/wp\/v2\/media\/4926"}],"wp:attachment":[{"href":"https:\/\/pro.beautyproject.ch\/de\/wp-json\/wp\/v2\/media?parent=6336"}],"wp:term":[{"taxonomy":"product_brand","embeddable":true,"href":"https:\/\/pro.beautyproject.ch\/de\/wp-json\/wp\/v2\/product_brand?post=6336"},{"taxonomy":"product_cat","embeddable":true,"href":"https:\/\/pro.beautyproject.ch\/de\/wp-json\/wp\/v2\/product_cat?post=6336"},{"taxonomy":"product_tag","embeddable":true,"href":"https:\/\/pro.beautyproject.ch\/de\/wp-json\/wp\/v2\/product_tag?post=6336"}],"curies":[{"name":"wp","href":"https:\/\/api.w.org\/{rel}","templated":true}]}}