{"id":6380,"date":"2024-10-21T08:44:13","date_gmt":"2024-10-21T06:44:13","guid":{"rendered":"https:\/\/pro.beautyproject.ch\/prodotto\/kinetics-shield-keramische-basis-natuerliches-rosa-902\/"},"modified":"2025-03-03T11:51:32","modified_gmt":"2025-03-03T10:51:32","slug":"kinetics-shield-keramische-basis-natuerliches-rosa-902","status":"publish","type":"product","link":"https:\/\/pro.beautyproject.ch\/de\/produkt\/kinetics-shield-keramische-basis-natuerliches-rosa-902\/","title":{"rendered":"Kinetics SHIELD Ceramic Base Natural Pink #902"},"content":{"rendered":"<p>Farbe: Nat\u00fcrliches Rosa<\/p>\n<p>SHIELD\u2122 Ceramic Base ist eine 2-in-1-Basis und Farbe mit einer nat\u00fcrlich aussehenden Farbpalette und guter Deckkraft. Er h\u00e4lt bis zu 28 Tage und erm\u00f6glicht Ihnen Nagelverl\u00e4ngerungen von bis zu 2 mm oder kleine Reparaturen. Die Formel hat eine feste Struktur, \u00e4hnlich wie gel, die auch bei langen, weichen N\u00e4geln nicht bricht. Sie beh\u00e4lt ihre Form so lange, wie sie verwendet wird.    <\/p>\n<p>SHIELD\u2122 Ceramic Base hat eine dichte Konsistenz, die nicht tropft oder an der Nagelhaut herunterl\u00e4uft. Er ist selbstnivellierend und erm\u00f6glicht eine perfekte Nagelform mit einer sehr glatten Oberfl\u00e4che. Er kann auf zwei Arten verwendet werden: mit einer d\u00fcnnen Schicht oder als Grundierung.  <\/p>\n<p>SHIELD\u2122 Ceramic Base ist frei von HEMA, so dass es weniger wahrscheinlich ist, dass es Juckreiz und Hautr\u00f6tungen verursacht als Nagellacke, die HEMA enthalten.<\/p>\n<p>SHIELD\u2122 Ceramic Base h\u00e4rtet in LED-, UV\/LED- und UV-Lampen aus.<\/p>\n<p><strong>USE<\/strong><\/p>\n<p>SHIELD\u2122 Ceramic Base kann nur als Konstruktionsbasis verwendet werden.<\/p>\n<p><strong>Anwendung<\/strong>: Bereiten Sie die Nageloberfl\u00e4che vor und tragen Sie eine d\u00fcnne Schicht von SHIELD\u2122 Ceramic Base auf. Polymerisieren Sie f\u00fcr 60 Sekunden unter einer LED- oder UV\/LED-Lampe oder f\u00fcr 120 Sekunden unter einer UV-Lampe. Fahren Sie mit dem Auftragen einer dickeren Schicht fort, um eine Spitze des Nagels zu schaffen. Polymerisieren Sie unter einer Lampe. Tragen Sie zum Abschluss das Top Coat SHIELD\u2122 Ihrer Wahl.    <\/p>\n<p><strong>Tipp<\/strong>: Wenn Sie bereits wissen, dass Sie die Farbe bei der n\u00e4chsten Anwendung \u00e4ndern werden, tragen Sie eine d\u00fcnne Schicht von SHIELD\u2122 Rubber Base auf, bevor Sie SHIELD\u2122 Ceramic Base auftragen und in einer Lampe polymerisieren. Auf diese Weise k\u00f6nnen Sie die Farbe \u00e4ndern, ohne das Produkt vollst\u00e4ndig vom Naturnagel zu entfernen. <\/p>\n<p><strong>Entfernung<\/strong>: Feilen Sie bis zur vollst\u00e4ndigen Entfernung. Alternativ feilen Sie das meiste Material weg und entfernen es dann mit einem acetonbasierten Remover Pack, wie z.B. Red Lizard, bis zur vollst\u00e4ndigen Entfernung. <\/p>\n","protected":false},"excerpt":{"rendered":"<p>Harter, lang anhaltender Unterlack f\u00fcr kleine Nagelverl\u00e4ngerungen und zum Reparieren und Vorbeugen von Sch\u00e4den wie Rissen. Garantierte Haltbarkeit von mindestens 28 Tagen. Unterlack und Farbe in einem Produkt.  <\/p>\n<p>Natural Pink #902<\/p>\n","protected":false},"featured_media":5082,"template":"","meta":{"_acf_changed":false,"_seopress_robots_primary_cat":"","_seopress_titles_title":"","_seopress_titles_desc":"","_seopress_robots_index":"","_seopress_analysis_target_kw":""},"product_brand":[],"product_cat":[107],"product_tag":[],"class_list":{"0":"post-6380","1":"product","2":"type-product","3":"status-publish","4":"has-post-thumbnail","6":"product_cat-shield-base-de","8":"first","9":"instock","10":"taxable","11":"shipping-taxable","12":"product-type-simple"},"acf":[],"jetpack_sharing_enabled":true,"_links":{"self":[{"href":"https:\/\/pro.beautyproject.ch\/de\/wp-json\/wp\/v2\/product\/6380","targetHints":{"allow":["GET"]}}],"collection":[{"href":"https:\/\/pro.beautyproject.ch\/de\/wp-json\/wp\/v2\/product"}],"about":[{"href":"https:\/\/pro.beautyproject.ch\/de\/wp-json\/wp\/v2\/types\/product"}],"wp:featuredmedia":[{"embeddable":true,"href":"https:\/\/pro.beautyproject.ch\/de\/wp-json\/wp\/v2\/media\/5082"}],"wp:attachment":[{"href":"https:\/\/pro.beautyproject.ch\/de\/wp-json\/wp\/v2\/media?parent=6380"}],"wp:term":[{"taxonomy":"product_brand","embeddable":true,"href":"https:\/\/pro.beautyproject.ch\/de\/wp-json\/wp\/v2\/product_brand?post=6380"},{"taxonomy":"product_cat","embeddable":true,"href":"https:\/\/pro.beautyproject.ch\/de\/wp-json\/wp\/v2\/product_cat?post=6380"},{"taxonomy":"product_tag","embeddable":true,"href":"https:\/\/pro.beautyproject.ch\/de\/wp-json\/wp\/v2\/product_tag?post=6380"}],"curies":[{"name":"wp","href":"https:\/\/api.w.org\/{rel}","templated":true}]}}