{"id":6573,"date":"2025-02-21T08:44:30","date_gmt":"2025-02-21T07:44:30","guid":{"rendered":"https:\/\/pro.beautyproject.ch\/prodotto\/kinetics-gel-polish-remover-rote-eidechse-mit-aloe-vera-duft-960-ml\/"},"modified":"2025-03-03T11:49:32","modified_gmt":"2025-03-03T10:49:32","slug":"kinetics-gel-polish-remover-rote-eidechse-mit-aloe-vera-duft-960-ml","status":"publish","type":"product","link":"https:\/\/pro.beautyproject.ch\/de\/produkt\/kinetics-gel-polish-remover-rote-eidechse-mit-aloe-vera-duft-960-ml\/","title":{"rendered":"Kinetics Gel Polish Remover Red Lizard with Aloe Vera scent 960 ml"},"content":{"rendered":"<p>Professionelles L\u00f6sungsmittel f\u00fcr semi-permanenten Nagellack mit frischem Aloe Vera-Duft, geeignet f\u00fcr die Nagellackentfernung in 10-15 Minuten. Intensive Formulierung f\u00fcr schnelle Wirkung, hinterl\u00e4sst keine R\u00fcckst\u00e4nde auf der Haut. <\/p>\n","protected":false},"excerpt":{"rendered":"<p>L\u00f6sungsmittel zum Entfernen von semi-permanenten Farben Shield.<\/p>\n","protected":false},"featured_media":5229,"template":"","meta":{"_acf_changed":false,"_seopress_robots_primary_cat":"","_seopress_titles_title":"","_seopress_titles_desc":"","_seopress_robots_index":"","_seopress_analysis_target_kw":""},"product_brand":[],"product_cat":[103],"product_tag":[],"class_list":{"0":"post-6573","1":"product","2":"type-product","3":"status-publish","4":"has-post-thumbnail","6":"product_cat-removers-de","8":"first","9":"instock","10":"taxable","11":"shipping-taxable","12":"product-type-simple"},"acf":[],"jetpack_sharing_enabled":true,"_links":{"self":[{"href":"https:\/\/pro.beautyproject.ch\/de\/wp-json\/wp\/v2\/product\/6573","targetHints":{"allow":["GET"]}}],"collection":[{"href":"https:\/\/pro.beautyproject.ch\/de\/wp-json\/wp\/v2\/product"}],"about":[{"href":"https:\/\/pro.beautyproject.ch\/de\/wp-json\/wp\/v2\/types\/product"}],"wp:featuredmedia":[{"embeddable":true,"href":"https:\/\/pro.beautyproject.ch\/de\/wp-json\/wp\/v2\/media\/5229"}],"wp:attachment":[{"href":"https:\/\/pro.beautyproject.ch\/de\/wp-json\/wp\/v2\/media?parent=6573"}],"wp:term":[{"taxonomy":"product_brand","embeddable":true,"href":"https:\/\/pro.beautyproject.ch\/de\/wp-json\/wp\/v2\/product_brand?post=6573"},{"taxonomy":"product_cat","embeddable":true,"href":"https:\/\/pro.beautyproject.ch\/de\/wp-json\/wp\/v2\/product_cat?post=6573"},{"taxonomy":"product_tag","embeddable":true,"href":"https:\/\/pro.beautyproject.ch\/de\/wp-json\/wp\/v2\/product_tag?post=6573"}],"curies":[{"name":"wp","href":"https:\/\/api.w.org\/{rel}","templated":true}]}}