{"id":6587,"date":"2024-10-21T08:44:29","date_gmt":"2024-10-21T06:44:29","guid":{"rendered":"https:\/\/pro.beautyproject.ch\/prodotto\/kinetics-acryl-gel-fluessig\/"},"modified":"2025-08-20T12:50:23","modified_gmt":"2025-08-20T10:50:23","slug":"kinetics-acryl-gel-fluessig","status":"publish","type":"product","link":"https:\/\/pro.beautyproject.ch\/de\/produkt\/kinetics-acryl-gel-fluessig\/","title":{"rendered":"Kinetik-Acryl Gel Liquid"},"content":{"rendered":"<p>Eine Mischung aus ausgewogenen L\u00f6sungsmitteln f\u00fcr optimales Modellieren von Acrylic Gel. Es hat eine langsame Verdunstungsrate, die ein gem\u00e4chliches Modellieren von Acrylgel-Extensions erm\u00f6glicht, um eine perfekte Form zu erhalten. <\/p>\n<p>&nbsp;<\/p>\n<p><strong>VORTEILE<\/strong>:<\/p>\n<p>&#8211; Wird ben\u00f6tigt, um die Farbe von gel acrylic<br \/>\nzu modellieren &#8211; Klebt nicht am Pinsel oder Produkt<br \/>\n&#8211; Zum Reinigen von Pinseln und Werkzeugen<\/p>\n","protected":false},"excerpt":{"rendered":"<p>Aktivierungsfl\u00fcssigkeit f\u00fcr Acrylic Gel.<\/p>\n","protected":false},"featured_media":5256,"template":"","meta":{"_acf_changed":false,"_seopress_robots_primary_cat":"","_seopress_titles_title":"","_seopress_titles_desc":"","_seopress_robots_index":"","_seopress_analysis_target_kw":""},"product_brand":[],"product_cat":[78],"product_tag":[],"class_list":{"0":"post-6587","1":"product","2":"type-product","3":"status-publish","4":"has-post-thumbnail","6":"product_cat-acrylic-gel-de","8":"first","9":"outofstock","10":"taxable","11":"shipping-taxable","12":"product-type-simple"},"acf":[],"jetpack_sharing_enabled":true,"_links":{"self":[{"href":"https:\/\/pro.beautyproject.ch\/de\/wp-json\/wp\/v2\/product\/6587","targetHints":{"allow":["GET"]}}],"collection":[{"href":"https:\/\/pro.beautyproject.ch\/de\/wp-json\/wp\/v2\/product"}],"about":[{"href":"https:\/\/pro.beautyproject.ch\/de\/wp-json\/wp\/v2\/types\/product"}],"wp:featuredmedia":[{"embeddable":true,"href":"https:\/\/pro.beautyproject.ch\/de\/wp-json\/wp\/v2\/media\/5256"}],"wp:attachment":[{"href":"https:\/\/pro.beautyproject.ch\/de\/wp-json\/wp\/v2\/media?parent=6587"}],"wp:term":[{"taxonomy":"product_brand","embeddable":true,"href":"https:\/\/pro.beautyproject.ch\/de\/wp-json\/wp\/v2\/product_brand?post=6587"},{"taxonomy":"product_cat","embeddable":true,"href":"https:\/\/pro.beautyproject.ch\/de\/wp-json\/wp\/v2\/product_cat?post=6587"},{"taxonomy":"product_tag","embeddable":true,"href":"https:\/\/pro.beautyproject.ch\/de\/wp-json\/wp\/v2\/product_tag?post=6587"}],"curies":[{"name":"wp","href":"https:\/\/api.w.org\/{rel}","templated":true}]}}