{"id":6590,"date":"2024-10-21T08:44:29","date_gmt":"2024-10-21T06:44:29","guid":{"rendered":"https:\/\/pro.beautyproject.ch\/prodotto\/kinetics-acrylic-gel-builder-rosa-in-tube-30ml\/"},"modified":"2025-08-20T12:50:21","modified_gmt":"2025-08-20T10:50:21","slug":"kinetics-acrylic-gel-builder-rosa-in-tube-30ml","status":"publish","type":"product","link":"https:\/\/pro.beautyproject.ch\/de\/produkt\/kinetics-acrylic-gel-builder-rosa-in-tube-30ml\/","title":{"rendered":"Kinetics Acryl-Gel Builder Pink in tube 30ml"},"content":{"rendered":"<p>Farbe: Opak Hot Pink<\/p>\n<p>Einfach &#8211; unbegrenzte Modellierzeit, kein Nachtropfen, schnelles Auftragen.<\/p>\n<p>Langlebig &#8211; so langlebig wie Acrylglas mit hervorragender Haftung f\u00fcr bis zu 3 Wochen.<\/p>\n<p>Sicher &#8211; kein Geruch, keine Reizung, weniger Staub als bei jedem Acrylsystem oder gel.<\/p>\n<p><strong>STARK WIE ACRYLIC<\/strong><br \/>\nObwohl das Monomer nicht verwendet werden muss und nicht den charakteristischen Geruch von Acryl hat, ist das System dennoch so stark wie ein normales Acrylprodukt.<\/p>\n<p><strong>FLEXIBEL ALS GEL<\/strong><br \/>\nAuch wenn es nicht tropft oder tropft wie ein gel, ist das System dennoch so flexibel wie ein normales Produkt gel.<\/p>\n<p>EINFACH <strong>ZU BEARBEITEN<\/strong><br \/>\nDas Material ist sehr leicht zu kontrollieren, polymerisiert nicht, bis es in die Lampe gelegt wird und verrutscht nicht.<\/p>\n<p><strong>Anwendung:<\/strong> Es kann direkt auf den Naturnagel aufgetragen werden, um eine French Manik\u00fcre (Overlay) zu kreieren.<\/p>\n<p>Sie k\u00f6nnen die Spitzen f\u00fcr die Rekonstruktion verwenden, indem Sie sie einfach abdecken, oder Nagelformen f\u00fcr die plastische Methode. Hervorragend geeignet f\u00fcr die Technik French Reverse. <\/p>\n<p>Ben\u00f6tigt Promotor (Primer oder Bonder): <strong>Ja<\/strong><br \/>\nBen\u00f6tigt Basisgel: <strong>Ja<\/strong><br \/>\nBen\u00f6tigt gel Gloss : <strong>Ja<\/strong><br \/>\nSelbstmodellierend: <strong>Nein<\/strong><br \/>\nDichte (fl\u00fcssig-niedrig-mittel-hoch): <strong>Sehr hoch<\/strong><br \/>\nLampenh\u00e4rtungszeit UV\/led: <strong>2 min\/1 min<\/strong><\/p>\n","protected":false},"excerpt":{"rendered":"<p>Acrylic Gel ist ein Material der neuen Generation, das die besten Eigenschaften von Acryl und gel vereint.<\/p>\n","protected":false},"featured_media":5208,"template":"","meta":{"_acf_changed":false,"_seopress_robots_primary_cat":"none","_seopress_titles_title":"","_seopress_titles_desc":"","_seopress_robots_index":"","_seopress_analysis_target_kw":""},"product_brand":[],"product_cat":[78],"product_tag":[],"class_list":{"0":"post-6590","1":"product","2":"type-product","3":"status-publish","4":"has-post-thumbnail","6":"product_cat-acrylic-gel-de","8":"first","9":"outofstock","10":"taxable","11":"shipping-taxable","12":"product-type-simple"},"acf":[],"jetpack_sharing_enabled":true,"_links":{"self":[{"href":"https:\/\/pro.beautyproject.ch\/de\/wp-json\/wp\/v2\/product\/6590","targetHints":{"allow":["GET"]}}],"collection":[{"href":"https:\/\/pro.beautyproject.ch\/de\/wp-json\/wp\/v2\/product"}],"about":[{"href":"https:\/\/pro.beautyproject.ch\/de\/wp-json\/wp\/v2\/types\/product"}],"wp:featuredmedia":[{"embeddable":true,"href":"https:\/\/pro.beautyproject.ch\/de\/wp-json\/wp\/v2\/media\/5208"}],"wp:attachment":[{"href":"https:\/\/pro.beautyproject.ch\/de\/wp-json\/wp\/v2\/media?parent=6590"}],"wp:term":[{"taxonomy":"product_brand","embeddable":true,"href":"https:\/\/pro.beautyproject.ch\/de\/wp-json\/wp\/v2\/product_brand?post=6590"},{"taxonomy":"product_cat","embeddable":true,"href":"https:\/\/pro.beautyproject.ch\/de\/wp-json\/wp\/v2\/product_cat?post=6590"},{"taxonomy":"product_tag","embeddable":true,"href":"https:\/\/pro.beautyproject.ch\/de\/wp-json\/wp\/v2\/product_tag?post=6590"}],"curies":[{"name":"wp","href":"https:\/\/api.w.org\/{rel}","templated":true}]}}