{"id":6606,"date":"2024-02-21T08:44:27","date_gmt":"2024-02-21T07:44:27","guid":{"rendered":"https:\/\/pro.beautyproject.ch\/prodotto\/kinetics-dehydrator-14-ml\/"},"modified":"2025-03-03T10:43:36","modified_gmt":"2025-03-03T09:43:36","slug":"kinetics-dehydrator-14-ml","status":"publish","type":"product","link":"https:\/\/pro.beautyproject.ch\/de\/produkt\/kinetics-dehydrator-14-ml\/","title":{"rendered":"Kinetik Dehydrator 14 ml"},"content":{"rendered":"<p>Dehydrator f\u00fcr die Nageloberfl\u00e4che, der an der Luft trocknet und \u00f6lige R\u00fcckst\u00e4nde vom Nagelbett entfernt und gleichzeitig den Gehalt an Krankheitserregern reduziert.<br \/>\nDas Auftragen des Dehydrators auf den Naturnagel sorgt f\u00fcr eine bessere Haftung von Acryl oder gel.<\/p>\n<p><strong>ANWENDUNGSHINWEISE<\/strong><\/p>\n<p>Tragen Sie eine kleine Menge auf, um Feuchtigkeit und \u00d6le vom Naturnagel zu entfernen.<\/p>\n","protected":false},"excerpt":{"rendered":"<p>Nageltrockenmittel<\/p>\n<p>14 mL<\/p>\n","protected":false},"featured_media":5271,"template":"","meta":{"_acf_changed":false,"_seopress_robots_primary_cat":"","_seopress_titles_title":"","_seopress_titles_desc":"","_seopress_robots_index":"","_seopress_analysis_target_kw":""},"product_brand":[],"product_cat":[72],"product_tag":[],"class_list":{"0":"post-6606","1":"product","2":"type-product","3":"status-publish","4":"has-post-thumbnail","6":"product_cat-bonder-dehydrator-de","8":"first","9":"instock","10":"taxable","11":"shipping-taxable","12":"product-type-simple"},"acf":[],"jetpack_sharing_enabled":true,"_links":{"self":[{"href":"https:\/\/pro.beautyproject.ch\/de\/wp-json\/wp\/v2\/product\/6606","targetHints":{"allow":["GET"]}}],"collection":[{"href":"https:\/\/pro.beautyproject.ch\/de\/wp-json\/wp\/v2\/product"}],"about":[{"href":"https:\/\/pro.beautyproject.ch\/de\/wp-json\/wp\/v2\/types\/product"}],"wp:featuredmedia":[{"embeddable":true,"href":"https:\/\/pro.beautyproject.ch\/de\/wp-json\/wp\/v2\/media\/5271"}],"wp:attachment":[{"href":"https:\/\/pro.beautyproject.ch\/de\/wp-json\/wp\/v2\/media?parent=6606"}],"wp:term":[{"taxonomy":"product_brand","embeddable":true,"href":"https:\/\/pro.beautyproject.ch\/de\/wp-json\/wp\/v2\/product_brand?post=6606"},{"taxonomy":"product_cat","embeddable":true,"href":"https:\/\/pro.beautyproject.ch\/de\/wp-json\/wp\/v2\/product_cat?post=6606"},{"taxonomy":"product_tag","embeddable":true,"href":"https:\/\/pro.beautyproject.ch\/de\/wp-json\/wp\/v2\/product_tag?post=6606"}],"curies":[{"name":"wp","href":"https:\/\/api.w.org\/{rel}","templated":true}]}}