{"id":6630,"date":"2024-10-21T08:44:25","date_gmt":"2024-10-21T06:44:25","guid":{"rendered":"https:\/\/pro.beautyproject.ch\/prodotto\/kinetics-gel-in-flasche-natural-pink-902\/"},"modified":"2025-03-03T10:43:54","modified_gmt":"2025-03-03T09:43:54","slug":"kinetics-gel-in-flasche-natural-pink-902","status":"publish","type":"product","link":"https:\/\/pro.beautyproject.ch\/de\/produkt\/kinetics-gel-in-flasche-natural-pink-902\/","title":{"rendered":"Kinetik Gel in Bottle Natural Pink #902"},"content":{"rendered":"<p>Farbe: Nat\u00fcrliches Rosa.<\/p>\n<p>Hart wie ein gel, einfach wie ein Semi-Permanent. Gel in Bottle sorgt f\u00fcr eine harte Abdeckung, die die nat\u00fcrlichen N\u00e4gel vor dem Brechen sch\u00fctzt. Die Anwendung ist so einfach wie bei einem semi-permanenten Gel und dauert nur 20 Minuten. Die spezielle Weithalsflasche macht die Anwendung einfach.   <\/p>\n<p><strong>PRODUKT-INFO<\/strong><\/p>\n<p>Gel in Bottle ist ein moderner Service f\u00fcr semi-permanente Profis. Es ist ein leichtes gel ideal f\u00fcr starke, kurze und mittlere \u00dcberlagerungen, Onychophagieprobleme, d\u00fcnne oder problematische N\u00e4gel. Gel in Bottle h\u00e4rtet unter UV\/LED-Licht aus.  <\/p>\n<p><strong>Warum Gel in Flaschen verwenden?<\/strong><\/p>\n<p>F\u00fcr besseren Halt: starke Abdeckung, ohne Absplittern und Brechen, h\u00e4lt l\u00e4nger.<br \/>\nF\u00fcr d\u00fcnne N\u00e4gel: fixiert die freie Kante und sch\u00fctzt vor dem Abbrechen.<br \/>\nF\u00fcr N\u00e4gelkauen: harte Abdeckung sch\u00fctzt vor dem Abbrechen und verhindert das Abbei\u00dfen.<br \/>\nF\u00fcr N\u00e4gel mit Unebenheiten: die h\u00e4rtere Formel formt sie und h\u00e4lt sie sch\u00f6n.<\/p>\n<p><b>HINWEISE ZUR VERWENDUNG<\/b><\/p>\n<p>Bereiten Sie den Nagel vor, tragen Sie Dehydrator und Bonder auf.<\/p>\n<p>Tragen Sie eine d\u00fcnne Schicht von Shield\u2122 Rubber Base polymerisieren Sie 30s lang. Tragen Sie eine d\u00fcnne Schicht Gel in Bottle auf, ohne es auszuh\u00e4rten (schaffen Sie eine feuchte Basis). Tragen Sie eine Schicht Builder auf und polymerisieren Sie Nagel f\u00fcr Nagel f\u00fcr 30 Sekunden. Polymerisieren Sie anschlie\u00dfend beide Schichten f\u00fcr 60 Sekunden. Entfernen Sie die klebrige Schicht mit DI-TAC CLEANSER. Beenden Sie mit Shield\u2122 Top optional, polymerisieren Sie 60 Sekunden lang.     <\/p>\n","protected":false},"excerpt":{"rendered":"<p>Gel in einer Flasche zur St\u00e4rkung der Naturn\u00e4gel.<\/p>\n","protected":false},"featured_media":4830,"template":"","meta":{"_acf_changed":false,"_seopress_robots_primary_cat":"","_seopress_titles_title":"","_seopress_titles_desc":"","_seopress_robots_index":"","_seopress_analysis_target_kw":""},"product_brand":[],"product_cat":[85],"product_tag":[],"class_list":{"0":"post-6630","1":"product","2":"type-product","3":"status-publish","4":"has-post-thumbnail","6":"product_cat-gel-de","8":"first","9":"instock","10":"featured","11":"taxable","12":"shipping-taxable","13":"product-type-simple"},"acf":[],"jetpack_sharing_enabled":true,"_links":{"self":[{"href":"https:\/\/pro.beautyproject.ch\/de\/wp-json\/wp\/v2\/product\/6630","targetHints":{"allow":["GET"]}}],"collection":[{"href":"https:\/\/pro.beautyproject.ch\/de\/wp-json\/wp\/v2\/product"}],"about":[{"href":"https:\/\/pro.beautyproject.ch\/de\/wp-json\/wp\/v2\/types\/product"}],"wp:featuredmedia":[{"embeddable":true,"href":"https:\/\/pro.beautyproject.ch\/de\/wp-json\/wp\/v2\/media\/4830"}],"wp:attachment":[{"href":"https:\/\/pro.beautyproject.ch\/de\/wp-json\/wp\/v2\/media?parent=6630"}],"wp:term":[{"taxonomy":"product_brand","embeddable":true,"href":"https:\/\/pro.beautyproject.ch\/de\/wp-json\/wp\/v2\/product_brand?post=6630"},{"taxonomy":"product_cat","embeddable":true,"href":"https:\/\/pro.beautyproject.ch\/de\/wp-json\/wp\/v2\/product_cat?post=6630"},{"taxonomy":"product_tag","embeddable":true,"href":"https:\/\/pro.beautyproject.ch\/de\/wp-json\/wp\/v2\/product_tag?post=6630"}],"curies":[{"name":"wp","href":"https:\/\/api.w.org\/{rel}","templated":true}]}}