{"id":6644,"date":"2024-10-21T08:44:23","date_gmt":"2024-10-21T06:44:23","guid":{"rendered":"https:\/\/pro.beautyproject.ch\/prodotto\/kinetics-classic-gel-medium-906-milchig-weiss-15ml\/"},"modified":"2025-03-03T10:44:02","modified_gmt":"2025-03-03T09:44:02","slug":"kinetics-classic-gel-medium-906-milchig-weiss-15ml","status":"publish","type":"product","link":"https:\/\/pro.beautyproject.ch\/de\/produkt\/kinetics-classic-gel-medium-906-milchig-weiss-15ml\/","title":{"rendered":"Kinetics Classic Gel Medium #906 Milchig Wei\u00df 15ml"},"content":{"rendered":"<p>Farbe: Milchwei\u00df<\/p>\n<p><strong>Selbstnivellierend<\/strong>: Es erfordert nur minimales Feilen und garantiert eine makellose Modellierung. Es ist ideal f\u00fcr \u00dcberlagerungen auf nat\u00fcrlichen N\u00e4geln und f\u00fcr mittellange Verl\u00e4ngerungen.<\/p>\n<p><strong>Verwendung<\/strong>: Klassische Konsistenz des Herstellers gel. Ausgeh\u00e4rtet 120\/240 Sekunden in der LED\/UV-Lampe. <\/p>\n<p>Das ideale Produkt f\u00fcr Anf\u00e4nger, Friseure und fortgeschrittene Profis.<\/p>\n","protected":false},"excerpt":{"rendered":"<p>Selbstnivellierendes dreiphasiges Gel f\u00fcr die Erstellung von Overlays und mittellangen Verl\u00e4ngerungen.<\/p>\n<p>15g<\/p>\n","protected":false},"featured_media":4794,"template":"","meta":{"_acf_changed":false,"_seopress_robots_primary_cat":"","_seopress_titles_title":"","_seopress_titles_desc":"","_seopress_robots_index":"","_seopress_analysis_target_kw":""},"product_brand":[],"product_cat":[85],"product_tag":[],"class_list":{"0":"post-6644","1":"product","2":"type-product","3":"status-publish","4":"has-post-thumbnail","6":"product_cat-gel-de","8":"first","9":"instock","10":"taxable","11":"shipping-taxable","12":"product-type-simple"},"acf":[],"jetpack_sharing_enabled":true,"_links":{"self":[{"href":"https:\/\/pro.beautyproject.ch\/de\/wp-json\/wp\/v2\/product\/6644","targetHints":{"allow":["GET"]}}],"collection":[{"href":"https:\/\/pro.beautyproject.ch\/de\/wp-json\/wp\/v2\/product"}],"about":[{"href":"https:\/\/pro.beautyproject.ch\/de\/wp-json\/wp\/v2\/types\/product"}],"wp:featuredmedia":[{"embeddable":true,"href":"https:\/\/pro.beautyproject.ch\/de\/wp-json\/wp\/v2\/media\/4794"}],"wp:attachment":[{"href":"https:\/\/pro.beautyproject.ch\/de\/wp-json\/wp\/v2\/media?parent=6644"}],"wp:term":[{"taxonomy":"product_brand","embeddable":true,"href":"https:\/\/pro.beautyproject.ch\/de\/wp-json\/wp\/v2\/product_brand?post=6644"},{"taxonomy":"product_cat","embeddable":true,"href":"https:\/\/pro.beautyproject.ch\/de\/wp-json\/wp\/v2\/product_cat?post=6644"},{"taxonomy":"product_tag","embeddable":true,"href":"https:\/\/pro.beautyproject.ch\/de\/wp-json\/wp\/v2\/product_tag?post=6644"}],"curies":[{"name":"wp","href":"https:\/\/api.w.org\/{rel}","templated":true}]}}