{"id":6655,"date":"2024-10-21T08:44:22","date_gmt":"2024-10-21T06:44:22","guid":{"rendered":"https:\/\/pro.beautyproject.ch\/prodotto\/kinetics-pedikuere-spa-pro-light-creme-250ml\/"},"modified":"2025-03-03T11:49:34","modified_gmt":"2025-03-03T10:49:34","slug":"kinetics-pedikuere-spa-pro-light-creme-250ml","status":"publish","type":"product","link":"https:\/\/pro.beautyproject.ch\/de\/produkt\/kinetics-pedikuere-spa-pro-light-creme-250ml\/","title":{"rendered":"Kinetics Pedik\u00fcre SPA Pro Light Creme 250ml"},"content":{"rendered":"<p class=\"p1\">Eine leichte Creme f\u00fcr den t\u00e4glichen Gebrauch, angereichert mit geruchlosem Menthol, das den Beinen eine erfrischende Wirkung verleiht und die M\u00fcdigkeit lindert, und mit Sheabutter, die die Haut glatt und seidig macht. Sie zieht schnell ein. <\/p>\n<p><strong>AKTIONEN<\/strong><\/p>\n<p>&#8211; Geruchloses Menthol wirkt erfrischend bei m\u00fcder Haut und geschwollenen Beinen;<br \/>\n&#8211; Menthol-Lactat ist frei von dem spezifischen Mentholgeruch, den manche Kunden als st\u00f6rend empfinden;<br \/>\n&#8211; Das superleichte texture zieht sofort ein und hinterl\u00e4sst kein fettiges Gef\u00fchl;<br \/>\n&#8211; Sheabutter schlie\u00dft die Feuchtigkeit in den oberen Hautschichten ein und h\u00e4lt sie feucht, mit einem glatten und seidigen Gef\u00fchl;<br \/>\n&#8211; Parf\u00fcm Grasse mit einer Basis aus wei\u00dfem Moschus, einer Herznote aus Ingwer und einer Kopfnote aus Orangenbl\u00fcten.<\/p>\n<p><b>USE<\/b><\/p>\n<p>Tragen Sie eine kleine Menge auf die F\u00fc\u00dfe und Beine auf. Massieren Sie sie zwei bis drei Minuten lang ein, bis sie vollst\u00e4ndig eingezogen ist. <\/p>\n","protected":false},"excerpt":{"rendered":"<p>Professionelle feuchtigkeitsspendende Fu\u00dfcreme.<\/p>\n<p>250mL<\/p>\n","protected":false},"featured_media":4986,"template":"","meta":{"_acf_changed":false,"_seopress_robots_primary_cat":"","_seopress_titles_title":"","_seopress_titles_desc":"","_seopress_robots_index":"","_seopress_analysis_target_kw":""},"product_brand":[],"product_cat":[100],"product_tag":[],"class_list":{"0":"post-6655","1":"product","2":"type-product","3":"status-publish","4":"has-post-thumbnail","6":"product_cat-pedicure-spa-de","8":"first","9":"outofstock","10":"taxable","11":"shipping-taxable","12":"product-type-simple"},"acf":[],"jetpack_sharing_enabled":true,"_links":{"self":[{"href":"https:\/\/pro.beautyproject.ch\/de\/wp-json\/wp\/v2\/product\/6655","targetHints":{"allow":["GET"]}}],"collection":[{"href":"https:\/\/pro.beautyproject.ch\/de\/wp-json\/wp\/v2\/product"}],"about":[{"href":"https:\/\/pro.beautyproject.ch\/de\/wp-json\/wp\/v2\/types\/product"}],"wp:featuredmedia":[{"embeddable":true,"href":"https:\/\/pro.beautyproject.ch\/de\/wp-json\/wp\/v2\/media\/4986"}],"wp:attachment":[{"href":"https:\/\/pro.beautyproject.ch\/de\/wp-json\/wp\/v2\/media?parent=6655"}],"wp:term":[{"taxonomy":"product_brand","embeddable":true,"href":"https:\/\/pro.beautyproject.ch\/de\/wp-json\/wp\/v2\/product_brand?post=6655"},{"taxonomy":"product_cat","embeddable":true,"href":"https:\/\/pro.beautyproject.ch\/de\/wp-json\/wp\/v2\/product_cat?post=6655"},{"taxonomy":"product_tag","embeddable":true,"href":"https:\/\/pro.beautyproject.ch\/de\/wp-json\/wp\/v2\/product_tag?post=6655"}],"curies":[{"name":"wp","href":"https:\/\/api.w.org\/{rel}","templated":true}]}}