{"id":6663,"date":"2024-10-21T08:44:22","date_gmt":"2024-10-21T06:44:22","guid":{"rendered":"https:\/\/pro.beautyproject.ch\/prodotto\/kinetics-pedikuere-spa-pro-hornhautentferner-gel-225ml\/"},"modified":"2025-03-03T10:44:15","modified_gmt":"2025-03-03T09:44:15","slug":"kinetics-pedikuere-spa-pro-hornhautentferner-gel-225ml","status":"publish","type":"product","link":"https:\/\/pro.beautyproject.ch\/de\/produkt\/kinetics-pedikuere-spa-pro-hornhautentferner-gel-225ml\/","title":{"rendered":"Kinetics Pedik\u00fcre SPA Pro Hornhaut Remover Gel 225ml"},"content":{"rendered":"<p><strong>BENEFITS<\/strong><\/p>\n<p>&#8211; 20%ige Milchs\u00e4ure und Urea-Gel zur effektiven Entfernung von H\u00fchneraugen und Schwielen;<br \/>\n&#8211; Tropffreie Formel mit einer Konsistenz gel, die sich leicht auftragen und auf Problemzonen einwirken l\u00e4sst;<br \/>\n&#8211; Die Kombination aus 20% Urea und 5% Milchs\u00e4ure macht die Haut effektiv weich und entfernt Hornhaut;<br \/>\n&#8211; Zwei feuchtigkeitsspendende Substanzen, Aloe vera und Urea, versorgen die Haut mit Feuchtigkeit und machen sie geschmeidig;<br \/>\n&#8211; F\u00fcr Diabetiker geeignet;<br \/>\n&#8211; Enth\u00e4lt keine Alkalien, so dass das Produkt nicht abgesp\u00fclt werden muss und auch bei empfindlicher Haut nicht reizt.<\/p>\n<p><strong>USE<\/strong><\/p>\n<p>Tragen Sie eine d\u00fcnne Schicht des Produkts direkt auf die problematischen und schwieligen Stellen auf und lassen Sie es 2-3 Minuten lang einwirken. Arbeiten Sie die Haut der F\u00fc\u00dfe mit einer Feile ein, um sie zu reinigen. Sp\u00fclen Sie das Produkt nicht ab, sondern trocknen Sie es mit einem warmen, feuchten Handtuch ab, falls gew\u00fcnscht. Kombinieren Sie die Anwendung mit der Verwendung von Pro Callus Spray, um die Fu\u00dfhaut mit Feuchtigkeit zu versorgen.   <\/p>\n","protected":false},"excerpt":{"rendered":"<p>Professionelles Gel zur Entfernung von Hornhaut.<\/p>\n<p>225mL<\/p>\n","protected":false},"featured_media":4977,"template":"","meta":{"_acf_changed":false,"_seopress_robots_primary_cat":"","_seopress_titles_title":"","_seopress_titles_desc":"","_seopress_robots_index":"","_seopress_analysis_target_kw":""},"product_brand":[],"product_cat":[100],"product_tag":[],"class_list":{"0":"post-6663","1":"product","2":"type-product","3":"status-publish","4":"has-post-thumbnail","6":"product_cat-pedicure-spa-de","8":"first","9":"instock","10":"taxable","11":"shipping-taxable","12":"product-type-simple"},"acf":[],"jetpack_sharing_enabled":true,"_links":{"self":[{"href":"https:\/\/pro.beautyproject.ch\/de\/wp-json\/wp\/v2\/product\/6663","targetHints":{"allow":["GET"]}}],"collection":[{"href":"https:\/\/pro.beautyproject.ch\/de\/wp-json\/wp\/v2\/product"}],"about":[{"href":"https:\/\/pro.beautyproject.ch\/de\/wp-json\/wp\/v2\/types\/product"}],"wp:featuredmedia":[{"embeddable":true,"href":"https:\/\/pro.beautyproject.ch\/de\/wp-json\/wp\/v2\/media\/4977"}],"wp:attachment":[{"href":"https:\/\/pro.beautyproject.ch\/de\/wp-json\/wp\/v2\/media?parent=6663"}],"wp:term":[{"taxonomy":"product_brand","embeddable":true,"href":"https:\/\/pro.beautyproject.ch\/de\/wp-json\/wp\/v2\/product_brand?post=6663"},{"taxonomy":"product_cat","embeddable":true,"href":"https:\/\/pro.beautyproject.ch\/de\/wp-json\/wp\/v2\/product_cat?post=6663"},{"taxonomy":"product_tag","embeddable":true,"href":"https:\/\/pro.beautyproject.ch\/de\/wp-json\/wp\/v2\/product_tag?post=6663"}],"curies":[{"name":"wp","href":"https:\/\/api.w.org\/{rel}","templated":true}]}}