{"id":6666,"date":"2024-10-21T08:44:22","date_gmt":"2024-10-21T06:44:22","guid":{"rendered":"https:\/\/pro.beautyproject.ch\/prodotto\/kinetics-pedikuere-spa-pro-hornhautspray-225ml\/"},"modified":"2025-03-03T10:44:17","modified_gmt":"2025-03-03T09:44:17","slug":"kinetics-pedikuere-spa-pro-hornhautspray-225ml","status":"publish","type":"product","link":"https:\/\/pro.beautyproject.ch\/de\/produkt\/kinetics-pedikuere-spa-pro-hornhautspray-225ml\/","title":{"rendered":"Kinetics Pedik\u00fcre SPA Pro Hornhautspray 225ml"},"content":{"rendered":"<p><strong>BENEFITS<\/strong><\/p>\n<p>&#8211; Milchs\u00e4ure und gel 20% Urea zur effektiven Entfernung von H\u00fchneraugen und Schwielen;<br \/>\n&#8211; Dank des einfachen Spr\u00fchformats kann das Produkt schnell auf den gesamten Fu\u00df einwirken und ihn in Sekundenschnelle bedecken;<br \/>\n&#8211; Praktische Erg\u00e4nzung zur Verwendung mit Pro Callus Gel;<br \/>\n&#8211; Die Kombination aus 20% Urea und 5% Milchs\u00e4ure erweicht und entfernt effektiv schwielige Stellen;<br \/>\n&#8211; Enth\u00e4lt keine Alkalien, so dass das Produkt nicht abgesp\u00fclt werden muss und auch bei empfindlicher Haut nicht reizt.<\/p>\n<p><strong>USE<\/strong><\/p>\n<p>Tragen Sie das Produkt auf die F\u00fc\u00dfe oder die Nagelhaut auf. Lassen Sie es 1-2 Minuten einwirken. Arbeiten Sie es mit einer Feile ein, um die Haut der F\u00fc\u00dfe zu reinigen, oder mit einem Nagelhautschneider, um die Nagelhaut zu entfernen. Sp\u00fclen Sie das Produkt nicht ab, sondern trocknen Sie es bei Bedarf mit einem warmen, feuchten Handtuch ab.   <\/p>\n","protected":false},"excerpt":{"rendered":"<p>Professionelles Spray zur Entfernung von Hornhaut.<\/p>\n<p>225mL<\/p>\n","protected":false},"featured_media":4980,"template":"","meta":{"_acf_changed":false,"_seopress_robots_primary_cat":"","_seopress_titles_title":"","_seopress_titles_desc":"","_seopress_robots_index":"","_seopress_analysis_target_kw":""},"product_brand":[],"product_cat":[100],"product_tag":[],"class_list":{"0":"post-6666","1":"product","2":"type-product","3":"status-publish","4":"has-post-thumbnail","6":"product_cat-pedicure-spa-de","8":"first","9":"outofstock","10":"taxable","11":"shipping-taxable","12":"product-type-simple"},"acf":[],"jetpack_sharing_enabled":true,"_links":{"self":[{"href":"https:\/\/pro.beautyproject.ch\/de\/wp-json\/wp\/v2\/product\/6666","targetHints":{"allow":["GET"]}}],"collection":[{"href":"https:\/\/pro.beautyproject.ch\/de\/wp-json\/wp\/v2\/product"}],"about":[{"href":"https:\/\/pro.beautyproject.ch\/de\/wp-json\/wp\/v2\/types\/product"}],"wp:featuredmedia":[{"embeddable":true,"href":"https:\/\/pro.beautyproject.ch\/de\/wp-json\/wp\/v2\/media\/4980"}],"wp:attachment":[{"href":"https:\/\/pro.beautyproject.ch\/de\/wp-json\/wp\/v2\/media?parent=6666"}],"wp:term":[{"taxonomy":"product_brand","embeddable":true,"href":"https:\/\/pro.beautyproject.ch\/de\/wp-json\/wp\/v2\/product_brand?post=6666"},{"taxonomy":"product_cat","embeddable":true,"href":"https:\/\/pro.beautyproject.ch\/de\/wp-json\/wp\/v2\/product_cat?post=6666"},{"taxonomy":"product_tag","embeddable":true,"href":"https:\/\/pro.beautyproject.ch\/de\/wp-json\/wp\/v2\/product_tag?post=6666"}],"curies":[{"name":"wp","href":"https:\/\/api.w.org\/{rel}","templated":true}]}}