{"id":6669,"date":"2024-10-21T08:44:22","date_gmt":"2024-10-21T06:44:22","guid":{"rendered":"https:\/\/pro.beautyproject.ch\/prodotto\/kinetics-pedikuere-spa-pro-creme-peeling-250ml\/"},"modified":"2025-03-03T11:49:38","modified_gmt":"2025-03-03T10:49:38","slug":"kinetics-pedikuere-spa-pro-creme-peeling-250ml","status":"publish","type":"product","link":"https:\/\/pro.beautyproject.ch\/de\/produkt\/kinetics-pedikuere-spa-pro-creme-peeling-250ml\/","title":{"rendered":"Kinetics Pedik\u00fcre SPA Pro Creme-Peeling 250ml"},"content":{"rendered":"<p class=\"p1\">Effektives Peeling mit feuchtigkeitsspendender Wirkung durch die Kombination von vulkanischen Lavapartikeln und Shea Butter. Die cremige Konsistenz eignet sich hervorragend zur Massage, fettet nicht und muss nicht abgesp\u00fclt werden. <\/p>\n<p><strong>BENEFITS<\/strong><\/p>\n<p>&#8211; Fein zerkleinerte vulkanische Lavapartikel mit glatten R\u00e4ndern sorgen in Kombination mit Milchs\u00e4ure f\u00fcr ein effektives und sanftes Peeling;<br \/>\n&#8211; Die cremige, nicht fettende texture eignet sich gut zum Massieren, klebt nicht und muss nicht abgesp\u00fclt werden;<br \/>\n&#8211; Sheabutter speichert die Feuchtigkeit in den oberen Hautschichten und h\u00e4lt sie mehrere Stunden lang feucht;<br \/>\n&#8211; Argan\u00f6l mit Vitamin E ist ein starkes Antioxidans und ein Feuchtigkeitsspender, der trockene Hautstellen aufweicht;<br \/>\n&#8211; Der Duft von Grasse mit einer Basis aus wei\u00dfem Moschus, einem Herz aus Ingwer und Kopfnoten von Orangenbl\u00fcten schafft eine luxuri\u00f6se Atmosph\u00e4re.<\/p>\n<p><strong>USE<\/strong><\/p>\n<p>Tragen Sie eine kleine Menge auf die Unterschenkel und F\u00fc\u00dfe auf. Massieren Sie sie sanft und peelen Sie sie 2-3 Minuten lang. Nicht absp\u00fclen. Trocknen Sie die F\u00fc\u00dfe mit einem warmen, feuchten Handtuch ab, falls gew\u00fcnscht.   <\/p>\n","protected":false},"excerpt":{"rendered":"<p>Professionelles Fu\u00dfpeeling.<\/p>\n<p>250mL<\/p>\n","protected":false},"featured_media":4974,"template":"","meta":{"_acf_changed":false,"_seopress_robots_primary_cat":"","_seopress_titles_title":"","_seopress_titles_desc":"","_seopress_robots_index":"","_seopress_analysis_target_kw":""},"product_brand":[],"product_cat":[100],"product_tag":[],"class_list":{"0":"post-6669","1":"product","2":"type-product","3":"status-publish","4":"has-post-thumbnail","6":"product_cat-pedicure-spa-de","8":"first","9":"instock","10":"taxable","11":"shipping-taxable","12":"product-type-simple"},"acf":[],"jetpack_sharing_enabled":true,"_links":{"self":[{"href":"https:\/\/pro.beautyproject.ch\/de\/wp-json\/wp\/v2\/product\/6669","targetHints":{"allow":["GET"]}}],"collection":[{"href":"https:\/\/pro.beautyproject.ch\/de\/wp-json\/wp\/v2\/product"}],"about":[{"href":"https:\/\/pro.beautyproject.ch\/de\/wp-json\/wp\/v2\/types\/product"}],"wp:featuredmedia":[{"embeddable":true,"href":"https:\/\/pro.beautyproject.ch\/de\/wp-json\/wp\/v2\/media\/4974"}],"wp:attachment":[{"href":"https:\/\/pro.beautyproject.ch\/de\/wp-json\/wp\/v2\/media?parent=6669"}],"wp:term":[{"taxonomy":"product_brand","embeddable":true,"href":"https:\/\/pro.beautyproject.ch\/de\/wp-json\/wp\/v2\/product_brand?post=6669"},{"taxonomy":"product_cat","embeddable":true,"href":"https:\/\/pro.beautyproject.ch\/de\/wp-json\/wp\/v2\/product_cat?post=6669"},{"taxonomy":"product_tag","embeddable":true,"href":"https:\/\/pro.beautyproject.ch\/de\/wp-json\/wp\/v2\/product_tag?post=6669"}],"curies":[{"name":"wp","href":"https:\/\/api.w.org\/{rel}","templated":true}]}}