{"id":6677,"date":"2024-10-21T08:44:22","date_gmt":"2024-10-21T06:44:22","guid":{"rendered":"https:\/\/pro.beautyproject.ch\/prodotto\/kinetics-manikuere-spa-pro-feuchtigkeitscreme-250ml\/"},"modified":"2025-03-03T11:49:48","modified_gmt":"2025-03-03T10:49:48","slug":"kinetics-manikuere-spa-pro-feuchtigkeitscreme-250ml","status":"publish","type":"product","link":"https:\/\/pro.beautyproject.ch\/de\/produkt\/kinetics-manikuere-spa-pro-feuchtigkeitscreme-250ml\/","title":{"rendered":"Kinetics Manicure SPA Pro Feuchtigkeitscreme 250ml"},"content":{"rendered":"<p class=\"p1\">Feuchtigkeitscreme f\u00fcr die H\u00e4nde mit hochkonzentrierten Wirkstoffen, die die Kollagenproduktion anregen. Verbessert die Hautelastizit\u00e4t, beugt der Faltenbildung vor und l\u00e4sst die Haut j\u00fcnger aussehen. Basierend auf Paptiden, Sheabutter und Argan\u00f6l.  <\/p>\n","protected":false},"excerpt":{"rendered":"<p>Professionelle n\u00e4hrende Handcreme.<\/p>\n<p>250mL<\/p>\n","protected":false},"featured_media":4965,"template":"","meta":{"_acf_changed":false,"_seopress_robots_primary_cat":"","_seopress_titles_title":"","_seopress_titles_desc":"","_seopress_robots_index":"","_seopress_analysis_target_kw":""},"product_brand":[],"product_cat":[94],"product_tag":[],"class_list":{"0":"post-6677","1":"product","2":"type-product","3":"status-publish","4":"has-post-thumbnail","6":"product_cat-manicure-spa-de","8":"first","9":"instock","10":"taxable","11":"shipping-taxable","12":"product-type-simple"},"acf":[],"jetpack_sharing_enabled":true,"_links":{"self":[{"href":"https:\/\/pro.beautyproject.ch\/de\/wp-json\/wp\/v2\/product\/6677","targetHints":{"allow":["GET"]}}],"collection":[{"href":"https:\/\/pro.beautyproject.ch\/de\/wp-json\/wp\/v2\/product"}],"about":[{"href":"https:\/\/pro.beautyproject.ch\/de\/wp-json\/wp\/v2\/types\/product"}],"wp:featuredmedia":[{"embeddable":true,"href":"https:\/\/pro.beautyproject.ch\/de\/wp-json\/wp\/v2\/media\/4965"}],"wp:attachment":[{"href":"https:\/\/pro.beautyproject.ch\/de\/wp-json\/wp\/v2\/media?parent=6677"}],"wp:term":[{"taxonomy":"product_brand","embeddable":true,"href":"https:\/\/pro.beautyproject.ch\/de\/wp-json\/wp\/v2\/product_brand?post=6677"},{"taxonomy":"product_cat","embeddable":true,"href":"https:\/\/pro.beautyproject.ch\/de\/wp-json\/wp\/v2\/product_cat?post=6677"},{"taxonomy":"product_tag","embeddable":true,"href":"https:\/\/pro.beautyproject.ch\/de\/wp-json\/wp\/v2\/product_tag?post=6677"}],"curies":[{"name":"wp","href":"https:\/\/api.w.org\/{rel}","templated":true}]}}