{"id":7136,"date":"2025-08-21T17:48:07","date_gmt":"2025-08-21T15:48:07","guid":{"rendered":"https:\/\/pro.beautyproject.ch\/prodotto\/kinetics-shield-smart-top-light\/"},"modified":"2025-08-21T19:52:21","modified_gmt":"2025-08-21T17:52:21","slug":"kinetics-shield-smart-top-light","status":"publish","type":"product","link":"https:\/\/pro.beautyproject.ch\/de\/produkt\/kinetics-shield-smart-top-light\/","title":{"rendered":"kinetics Shield Smart Top Light"},"content":{"rendered":"<p data-start=\"40\" data-end=\"59\"><strong data-start=\"40\" data-end=\"57\">PRODUKT-INFO<\/strong><\/p>\n<p data-start=\"61\" data-end=\"96\">F\u00fcr einen nat\u00fcrlichen nail look<\/p>\n<p data-start=\"98\" data-end=\"426\">Shield Smart Top Light ist ein Top Coat mit einer leichten Konsistenz und ohne Dispersionsschicht, der perfekt f\u00fcr einen nat\u00fcrlichen Nageleffekt ist. Seine hochtransparente Formel verhindert Farbver\u00e4nderungen, w\u00e4hrend seine HEMA-freie Zusammensetzung das Risiko von Hautreizungen, Juckreiz, Abbl\u00e4ttern und R\u00f6tungen reduziert. <\/p>\n<hr data-start=\"428\" data-end=\"431\">\n<p data-start=\"433\" data-end=\"455\"><strong data-start=\"433\" data-end=\"453\">PRODUKTVERWENDUNG<\/strong><\/p>\n<p data-start=\"457\" data-end=\"564\">Smart Top Light kann sowohl mit semipermanenten Nagellacken als auch mit Gelsystemen verwendet werden.<\/p>\n<ul data-start=\"566\" data-end=\"937\">\n<li data-start=\"566\" data-end=\"702\">\n<p data-start=\"568\" data-end=\"702\"><strong data-start=\"568\" data-end=\"598\">Bei semi-permanentem Nagellack:<\/strong> Tragen Sie nach dem Aush\u00e4rten der Farbe Shield Smart Top Light auf und lassen Sie es 60 Sekunden lang aush\u00e4rten.<\/p>\n<\/li>\n<li data-start=\"704\" data-end=\"937\">\n<p data-start=\"706\" data-end=\"937\"><strong data-start=\"706\" data-end=\"726\">Bei Gel-Systemen:<\/strong> Nach dem Aush\u00e4rten des Builder-Gels entfernen Sie die Dispersionsschicht, mattieren die Oberfl\u00e4che und reinigen die N\u00e4gel. Tragen Sie anschlie\u00dfend Shield Smart Top Light auf und h\u00e4rten Sie es 60 Sekunden lang aus. <\/p>\n<\/li>\n<\/ul>\n","protected":false},"excerpt":{"rendered":"<p>PRODUKT-INFO F\u00fcr einen nat\u00fcrlichen nail look Shield Smart Top Light ist ein Top Coat mit einer leichten Konsistenz und ohne Dispersionsschicht, der perfekt f\u00fcr einen nat\u00fcrlichen Nageleffekt ist. Seine hochtransparente Formel verhindert Farbver\u00e4nderungen, w\u00e4hrend seine HEMA-freie Zusammensetzung das Risiko von Hautreizungen, Juckreiz, Abbl\u00e4ttern und R\u00f6tungen reduziert. PRODUKTVERWENDUNG Smart Top Light kann sowohl mit semipermanenten Nagellacken [&hellip;]<\/p>\n","protected":false},"featured_media":7134,"template":"","meta":{"_acf_changed":false,"_seopress_robots_primary_cat":"none","_seopress_titles_title":"","_seopress_titles_desc":"","_seopress_robots_index":"","_seopress_analysis_target_kw":""},"product_brand":[],"product_cat":[112],"product_tag":[],"class_list":{"0":"post-7136","1":"product","2":"type-product","3":"status-publish","4":"has-post-thumbnail","6":"product_cat-shield-top-coat-de-2","8":"first","9":"instock","10":"taxable","11":"shipping-taxable","12":"product-type-simple"},"acf":[],"jetpack_sharing_enabled":true,"_links":{"self":[{"href":"https:\/\/pro.beautyproject.ch\/de\/wp-json\/wp\/v2\/product\/7136","targetHints":{"allow":["GET"]}}],"collection":[{"href":"https:\/\/pro.beautyproject.ch\/de\/wp-json\/wp\/v2\/product"}],"about":[{"href":"https:\/\/pro.beautyproject.ch\/de\/wp-json\/wp\/v2\/types\/product"}],"wp:featuredmedia":[{"embeddable":true,"href":"https:\/\/pro.beautyproject.ch\/de\/wp-json\/wp\/v2\/media\/7134"}],"wp:attachment":[{"href":"https:\/\/pro.beautyproject.ch\/de\/wp-json\/wp\/v2\/media?parent=7136"}],"wp:term":[{"taxonomy":"product_brand","embeddable":true,"href":"https:\/\/pro.beautyproject.ch\/de\/wp-json\/wp\/v2\/product_brand?post=7136"},{"taxonomy":"product_cat","embeddable":true,"href":"https:\/\/pro.beautyproject.ch\/de\/wp-json\/wp\/v2\/product_cat?post=7136"},{"taxonomy":"product_tag","embeddable":true,"href":"https:\/\/pro.beautyproject.ch\/de\/wp-json\/wp\/v2\/product_tag?post=7136"}],"curies":[{"name":"wp","href":"https:\/\/api.w.org\/{rel}","templated":true}]}}