{"id":7147,"date":"2025-08-21T20:00:05","date_gmt":"2025-08-21T18:00:05","guid":{"rendered":"https:\/\/pro.beautyproject.ch\/prodotto\/shield-ceramic-base-clear\/"},"modified":"2025-08-21T20:00:05","modified_gmt":"2025-08-21T18:00:05","slug":"shield-ceramic-base-clear","status":"publish","type":"product","link":"https:\/\/pro.beautyproject.ch\/de\/produkt\/shield-ceramic-base-clear\/","title":{"rendered":"SHIELD\u2122 CERAMIC BASE CLEAR"},"content":{"rendered":"<p data-start=\"50\" data-end=\"69\"><strong data-start=\"50\" data-end=\"67\">PRODUKTINFORMATION<\/strong><\/p>\n<p data-start=\"71\" data-end=\"223\">SHIELD\u2122 Ceramic Base Clear ist ein starker und haltbarer Unterlack mit einer Haltbarkeit von bis zu 28 Tagen. Er erm\u00f6glicht Nagelverl\u00e4ngerungen von bis zu 2 mm. <\/p>\n<p data-start=\"225\" data-end=\"394\">Die Formel hat eine feste, gelartige Struktur, die selbst auf langen oder flexiblen N\u00e4geln nicht rei\u00dft und ihre Form w\u00e4hrend der Anwendung beibeh\u00e4lt.<\/p>\n<p data-start=\"396\" data-end=\"602\">SHIELD\u2122 Ceramic Base Clear hat eine dichte Konsistenz, die nicht auf die Nagelhaut tropft oder sich bewegt. Er ist selbstnivellierend und erm\u00f6glicht eine perfekte Nagelform mit einer extrem glatten Oberfl\u00e4che. <\/p>\n<p data-start=\"604\" data-end=\"748\">SHIELD\u2122 Ceramic Base Clear ist HEMA-frei, wodurch das Risiko von Juckreiz und Hautr\u00f6tungen im Vergleich zu HEMA-haltigen Basen reduziert wird.<\/p>\n<p data-start=\"750\" data-end=\"792\">H\u00e4rtet in LED-, UV\/LED- und UV-Lampen aus.<\/p>\n<hr data-start=\"794\" data-end=\"797\">\n<p data-start=\"799\" data-end=\"821\"><strong data-start=\"799\" data-end=\"819\">PRODUKTVERWENDUNG<\/strong><\/p>\n<p data-start=\"823\" data-end=\"917\">SHIELD\u2122 Ceramic Base Clear kann nur mit der Builder-Applikationstechnik verwendet werden.<\/p>\n<ul data-start=\"919\" data-end=\"1640\">\n<li data-start=\"919\" data-end=\"1403\">\n<p data-start=\"921\" data-end=\"1225\"><strong data-start=\"921\" data-end=\"938\">Anwendung.<\/strong>  Bereiten Sie die Nageloberfl\u00e4che vor und tragen Sie eine d\u00fcnne Schicht der SHIELD\u2122 Ceramic Base Clear auf. Fahren Sie ohne Lichth\u00e4rtung mit dem Auftragen einer dickeren Schicht fort, um den Scheitelpunkt des Nagels zu gestalten. Falls erforderlich, verl\u00e4ngern Sie den Nagel um bis zu 2 mm oder reparieren Sie ihn.  <\/p>\n<p data-start=\"1229\" data-end=\"1403\">Polymerisieren Sie 30 Sekunden lang unter einer LED- oder UV\/LED-Lampe oder 90 Sekunden unter einer UV-Lampe. Fahren Sie mit der Anwendung der gew\u00fcnschten Shield Farbe und des Shield Top Coat fort. <\/p>\n<\/li>\n<li data-start=\"1405\" data-end=\"1640\">\n<p data-start=\"1407\" data-end=\"1640\"><strong data-start=\"1407\" data-end=\"1421\">Entfernung.<\/strong>  Entfernen Sie das Produkt mit einer Feile, bis es vollst\u00e4ndig entfernt ist. Alternativ feilen Sie den gr\u00f6\u00dften Teil des Produkts weg und entfernen es dann mit Aceton Remover, wie z.B. Red Lizard, bis es vollst\u00e4ndig entfernt ist. <\/p>\n<\/li>\n<\/ul>\n","protected":false},"excerpt":{"rendered":"<p>PRODUKTINFORMATION SHIELD\u2122 Ceramic Base Clear ist ein starker und haltbarer Unterlack mit einer Haltbarkeit von bis zu 28 Tagen. Er erm\u00f6glicht Nagelverl\u00e4ngerungen von bis zu 2 mm. Die Formel hat eine feste, gelartige Struktur, die selbst auf langen oder flexiblen N\u00e4geln nicht rei\u00dft und ihre Form w\u00e4hrend der Anwendung beibeh\u00e4lt. SHIELD\u2122 Ceramic Base Clear hat [&hellip;]<\/p>\n","protected":false},"featured_media":7146,"template":"","meta":{"_acf_changed":false,"_seopress_robots_primary_cat":"none","_seopress_titles_title":"","_seopress_titles_desc":"","_seopress_robots_index":"","_seopress_analysis_target_kw":""},"product_brand":[],"product_cat":[107],"product_tag":[],"class_list":{"0":"post-7147","1":"product","2":"type-product","3":"status-publish","4":"has-post-thumbnail","6":"product_cat-shield-base-de","8":"first","9":"instock","10":"taxable","11":"shipping-taxable","12":"product-type-simple"},"acf":[],"jetpack_sharing_enabled":true,"_links":{"self":[{"href":"https:\/\/pro.beautyproject.ch\/de\/wp-json\/wp\/v2\/product\/7147","targetHints":{"allow":["GET"]}}],"collection":[{"href":"https:\/\/pro.beautyproject.ch\/de\/wp-json\/wp\/v2\/product"}],"about":[{"href":"https:\/\/pro.beautyproject.ch\/de\/wp-json\/wp\/v2\/types\/product"}],"wp:featuredmedia":[{"embeddable":true,"href":"https:\/\/pro.beautyproject.ch\/de\/wp-json\/wp\/v2\/media\/7146"}],"wp:attachment":[{"href":"https:\/\/pro.beautyproject.ch\/de\/wp-json\/wp\/v2\/media?parent=7147"}],"wp:term":[{"taxonomy":"product_brand","embeddable":true,"href":"https:\/\/pro.beautyproject.ch\/de\/wp-json\/wp\/v2\/product_brand?post=7147"},{"taxonomy":"product_cat","embeddable":true,"href":"https:\/\/pro.beautyproject.ch\/de\/wp-json\/wp\/v2\/product_cat?post=7147"},{"taxonomy":"product_tag","embeddable":true,"href":"https:\/\/pro.beautyproject.ch\/de\/wp-json\/wp\/v2\/product_tag?post=7147"}],"curies":[{"name":"wp","href":"https:\/\/api.w.org\/{rel}","templated":true}]}}