{"id":7239,"date":"2024-10-21T08:44:30","date_gmt":"2024-10-21T06:44:30","guid":{"rendered":"https:\/\/pro.beautyproject.ch\/prodotto\/kinetics-nail-polish-remover-green-lizard-with-apricot-scent-225-ml\/"},"modified":"2024-10-21T08:44:30","modified_gmt":"2024-10-21T06:44:30","slug":"kinetics-nail-polish-remover-green-lizard-with-apricot-scent-225-ml","status":"publish","type":"product","link":"https:\/\/pro.beautyproject.ch\/de\/produkt\/kinetics-nail-polish-remover-green-lizard-with-apricot-scent-225-ml\/","title":{"rendered":"Kinetics Nail Polish Remover Green Lizard with Apricot scent 225 ml"},"content":{"rendered":"<p>Sanfter professioneller Nagellackentferner mit einem erfrischenden Aprikosenduft und einem zarten Hauch von Pfirsich. Er ist perfekt f\u00fcr Natur- und Acryln\u00e4gel geeignet und kann auch bei schwachen und besch\u00e4digten N\u00e4geln verwendet werden. <\/p>\n","protected":false},"excerpt":{"rendered":"<p>Acetonfreies L\u00f6sungsmittel zum Entfernen von SolarGel-Email.<\/p>\n","protected":false},"featured_media":2246,"template":"","meta":{"_acf_changed":false,"_seopress_robots_primary_cat":"none","_seopress_titles_title":"","_seopress_titles_desc":"","_seopress_robots_index":"","_seopress_analysis_target_kw":""},"product_brand":[],"product_cat":[103],"product_tag":[],"class_list":{"0":"post-7239","1":"product","2":"type-product","3":"status-publish","4":"has-post-thumbnail","6":"product_cat-removers-de","8":"first","9":"outofstock","10":"taxable","11":"shipping-taxable","12":"product-type-simple"},"acf":[],"jetpack_sharing_enabled":true,"_links":{"self":[{"href":"https:\/\/pro.beautyproject.ch\/de\/wp-json\/wp\/v2\/product\/7239","targetHints":{"allow":["GET"]}}],"collection":[{"href":"https:\/\/pro.beautyproject.ch\/de\/wp-json\/wp\/v2\/product"}],"about":[{"href":"https:\/\/pro.beautyproject.ch\/de\/wp-json\/wp\/v2\/types\/product"}],"wp:featuredmedia":[{"embeddable":true,"href":"https:\/\/pro.beautyproject.ch\/de\/wp-json\/wp\/v2\/media\/2246"}],"wp:attachment":[{"href":"https:\/\/pro.beautyproject.ch\/de\/wp-json\/wp\/v2\/media?parent=7239"}],"wp:term":[{"taxonomy":"product_brand","embeddable":true,"href":"https:\/\/pro.beautyproject.ch\/de\/wp-json\/wp\/v2\/product_brand?post=7239"},{"taxonomy":"product_cat","embeddable":true,"href":"https:\/\/pro.beautyproject.ch\/de\/wp-json\/wp\/v2\/product_cat?post=7239"},{"taxonomy":"product_tag","embeddable":true,"href":"https:\/\/pro.beautyproject.ch\/de\/wp-json\/wp\/v2\/product_tag?post=7239"}],"curies":[{"name":"wp","href":"https:\/\/api.w.org\/{rel}","templated":true}]}}