{"id":7281,"date":"2025-10-26T10:49:04","date_gmt":"2025-10-26T09:49:04","guid":{"rendered":"https:\/\/pro.beautyproject.ch\/?post_type=product&#038;p=7281"},"modified":"2025-10-26T11:00:41","modified_gmt":"2025-10-26T10:00:41","slug":"kinetics-handbody-lotion-frangipanisicilian-lemon-250ml-copia","status":"publish","type":"product","link":"https:\/\/pro.beautyproject.ch\/de\/produkt\/kinetics-handbody-lotion-frangipanisicilian-lemon-250ml-copia\/","title":{"rendered":"Kinetics Hand&amp;Body Lotion Sichuanpfeffer&amp;Zeder 250ml"},"content":{"rendered":"<p>Duft: Sichuanpfeffer und Zedernholz<\/p>\n<p>Parf\u00fcmierte Lotion von texture ultraleicht, angereichert mit Sheabutter, Vitamin E und \u00e4therischen \u00d6len aus Grasse, Frankreich. Feuchtigkeitsspendend 24 Stunden am Tag. <\/p>\n<p><strong>PERFUME<\/strong><\/p>\n<p>Noten von frischer Bergamotte und Zedernholz er\u00f6ffnen diesen Unisex-Duft mit einem holzigen, moschusartigen Charakter. Mit einer Herznote aus w\u00fcrzigem Pfeffer und rauchigem Vetiver und einer Basisnote, die Eichenmoos, Tonkabohne und Pfeffer warm vereint, ist dieses Parf\u00fcm die perfekte Wahl f\u00fcr einen abendlichen Anlass. <\/p>\n<p><strong>Kopfnoten<\/strong>: Zitrone, Bergamotte und Orange, sizilianische Zitrone<\/p>\n<p><strong>Herznote<\/strong>: Sichuan-Pfeffer, Rosa Pfeffer, Vetiver<\/p>\n<p><strong>Basisnoten<\/strong>: Tonkabohne, Pfeffer, Eichenmoos<\/p>\n<p><strong>Geruchsfamilie<\/strong>: Frisch<\/p>\n<p>&nbsp;<\/p>\n<p><strong>USE<\/strong><\/p>\n<p>Tragen Sie die Creme ein- bis zweimal t\u00e4glich auf die Handfl\u00e4chen und Arme auf und massieren Sie sie ein. Falls erforderlich, tragen Sie sie \u00f6fter auf. Die parf\u00fcmierte Lotion kann am ganzen K\u00f6rper verwendet werden.  <\/p>\n","protected":false},"excerpt":{"rendered":"<p>Parf\u00fcmierte Lotion von texture Ultraleicht, angereichert mit Sheabutter, Vitamin E und \u00e4therischen \u00d6len von Grasse, Frankreich.<\/p>\n<p>250mL<\/p>\n","protected":false},"featured_media":7304,"template":"","meta":{"_acf_changed":false,"_seopress_robots_primary_cat":"none","_seopress_titles_title":"","_seopress_titles_desc":"","_seopress_robots_index":"","_seopress_analysis_target_kw":""},"product_brand":[],"product_cat":[116],"product_tag":[],"class_list":{"0":"post-7281","1":"product","2":"type-product","3":"status-publish","4":"has-post-thumbnail","6":"product_cat-skin-care-de","8":"first","9":"outofstock","10":"taxable","11":"shipping-taxable","12":"product-type-simple"},"acf":[],"jetpack_sharing_enabled":true,"_links":{"self":[{"href":"https:\/\/pro.beautyproject.ch\/de\/wp-json\/wp\/v2\/product\/7281","targetHints":{"allow":["GET"]}}],"collection":[{"href":"https:\/\/pro.beautyproject.ch\/de\/wp-json\/wp\/v2\/product"}],"about":[{"href":"https:\/\/pro.beautyproject.ch\/de\/wp-json\/wp\/v2\/types\/product"}],"wp:featuredmedia":[{"embeddable":true,"href":"https:\/\/pro.beautyproject.ch\/de\/wp-json\/wp\/v2\/media\/7304"}],"wp:attachment":[{"href":"https:\/\/pro.beautyproject.ch\/de\/wp-json\/wp\/v2\/media?parent=7281"}],"wp:term":[{"taxonomy":"product_brand","embeddable":true,"href":"https:\/\/pro.beautyproject.ch\/de\/wp-json\/wp\/v2\/product_brand?post=7281"},{"taxonomy":"product_cat","embeddable":true,"href":"https:\/\/pro.beautyproject.ch\/de\/wp-json\/wp\/v2\/product_cat?post=7281"},{"taxonomy":"product_tag","embeddable":true,"href":"https:\/\/pro.beautyproject.ch\/de\/wp-json\/wp\/v2\/product_tag?post=7281"}],"curies":[{"name":"wp","href":"https:\/\/api.w.org\/{rel}","templated":true}]}}