{"id":5875,"date":"2024-10-25T09:02:32","date_gmt":"2024-10-25T07:02:32","guid":{"rendered":"https:\/\/pro.beautyproject.ch\/a-propos-de-nous\/"},"modified":"2025-03-03T11:45:47","modified_gmt":"2025-03-03T10:45:47","slug":"a-propos-de-nous","status":"publish","type":"page","link":"https:\/\/pro.beautyproject.ch\/fr\/a-propos-de-nous\/","title":{"rendered":"A propos de nous"},"content":{"rendered":"\t\t<div data-elementor-type=\"wp-page\" data-elementor-id=\"5875\" class=\"elementor elementor-5875 elementor-1143\" data-elementor-post-type=\"page\">\n\t\t\t\t\t\t<section class=\"elementor-section elementor-top-section elementor-element elementor-element-18502eb3 elementor-section-content-middle elementor-section-boxed elementor-section-height-default elementor-section-height-default\" data-id=\"18502eb3\" data-element_type=\"section\" data-e-type=\"section\" data-settings=\"{&quot;background_background&quot;:&quot;classic&quot;}\">\n\t\t\t\t\t\t<div class=\"elementor-container elementor-column-gap-default\">\n\t\t\t\t\t<div class=\"elementor-column elementor-col-100 elementor-top-column elementor-element elementor-element-2f4d3c05\" data-id=\"2f4d3c05\" data-element_type=\"column\" data-e-type=\"column\">\n\t\t\t<div class=\"elementor-widget-wrap elementor-element-populated\">\n\t\t\t\t\t\t<div class=\"elementor-element elementor-element-684a37b elementor-widget elementor-widget-shortcode\" data-id=\"684a37b\" data-element_type=\"widget\" data-e-type=\"widget\" data-widget_type=\"shortcode.default\">\n\t\t\t\t<div class=\"elementor-widget-container\">\n\t\t\t\t\t\t\t<div class=\"elementor-shortcode\"><nav  aria-label=\"Fil d&#039;Ariane\"><ol class=\"breadcrumb\"><li class=\"breadcrumb-item active\" aria-current=\"page\"><span>Accueil<\/span><\/li><\/ol><\/nav>\n<\/div>\n\t\t\t\t\t\t<\/div>\n\t\t\t\t<\/div>\n\t\t\t\t\t<\/div>\n\t\t<\/div>\n\t\t\t\t\t<\/div>\n\t\t<\/section>\n\t\t\t\t<section class=\"elementor-section elementor-top-section elementor-element elementor-element-f5d6875 elementor-section-content-middle elementor-section-boxed elementor-section-height-default elementor-section-height-default\" data-id=\"f5d6875\" data-element_type=\"section\" data-e-type=\"section\">\n\t\t\t\t\t\t<div class=\"elementor-container elementor-column-gap-default\">\n\t\t\t\t\t<div class=\"elementor-column elementor-col-50 elementor-top-column elementor-element elementor-element-a89808e\" data-id=\"a89808e\" data-element_type=\"column\" data-e-type=\"column\">\n\t\t\t<div class=\"elementor-widget-wrap elementor-element-populated\">\n\t\t\t\t\t\t<div class=\"elementor-element elementor-element-27a26fd elementor-widget elementor-widget-image\" data-id=\"27a26fd\" data-element_type=\"widget\" data-e-type=\"widget\" data-widget_type=\"image.default\">\n\t\t\t\t<div class=\"elementor-widget-container\">\n\t\t\t\t\t\t\t\t\t\t\t\t\t\t\t<img fetchpriority=\"high\" decoding=\"async\" width=\"1200\" height=\"900\" src=\"https:\/\/pro.beautyproject.ch\/wp-content\/uploads\/2025\/01\/science_foundation0868-Medium.webp\" class=\"attachment-full size-full wp-image-5336\" alt=\"\" srcset=\"https:\/\/pro.beautyproject.ch\/wp-content\/uploads\/2025\/01\/science_foundation0868-Medium.webp 1200w, https:\/\/pro.beautyproject.ch\/wp-content\/uploads\/2025\/01\/science_foundation0868-Medium-600x450.webp 600w, https:\/\/pro.beautyproject.ch\/wp-content\/uploads\/2025\/01\/science_foundation0868-Medium-64x48.webp 64w, https:\/\/pro.beautyproject.ch\/wp-content\/uploads\/2025\/01\/science_foundation0868-Medium-300x225.webp 300w, https:\/\/pro.beautyproject.ch\/wp-content\/uploads\/2025\/01\/science_foundation0868-Medium-1024x768.webp 1024w, https:\/\/pro.beautyproject.ch\/wp-content\/uploads\/2025\/01\/science_foundation0868-Medium-768x576.webp 768w\" sizes=\"(max-width: 1200px) 100vw, 1200px\" \/>\t\t\t\t\t\t\t\t\t\t\t\t\t\t\t<\/div>\n\t\t\t\t<\/div>\n\t\t\t\t\t<\/div>\n\t\t<\/div>\n\t\t\t\t<div class=\"elementor-column elementor-col-50 elementor-top-column elementor-element elementor-element-358f4d7\" data-id=\"358f4d7\" data-element_type=\"column\" data-e-type=\"column\">\n\t\t\t<div class=\"elementor-widget-wrap elementor-element-populated\">\n\t\t\t\t\t\t<div class=\"elementor-element elementor-element-3acdbbb elementor-widget elementor-widget-heading\" data-id=\"3acdbbb\" data-element_type=\"widget\" data-e-type=\"widget\" data-widget_type=\"heading.default\">\n\t\t\t\t<div class=\"elementor-widget-container\">\n\t\t\t\t\t<h2 class=\"elementor-heading-title elementor-size-default\">Beauty Project<\/h2>\t\t\t\t<\/div>\n\t\t\t\t<\/div>\n\t\t\t\t<div class=\"elementor-element elementor-element-c63e906 elementor-widget-divider--view-line elementor-widget elementor-widget-divider\" data-id=\"c63e906\" data-element_type=\"widget\" data-e-type=\"widget\" data-widget_type=\"divider.default\">\n\t\t\t\t<div class=\"elementor-widget-container\">\n\t\t\t\t\t\t\t<div class=\"elementor-divider\">\n\t\t\t<span class=\"elementor-divider-separator\">\n\t\t\t\t\t\t<\/span>\n\t\t<\/div>\n\t\t\t\t\t\t<\/div>\n\t\t\t\t<\/div>\n\t\t\t\t<div class=\"elementor-element elementor-element-ec36d7f elementor-widget elementor-widget-heading\" data-id=\"ec36d7f\" data-element_type=\"widget\" data-e-type=\"widget\" data-widget_type=\"heading.default\">\n\t\t\t\t<div class=\"elementor-widget-container\">\n\t\t\t\t\t<h2 class=\"elementor-heading-title elementor-size-default\">Distributeurs exclusifs de Kinetics en Suisse\n<\/h2>\t\t\t\t<\/div>\n\t\t\t\t<\/div>\n\t\t\t\t<div class=\"elementor-element elementor-element-23bfbfd elementor-widget elementor-widget-text-editor\" data-id=\"23bfbfd\" data-element_type=\"widget\" data-e-type=\"widget\" data-widget_type=\"text-editor.default\">\n\t\t\t\t<div class=\"elementor-widget-container\">\n\t\t\t\t\t\t\t\t\t<p><strong>Beauty Project<\/strong> est n\u00e9e d&#8217;une passion pour la beaut\u00e9 et d&#8217;une collaboration avec des <strong>professionnels de la beaut\u00e9<\/strong> sp\u00e9cialis\u00e9s dans les <strong>soins des mains et des pieds<\/strong>. Nous sommes le <strong>distributeur exclusif de Kinetics en Suisse<\/strong>, offrant une gamme compl\u00e8te de <strong>produits professionnels de haute qualit\u00e9 pour<\/strong> les <strong>ongles<\/strong>, id\u00e9ale pour les <strong>salons<\/strong> <strong>de<\/strong> <strong>beaut\u00e9<\/strong>, les <strong>ongleries<\/strong>, les <strong>salons de coiffure<\/strong>, les <strong>h\u00f4tels<\/strong> et les <strong>spas<\/strong>. <\/p><p>Notre mission est de fournir des <strong>produits de haute qualit\u00e9 pour les ongles<\/strong> et un soutien d\u00e9vou\u00e9, permettant aux <strong>professionnels de la beaut\u00e9 de<\/strong> cr\u00e9er des <strong>r\u00e9sultats impeccables<\/strong> pour leurs clients. Avec <strong>plus de 20 ans d&#8217;exp\u00e9rience dans l&#8217;industrie de la beaut\u00e9<\/strong>, nous garantissons la <strong>qualit\u00e9<\/strong>, l&#8217;<strong>innovation<\/strong> et un <strong>soutien continu.<\/strong> <\/p><h3>Pourquoi choisir Beauty Project?<\/h3><ul><li><strong>Produits de haute qualit\u00e9 pour les ongles<\/strong>: nous n&#8217;offrons que le meilleur pour garantir des <strong>manucures et des p\u00e9dicures professionnelles<\/strong> avec des r\u00e9sultats <strong>excellents et durables.<\/strong><\/li><li><strong>Exp\u00e9rience et professionnalisme dans le secteur de l&#8217;esth\u00e9tique<\/strong>: Avec <strong>plus de 20 ans d&#8217;exp\u00e9rience<\/strong>, nous comprenons les besoins des <strong>professionnels<\/strong> et leur apportons un soutien appropri\u00e9.<\/li><li><strong>Support d\u00e9di\u00e9 aux professionnels de la beaut\u00e9<\/strong>: Notre \u00e9quipe est toujours disponible pour r\u00e9pondre \u00e0 vos questions et vous assister \u00e0 chaque \u00e9tape de votre travail.<\/li><\/ul><p><strong>D\u00e9couvrez les produits Kinetics<\/strong> et \u00e9levez votre niveau de service \u00e0 l&#8217;excellence. Avec Kinetics, la beaut\u00e9 professionnelle est toujours \u00e0 port\u00e9e de main. <strong>Beauty Project<\/strong>la <strong>beaut\u00e9 professionnelle<\/strong> est toujours au bout de vos doigts. <\/p>\t\t\t\t\t\t\t\t<\/div>\n\t\t\t\t<\/div>\n\t\t\t\t\t<\/div>\n\t\t<\/div>\n\t\t\t\t\t<\/div>\n\t\t<\/section>\n\t\t\t\t<\/div>\n\t\t","protected":false},"excerpt":{"rendered":"<p>Beauty Project Distributeurs exclusifs de Kinetics en Suisse Beauty Project est n\u00e9e d&#8217;une passion pour la beaut\u00e9 et d&#8217;une collaboration avec des professionnels de la beaut\u00e9 sp\u00e9cialis\u00e9s dans les soins des mains et des pieds. Nous sommes le distributeur exclusif de Kinetics en Suisse, offrant une gamme compl\u00e8te de produits professionnels de haute qualit\u00e9 pour [&hellip;]<\/p>\n","protected":false},"author":2,"featured_media":0,"parent":0,"menu_order":0,"comment_status":"closed","ping_status":"closed","template":"elementor_header_footer","meta":{"_acf_changed":false,"_seopress_robots_primary_cat":"","_seopress_titles_title":"","_seopress_titles_desc":"","_seopress_robots_index":"","_seopress_analysis_target_kw":"","footnotes":""},"class_list":["post-5875","page","type-page","status-publish","hentry"],"acf":[],"jetpack_sharing_enabled":true,"_links":{"self":[{"href":"https:\/\/pro.beautyproject.ch\/fr\/wp-json\/wp\/v2\/pages\/5875","targetHints":{"allow":["GET"]}}],"collection":[{"href":"https:\/\/pro.beautyproject.ch\/fr\/wp-json\/wp\/v2\/pages"}],"about":[{"href":"https:\/\/pro.beautyproject.ch\/fr\/wp-json\/wp\/v2\/types\/page"}],"author":[{"embeddable":true,"href":"https:\/\/pro.beautyproject.ch\/fr\/wp-json\/wp\/v2\/users\/2"}],"replies":[{"embeddable":true,"href":"https:\/\/pro.beautyproject.ch\/fr\/wp-json\/wp\/v2\/comments?post=5875"}],"version-history":[{"count":5,"href":"https:\/\/pro.beautyproject.ch\/fr\/wp-json\/wp\/v2\/pages\/5875\/revisions"}],"predecessor-version":[{"id":6938,"href":"https:\/\/pro.beautyproject.ch\/fr\/wp-json\/wp\/v2\/pages\/5875\/revisions\/6938"}],"wp:attachment":[{"href":"https:\/\/pro.beautyproject.ch\/fr\/wp-json\/wp\/v2\/media?parent=5875"}],"curies":[{"name":"wp","href":"https:\/\/api.w.org\/{rel}","templated":true}]}}