{"id":5671,"date":"2024-10-21T08:42:48","date_gmt":"2024-10-21T06:42:48","guid":{"rendered":"https:\/\/pro.beautyproject.ch\/prodotto\/kinetics-solargel-vernis-a-ongles-beginnings-001\/"},"modified":"2026-05-15T14:16:28","modified_gmt":"2026-05-15T12:16:28","slug":"kinetics-solargel-vernis-a-ongles-beginnings-001","status":"publish","type":"product","link":"https:\/\/pro.beautyproject.ch\/fr\/produit\/kinetics-solargel-vernis-a-ongles-beginnings-001\/","title":{"rendered":"Kinetics SolarGel Nail Polish Beginnings #001"},"content":{"rendered":"<p>Couleur : blanc optique<\/p>\n","protected":false},"excerpt":{"rendered":"<p>Une formule d&#8217;\u00e9mail \u00e0 deux phases qui, envelopp\u00e9e d&#8217;un scellant r\u00e9sistant aux rayures, garantit une r\u00e9sistance in\u00e9gal\u00e9e par rapport aux \u00e9maux traditionnels : jusqu&#8217;\u00e0 10 jours avec un incroyable effet ultra-brillant gel.<\/p>\n<p>Beginnings #001<\/p>\n","protected":false},"featured_media":2519,"template":"","meta":{"_acf_changed":false,"_seopress_robots_primary_cat":"none","_seopress_titles_title":"","_seopress_titles_desc":"","_seopress_robots_index":"","_seopress_analysis_target_kw":""},"product_brand":[],"product_cat":[119],"product_tag":[],"class_list":{"0":"post-5671","1":"product","2":"type-product","3":"status-publish","4":"has-post-thumbnail","6":"product_cat-solargel-fr","8":"first","9":"instock","10":"taxable","11":"shipping-taxable","12":"product-type-simple"},"acf":[],"jetpack_sharing_enabled":true,"_links":{"self":[{"href":"https:\/\/pro.beautyproject.ch\/fr\/wp-json\/wp\/v2\/product\/5671","targetHints":{"allow":["GET"]}}],"collection":[{"href":"https:\/\/pro.beautyproject.ch\/fr\/wp-json\/wp\/v2\/product"}],"about":[{"href":"https:\/\/pro.beautyproject.ch\/fr\/wp-json\/wp\/v2\/types\/product"}],"wp:featuredmedia":[{"embeddable":true,"href":"https:\/\/pro.beautyproject.ch\/fr\/wp-json\/wp\/v2\/media\/2519"}],"wp:attachment":[{"href":"https:\/\/pro.beautyproject.ch\/fr\/wp-json\/wp\/v2\/media?parent=5671"}],"wp:term":[{"taxonomy":"product_brand","embeddable":true,"href":"https:\/\/pro.beautyproject.ch\/fr\/wp-json\/wp\/v2\/product_brand?post=5671"},{"taxonomy":"product_cat","embeddable":true,"href":"https:\/\/pro.beautyproject.ch\/fr\/wp-json\/wp\/v2\/product_cat?post=5671"},{"taxonomy":"product_tag","embeddable":true,"href":"https:\/\/pro.beautyproject.ch\/fr\/wp-json\/wp\/v2\/product_tag?post=5671"}],"curies":[{"name":"wp","href":"https:\/\/api.w.org\/{rel}","templated":true}]}}