{"id":6047,"date":"2024-10-21T08:43:35","date_gmt":"2024-10-21T06:43:35","guid":{"rendered":"https:\/\/pro.beautyproject.ch\/prodotto\/kinetics-shield-gel-polish-lumiere-199\/"},"modified":"2025-08-20T15:32:38","modified_gmt":"2025-08-20T13:32:38","slug":"kinetics-shield-gel-polish-lumiere-199","status":"publish","type":"product","link":"https:\/\/pro.beautyproject.ch\/fr\/produit\/kinetics-shield-gel-polish-lumiere-199\/","title":{"rendered":"Kinetics SHIELD Gel Polish Lumi\u00e8re #199"},"content":{"rendered":"<p>Couleur : blanc latigo translucide<\/p>\n<p>Fait partie de la collection :<\/p>\n<p><strong>UTILISER<\/strong><\/p>\n<p>1. D\u00e9sinfectez vos mains avec Pro Hand Sanitiser Spray et r\u00e9alisez une manucure (dry \u00e0 l&#8217;aide de la fraise ou du classique) et fa\u00e7onnez les ongles \u00e0 l&#8217;aide de la lime Miss Rhino (c\u00f4t\u00e9 blanc). L&#8217;\u00e9moussage \u00e9ventuel de la feuille peut \u00eatre fait avec le c\u00f4t\u00e9 gris de la lime.<br \/>\n2. Nettoyez tous les ongles avec un coton-tige imbib\u00e9 de Di-Tack Cleanser pour \u00e9liminer l&#8217;huile et la poussi\u00e8re et appliquez Dehidrator, en le laissant s&#8217;\u00e9vaporer pendant quelques secondes.<br \/>\n3. Appliquer une SHIELD\u2122 Base de votre choix, et polym\u00e9riser sous lampe LED pendant 30 secondes.<br \/>\n4. Appliquez une l\u00e9g\u00e8re couche de SHIELD\u2122 Colour de votre choix en prenant soin de sceller \u00e9galement le bord libre et durcissez sous une lampe LED pendant 30 secondes.<br \/>\n5. Pour une opacit\u00e9 ultra-pigment\u00e9e, r\u00e9p\u00e9tez l&#8217;\u00e9tape 4.<br \/>\n6. Appliquer un SHIELD\u2122 Top Coat de votre choix, en veillant \u00e0 recouvrir compl\u00e8tement la couleur en durcissant dans une lampe LED pendant 30 secondes.<br \/>\n7. Enlever toute couche d&#8217;inhibition avec le Di-Tack Cleanser.<br \/>\n8. Terminez le service en appliquant l&#8217;huile \u00e0 cuticules Kinetics dans l&#8217;anneau \u00e0 cuticules.<\/p>\n<p><strong>Enl\u00e8vement<\/strong>: enlevez le produit m\u00e9caniquement \u00e0 l&#8217;aide du cutter ou du liquide d&#8217;enl\u00e8vement. Kinetics Gel Polish Remover Red Lizard.<\/p>\n","protected":false},"excerpt":{"rendered":"<p>Vernis \u00e0 ongles professionnel, hautement pigment\u00e9, \u00e0 trois phases, semi-permanent. Les couleurs intenses et le durcissement sous lampes UV\/LED assurent une couverture parfaite et une durabilit\u00e9 jusqu&#8217;\u00e0 28 jours. <\/p>\n<p>Formule sans HEMA et 16 fois FREE, pour une s\u00e9curit\u00e9 vraiment fiable qui r\u00e9duit les r\u00e9actions cutan\u00e9es irritantes pour les clients et les op\u00e9rateurs.<\/p>\n<p>Lumi\u00e8re #199<\/p>\n","protected":false},"featured_media":3707,"template":"","meta":{"_acf_changed":false,"_seopress_robots_primary_cat":"","_seopress_titles_title":"","_seopress_titles_desc":"","_seopress_robots_index":""},"product_brand":[],"product_cat":[109],"product_tag":[],"class_list":{"0":"post-6047","1":"product","2":"type-product","3":"status-publish","4":"has-post-thumbnail","6":"product_cat-shield-colors-fr","8":"first","9":"instock","10":"taxable","11":"shipping-taxable","12":"product-type-simple"},"acf":[],"jetpack_sharing_enabled":true,"_links":{"self":[{"href":"https:\/\/pro.beautyproject.ch\/fr\/wp-json\/wp\/v2\/product\/6047","targetHints":{"allow":["GET"]}}],"collection":[{"href":"https:\/\/pro.beautyproject.ch\/fr\/wp-json\/wp\/v2\/product"}],"about":[{"href":"https:\/\/pro.beautyproject.ch\/fr\/wp-json\/wp\/v2\/types\/product"}],"wp:featuredmedia":[{"embeddable":true,"href":"https:\/\/pro.beautyproject.ch\/fr\/wp-json\/wp\/v2\/media\/3707"}],"wp:attachment":[{"href":"https:\/\/pro.beautyproject.ch\/fr\/wp-json\/wp\/v2\/media?parent=6047"}],"wp:term":[{"taxonomy":"product_brand","embeddable":true,"href":"https:\/\/pro.beautyproject.ch\/fr\/wp-json\/wp\/v2\/product_brand?post=6047"},{"taxonomy":"product_cat","embeddable":true,"href":"https:\/\/pro.beautyproject.ch\/fr\/wp-json\/wp\/v2\/product_cat?post=6047"},{"taxonomy":"product_tag","embeddable":true,"href":"https:\/\/pro.beautyproject.ch\/fr\/wp-json\/wp\/v2\/product_tag?post=6047"}],"curies":[{"name":"wp","href":"https:\/\/api.w.org\/{rel}","templated":true}]}}