{"id":6094,"date":"2024-10-21T08:43:30","date_gmt":"2024-10-21T06:43:30","guid":{"rendered":"https:\/\/pro.beautyproject.ch\/prodotto\/kinetics-white-gold-durcisseur-15ml\/"},"modified":"2025-10-26T09:39:47","modified_gmt":"2025-10-26T08:39:47","slug":"kinetics-white-gold-durcisseur-15ml","status":"publish","type":"product","link":"https:\/\/pro.beautyproject.ch\/fr\/produit\/kinetics-white-gold-durcisseur-15ml\/","title":{"rendered":"Kinetics White Gold Hardener 15ml"},"content":{"rendered":"<p class=\"p1\">Enrichi en particules d&#8217;or pur, il renforce la lamelle et rend l&#8217;ongle lisse avec un effet nacr\u00e9. Couleur blanc laiteux avec de d\u00e9licats reflets dor\u00e9s. <\/p>\n<p><strong>UTILISER<\/strong><\/p>\n<p>Seul :<br \/>\nAppliquez une seule couche et laissez s\u00e9cher ; ensuite, appliquez une deuxi\u00e8me couche et laissez s\u00e9cher.<\/p>\n<p>Avec SolarGel :<br \/>\nAppliquez une seule couche et laissez s\u00e9cher, puis proc\u00e9dez \u00e0 l&#8217;application du syst\u00e8me SolarGel.<\/p>\n","protected":false},"excerpt":{"rendered":"<p>Durcisseur instantan\u00e9 pour les ongles fragiles.<\/p>\n<p>15mL<\/p>\n","protected":false},"featured_media":5306,"template":"","meta":{"_acf_changed":false,"_seopress_robots_primary_cat":"","_seopress_titles_title":"","_seopress_titles_desc":"","_seopress_robots_index":"","_seopress_analysis_target_kw":""},"product_brand":[],"product_cat":[98],"product_tag":[],"class_list":{"0":"post-6094","1":"product","2":"type-product","3":"status-publish","4":"has-post-thumbnail","6":"product_cat-nail-treatments-fr","8":"first","9":"outofstock","10":"taxable","11":"shipping-taxable","12":"product-type-simple"},"acf":[],"jetpack_sharing_enabled":true,"_links":{"self":[{"href":"https:\/\/pro.beautyproject.ch\/fr\/wp-json\/wp\/v2\/product\/6094","targetHints":{"allow":["GET"]}}],"collection":[{"href":"https:\/\/pro.beautyproject.ch\/fr\/wp-json\/wp\/v2\/product"}],"about":[{"href":"https:\/\/pro.beautyproject.ch\/fr\/wp-json\/wp\/v2\/types\/product"}],"wp:featuredmedia":[{"embeddable":true,"href":"https:\/\/pro.beautyproject.ch\/fr\/wp-json\/wp\/v2\/media\/5306"}],"wp:attachment":[{"href":"https:\/\/pro.beautyproject.ch\/fr\/wp-json\/wp\/v2\/media?parent=6094"}],"wp:term":[{"taxonomy":"product_brand","embeddable":true,"href":"https:\/\/pro.beautyproject.ch\/fr\/wp-json\/wp\/v2\/product_brand?post=6094"},{"taxonomy":"product_cat","embeddable":true,"href":"https:\/\/pro.beautyproject.ch\/fr\/wp-json\/wp\/v2\/product_cat?post=6094"},{"taxonomy":"product_tag","embeddable":true,"href":"https:\/\/pro.beautyproject.ch\/fr\/wp-json\/wp\/v2\/product_tag?post=6094"}],"curies":[{"name":"wp","href":"https:\/\/api.w.org\/{rel}","templated":true}]}}