{"id":6103,"date":"2024-10-21T08:43:29","date_gmt":"2024-10-21T06:43:29","guid":{"rendered":"https:\/\/pro.beautyproject.ch\/prodotto\/kinetics-huile-pour-cuticules-aux-amandes-15ml\/"},"modified":"2025-10-26T14:17:22","modified_gmt":"2025-10-26T13:17:22","slug":"kinetics-huile-pour-cuticules-aux-amandes-15ml","status":"publish","type":"product","link":"https:\/\/pro.beautyproject.ch\/fr\/produit\/kinetics-huile-pour-cuticules-aux-amandes-15ml\/","title":{"rendered":"Kinetics Almond Cuticle Oil 15ml"},"content":{"rendered":"<p>Un produit quotidien pour des ongles et des cuticules sains. L&#8217;huile pour cuticules favorise la croissance des ongles, nourrit et assouplit les cuticules. Utilis\u00e9e quotidiennement, elle am\u00e9liore l&#8217;\u00e9tat des ongles, assure des cuticules saines et \u00e9lastiques et traite les cuticules s\u00e8ches et irrit\u00e9es. L&#8217;huile est disponible en trois parfums diff\u00e9rents : amande, orange et citron.    Toutes les huiles ont le m\u00eame effet.<\/p>\n<p><strong>UTILISER<\/strong><\/p>\n<p>Appliquez une goutte d&#8217;huile pour cuticules sur la cuticule et la plaque de l&#8217;ongle. Massez en effectuant de l\u00e9gers mouvements circulaires. <\/p>\n","protected":false},"excerpt":{"rendered":"<p>Huile r\u00e9paratrice pour cuticules \u00e0 l&#8217;amande.<\/p>\n<p>15mL<\/p>\n","protected":false},"featured_media":7314,"template":"","meta":{"_acf_changed":false,"_seopress_robots_primary_cat":"","_seopress_titles_title":"","_seopress_titles_desc":"","_seopress_robots_index":"","_seopress_analysis_target_kw":""},"product_brand":[],"product_cat":[83],"product_tag":[],"class_list":{"0":"post-6103","1":"product","2":"type-product","3":"status-publish","4":"has-post-thumbnail","6":"product_cat-cuticle-treatments-fr","8":"first","9":"instock","10":"taxable","11":"shipping-taxable","12":"product-type-simple"},"acf":[],"jetpack_sharing_enabled":true,"_links":{"self":[{"href":"https:\/\/pro.beautyproject.ch\/fr\/wp-json\/wp\/v2\/product\/6103","targetHints":{"allow":["GET"]}}],"collection":[{"href":"https:\/\/pro.beautyproject.ch\/fr\/wp-json\/wp\/v2\/product"}],"about":[{"href":"https:\/\/pro.beautyproject.ch\/fr\/wp-json\/wp\/v2\/types\/product"}],"wp:featuredmedia":[{"embeddable":true,"href":"https:\/\/pro.beautyproject.ch\/fr\/wp-json\/wp\/v2\/media\/7314"}],"wp:attachment":[{"href":"https:\/\/pro.beautyproject.ch\/fr\/wp-json\/wp\/v2\/media?parent=6103"}],"wp:term":[{"taxonomy":"product_brand","embeddable":true,"href":"https:\/\/pro.beautyproject.ch\/fr\/wp-json\/wp\/v2\/product_brand?post=6103"},{"taxonomy":"product_cat","embeddable":true,"href":"https:\/\/pro.beautyproject.ch\/fr\/wp-json\/wp\/v2\/product_cat?post=6103"},{"taxonomy":"product_tag","embeddable":true,"href":"https:\/\/pro.beautyproject.ch\/fr\/wp-json\/wp\/v2\/product_tag?post=6103"}],"curies":[{"name":"wp","href":"https:\/\/api.w.org\/{rel}","templated":true}]}}