{"id":6109,"date":"2024-10-21T08:43:29","date_gmt":"2024-10-21T06:43:29","guid":{"rendered":"https:\/\/pro.beautyproject.ch\/prodotto\/kinetics-serum-pour-les-ongles-aux-pepins-de-raisin-15-ml\/"},"modified":"2025-10-28T09:23:42","modified_gmt":"2025-10-28T08:23:42","slug":"kinetics-serum-pour-les-ongles-aux-pepins-de-raisin-15-ml","status":"publish","type":"product","link":"https:\/\/pro.beautyproject.ch\/fr\/produit\/kinetics-serum-pour-les-ongles-aux-pepins-de-raisin-15-ml\/","title":{"rendered":"Cin\u00e9tique Grapeseed Nail Serum 15 ml"},"content":{"rendered":"<p>Traitement r\u00e9g\u00e9n\u00e9rant pour la plaque de l&#8217;ongle, les cuticules et la matrice de l&#8217;ongle. Sa l\u00e9g\u00e8ret\u00e9 texture contient 100% d&#8217;huiles naturelles et est rapidement absorb\u00e9e par la plaque de l&#8217;ongle et les cuticules. Apr\u00e8s seulement 20 jours d&#8217;utilisation quotidienne, le s\u00e9rum redonne aux ongles un \u00e9tat sain et am\u00e9liore significativement l&#8217;\u00e9tat des cuticules.  <\/p>\n<p>&nbsp;<\/p>\n<p><strong>INGR\u00c9DIENTS ACTIFS<\/strong><\/p>\n<p>&#8211; Huile d&#8217;amande douce, pour hydrater et nourrir ;<br \/>\n&#8211; Vitamine E, pour soigner les peaux s\u00e8ches et irrit\u00e9es ;<br \/>\n&#8211; Huile de p\u00e9pins de raisin, pour r\u00e9g\u00e9n\u00e9rer et renforcer la plaque de l&#8217;ongle.<\/p>\n<p><strong>UTILISER<\/strong><\/p>\n<p>Appliquez une goutte de s\u00e9rum pour les ongles sur la zone des cuticules et massez doucement en mouvements circulaires jusqu&#8217;\u00e0 absorption.<\/p>\n","protected":false},"excerpt":{"rendered":"<p class=\"p1\">Traitement r\u00e9g\u00e9n\u00e9rant de la plaque de l&#8217;ongle, de la matrice de l&#8217;ongle et de la zone cuticulaire.<\/p>\n<p>15mL<\/p>\n","protected":false},"featured_media":7319,"template":"","meta":{"_acf_changed":false,"_seopress_robots_primary_cat":"","_seopress_titles_title":"","_seopress_titles_desc":"","_seopress_robots_index":"","_seopress_analysis_target_kw":""},"product_brand":[],"product_cat":[83],"product_tag":[],"class_list":{"0":"post-6109","1":"product","2":"type-product","3":"status-publish","4":"has-post-thumbnail","6":"product_cat-cuticle-treatments-fr","8":"first","9":"instock","10":"taxable","11":"shipping-taxable","12":"product-type-simple"},"acf":[],"jetpack_sharing_enabled":true,"_links":{"self":[{"href":"https:\/\/pro.beautyproject.ch\/fr\/wp-json\/wp\/v2\/product\/6109","targetHints":{"allow":["GET"]}}],"collection":[{"href":"https:\/\/pro.beautyproject.ch\/fr\/wp-json\/wp\/v2\/product"}],"about":[{"href":"https:\/\/pro.beautyproject.ch\/fr\/wp-json\/wp\/v2\/types\/product"}],"wp:featuredmedia":[{"embeddable":true,"href":"https:\/\/pro.beautyproject.ch\/fr\/wp-json\/wp\/v2\/media\/7319"}],"wp:attachment":[{"href":"https:\/\/pro.beautyproject.ch\/fr\/wp-json\/wp\/v2\/media?parent=6109"}],"wp:term":[{"taxonomy":"product_brand","embeddable":true,"href":"https:\/\/pro.beautyproject.ch\/fr\/wp-json\/wp\/v2\/product_brand?post=6109"},{"taxonomy":"product_cat","embeddable":true,"href":"https:\/\/pro.beautyproject.ch\/fr\/wp-json\/wp\/v2\/product_cat?post=6109"},{"taxonomy":"product_tag","embeddable":true,"href":"https:\/\/pro.beautyproject.ch\/fr\/wp-json\/wp\/v2\/product_tag?post=6109"}],"curies":[{"name":"wp","href":"https:\/\/api.w.org\/{rel}","templated":true}]}}