{"id":6115,"date":"2024-10-21T08:43:29","date_gmt":"2024-10-21T06:43:29","guid":{"rendered":"https:\/\/pro.beautyproject.ch\/prodotto\/kinetics-cuticle-off-dissolvant-de-cuticules-a-action-rapide-15ml\/"},"modified":"2025-03-03T10:42:22","modified_gmt":"2025-03-03T09:42:22","slug":"kinetics-cuticle-off-dissolvant-de-cuticules-a-action-rapide-15ml","status":"publish","type":"product","link":"https:\/\/pro.beautyproject.ch\/fr\/produit\/kinetics-cuticle-off-dissolvant-de-cuticules-a-action-rapide-15ml\/","title":{"rendered":"Kinetics Cuticle OFF Action rapide Remover 15ml"},"content":{"rendered":"<p>Formule \u00e0 action rapide, \u00e9limine rapidement les peaux mortes dans la zone des cuticules. Contient de l&#8217;extrait d&#8217;aloe vera pour hydrater et apaiser instantan\u00e9ment.<br \/>\nPour un usage professionnel et domestique. <\/p>\n<p><strong>UTILISER<\/strong><\/p>\n<p>1. Appliquez sur la base des ongles et travaillez d\u00e9licatement autour des cuticules.<\/p>\n<p>2. Retirez la cuticule \u00e0 l&#8217;aide d&#8217;un b\u00e2ton d&#8217;oranger ou d&#8217;un repousse-cuticule.<\/p>\n<p>3. Rincez imm\u00e9diatement le produit pour \u00e9viter le jaunissement des ongles et l&#8217;irritation de la peau.<\/p>\n","protected":false},"excerpt":{"rendered":"<p class=\"p1\">Produit professionnel \u00e0 action intense, \u00e9limine les cuticules et adoucit les callosit\u00e9s.<\/p>\n<p>15mL<\/p>\n","protected":false},"featured_media":5267,"template":"","meta":{"_acf_changed":false,"_seopress_robots_primary_cat":"","_seopress_titles_title":"","_seopress_titles_desc":"","_seopress_robots_index":"","_seopress_analysis_target_kw":""},"product_brand":[],"product_cat":[83],"product_tag":[],"class_list":{"0":"post-6115","1":"product","2":"type-product","3":"status-publish","4":"has-post-thumbnail","6":"product_cat-cuticle-treatments-fr","8":"first","9":"instock","10":"taxable","11":"shipping-taxable","12":"product-type-simple"},"acf":[],"jetpack_sharing_enabled":true,"_links":{"self":[{"href":"https:\/\/pro.beautyproject.ch\/fr\/wp-json\/wp\/v2\/product\/6115","targetHints":{"allow":["GET"]}}],"collection":[{"href":"https:\/\/pro.beautyproject.ch\/fr\/wp-json\/wp\/v2\/product"}],"about":[{"href":"https:\/\/pro.beautyproject.ch\/fr\/wp-json\/wp\/v2\/types\/product"}],"wp:featuredmedia":[{"embeddable":true,"href":"https:\/\/pro.beautyproject.ch\/fr\/wp-json\/wp\/v2\/media\/5267"}],"wp:attachment":[{"href":"https:\/\/pro.beautyproject.ch\/fr\/wp-json\/wp\/v2\/media?parent=6115"}],"wp:term":[{"taxonomy":"product_brand","embeddable":true,"href":"https:\/\/pro.beautyproject.ch\/fr\/wp-json\/wp\/v2\/product_brand?post=6115"},{"taxonomy":"product_cat","embeddable":true,"href":"https:\/\/pro.beautyproject.ch\/fr\/wp-json\/wp\/v2\/product_cat?post=6115"},{"taxonomy":"product_tag","embeddable":true,"href":"https:\/\/pro.beautyproject.ch\/fr\/wp-json\/wp\/v2\/product_tag?post=6115"}],"curies":[{"name":"wp","href":"https:\/\/api.w.org\/{rel}","templated":true}]}}