{"id":6116,"date":"2024-10-21T08:43:29","date_gmt":"2024-10-21T06:43:29","guid":{"rendered":"https:\/\/pro.beautyproject.ch\/prodotto\/kinetics-touch-me-protecting-base-coat-15-ml\/"},"modified":"2025-08-20T15:46:08","modified_gmt":"2025-08-20T13:46:08","slug":"kinetics-touch-me-protecting-base-coat-15-ml","status":"publish","type":"product","link":"https:\/\/pro.beautyproject.ch\/fr\/produit\/kinetics-touch-me-protecting-base-coat-15-ml\/","title":{"rendered":"Kinetics Touch Me Protecting Base Coat 15 ml"},"content":{"rendered":"<p>La couche de base Touch Me am\u00e9liore l&#8217;adh\u00e9rence entre l&#8217;ongle naturel et la couleur du vernis SolarGel\u2122 et prolonge la dur\u00e9e de vie du vernis de 1 \u00e0 2 jours. Elle \u00e9limine \u00e9galement les imperfections \u00e0 la surface de l&#8217;ongle naturel. <\/p>\n<p><strong>UTILISER<\/strong><\/p>\n<p>Nettoyez soigneusement la surface de l&#8217;ongle avec un dissolvant \u00e0 base d&#8217;ac\u00e9tone, par exemple Red Lizard, afin d&#8217;\u00e9liminer les r\u00e9sidus huileux et de pr\u00e9parer la surface de l&#8217;ongle \u00e0 l&#8217;application du vernis. N&#8217;oubliez pas que la durabilit\u00e9 du vernis \u00e0 ongles d\u00e9pend directement de la qualit\u00e9 du nettoyage de la surface de l&#8217;ongle. <\/p>\n<p>Appliquez maintenant la couche de base Touch Me et laissez-la s\u00e9cher pendant deux minutes. Proc\u00e9dez \u00e0 l&#8217;application de la couleur de vernis \u00e0 ongles SolarGel\u2122 souhait\u00e9e. <\/p>\n","protected":false},"excerpt":{"rendered":"<p>Couche de base pour l&#8217;\u00e9mail SolarGel.<\/p>\n<p>15mL<\/p>\n","protected":false},"featured_media":5234,"template":"","meta":{"_acf_changed":false,"_seopress_robots_primary_cat":"","_seopress_titles_title":"","_seopress_titles_desc":"","_seopress_robots_index":"","_seopress_analysis_target_kw":""},"product_brand":[],"product_cat":[119],"product_tag":[],"class_list":{"0":"post-6116","1":"product","2":"type-product","3":"status-publish","4":"has-post-thumbnail","6":"product_cat-solargel-fr","8":"first","9":"outofstock","10":"taxable","11":"shipping-taxable","12":"product-type-simple"},"acf":[],"jetpack_sharing_enabled":true,"_links":{"self":[{"href":"https:\/\/pro.beautyproject.ch\/fr\/wp-json\/wp\/v2\/product\/6116","targetHints":{"allow":["GET"]}}],"collection":[{"href":"https:\/\/pro.beautyproject.ch\/fr\/wp-json\/wp\/v2\/product"}],"about":[{"href":"https:\/\/pro.beautyproject.ch\/fr\/wp-json\/wp\/v2\/types\/product"}],"wp:featuredmedia":[{"embeddable":true,"href":"https:\/\/pro.beautyproject.ch\/fr\/wp-json\/wp\/v2\/media\/5234"}],"wp:attachment":[{"href":"https:\/\/pro.beautyproject.ch\/fr\/wp-json\/wp\/v2\/media?parent=6116"}],"wp:term":[{"taxonomy":"product_brand","embeddable":true,"href":"https:\/\/pro.beautyproject.ch\/fr\/wp-json\/wp\/v2\/product_brand?post=6116"},{"taxonomy":"product_cat","embeddable":true,"href":"https:\/\/pro.beautyproject.ch\/fr\/wp-json\/wp\/v2\/product_cat?post=6116"},{"taxonomy":"product_tag","embeddable":true,"href":"https:\/\/pro.beautyproject.ch\/fr\/wp-json\/wp\/v2\/product_tag?post=6116"}],"curies":[{"name":"wp","href":"https:\/\/api.w.org\/{rel}","templated":true}]}}