{"id":6130,"date":"2024-10-21T08:43:25","date_gmt":"2024-10-21T06:43:25","guid":{"rendered":"https:\/\/pro.beautyproject.ch\/prodotto\/kinetics-solargel-polish-meta-mauve-595\/"},"modified":"2025-03-03T10:42:38","modified_gmt":"2025-03-03T09:42:38","slug":"kinetics-solargel-polish-meta-mauve-595","status":"publish","type":"product","link":"https:\/\/pro.beautyproject.ch\/fr\/produit\/kinetics-solargel-polish-meta-mauve-595\/","title":{"rendered":"Kinetics SolarGel Polish Meta Mauve 595"},"content":{"rendered":"<p>Couleur : violet profond paillet\u00e9<\/p>\n","protected":false},"excerpt":{"rendered":"<p>Une formule d&#8217;\u00e9mail \u00e0 deux phases qui, envelopp\u00e9e dans un scellant r\u00e9sistant aux rayures, garantit une r\u00e9sistance in\u00e9gal\u00e9e par rapport aux \u00e9maux traditionnels : jusqu&#8217;\u00e0 10 jours avec un effet incroyable et ultra-brillant gel.<\/p>\n<p>Meta Mauve #595<\/p>\n","protected":false},"featured_media":3545,"template":"","meta":{"_acf_changed":false,"_seopress_robots_primary_cat":"none","_seopress_titles_title":"","_seopress_titles_desc":"","_seopress_robots_index":"","_seopress_analysis_target_kw":""},"product_brand":[],"product_cat":[119],"product_tag":[],"class_list":{"0":"post-6130","1":"product","2":"type-product","3":"status-publish","4":"has-post-thumbnail","6":"product_cat-solargel-fr","8":"first","9":"instock","10":"taxable","11":"shipping-taxable","12":"product-type-simple"},"acf":[],"jetpack_sharing_enabled":true,"_links":{"self":[{"href":"https:\/\/pro.beautyproject.ch\/fr\/wp-json\/wp\/v2\/product\/6130","targetHints":{"allow":["GET"]}}],"collection":[{"href":"https:\/\/pro.beautyproject.ch\/fr\/wp-json\/wp\/v2\/product"}],"about":[{"href":"https:\/\/pro.beautyproject.ch\/fr\/wp-json\/wp\/v2\/types\/product"}],"wp:featuredmedia":[{"embeddable":true,"href":"https:\/\/pro.beautyproject.ch\/fr\/wp-json\/wp\/v2\/media\/3545"}],"wp:attachment":[{"href":"https:\/\/pro.beautyproject.ch\/fr\/wp-json\/wp\/v2\/media?parent=6130"}],"wp:term":[{"taxonomy":"product_brand","embeddable":true,"href":"https:\/\/pro.beautyproject.ch\/fr\/wp-json\/wp\/v2\/product_brand?post=6130"},{"taxonomy":"product_cat","embeddable":true,"href":"https:\/\/pro.beautyproject.ch\/fr\/wp-json\/wp\/v2\/product_cat?post=6130"},{"taxonomy":"product_tag","embeddable":true,"href":"https:\/\/pro.beautyproject.ch\/fr\/wp-json\/wp\/v2\/product_tag?post=6130"}],"curies":[{"name":"wp","href":"https:\/\/api.w.org\/{rel}","templated":true}]}}