{"id":6244,"date":"2024-10-21T08:44:20","date_gmt":"2024-10-21T06:44:20","guid":{"rendered":"https:\/\/pro.beautyproject.ch\/prodotto\/kinetics-professional-hand-care-luxury-lifting-cream-150ml\/"},"modified":"2025-03-03T11:49:59","modified_gmt":"2025-03-03T10:49:59","slug":"kinetics-professional-hand-care-luxury-lifting-cream-150ml","status":"publish","type":"product","link":"https:\/\/pro.beautyproject.ch\/fr\/produit\/kinetics-professional-hand-care-luxury-lifting-cream-150ml\/","title":{"rendered":"Kinetics Professional Hand Care Luxury Lifting Cream 150ml"},"content":{"rendered":"<section id=\"wrapper\">\n<div id=\"inner-wrapper\" class=\"container\">\n<div id=\"content-wrapper\" class=\"js-content-wrapper\">\n<section id=\"main\">\n<div id=\"main-product-wrapper\" class=\"product-container js-product-container\">\n<div class=\"tabs product-tabs\">\n<div id=\"product-infos-tabs-content\" class=\"tab-content\">\n<div id=\"description\" class=\"tab-pane in active\">\n<div class=\"product-description\">\n<div class=\"rte-content\">\n<p>Cr\u00e8me de consistance l\u00e9g\u00e8re, elle donne une apparence plus radieuse, plus lisse et plus jeune.<\/p>\n<p><strong>INGR\u00c9DIENTS ACTIFS<\/strong><\/p>\n<p>Acide hyaluronique : procure une hydratation intense, renforce l&#8217;\u00e9clat g\u00e9n\u00e9ral de la peau et r\u00e9duit instantan\u00e9ment les signes visibles de vieillissement.<\/p>\n<p>Beurre de karit\u00e9 : nourrit la peau et la rend douce.<\/p>\n<p>Utilisation : Appliquer une petite quantit\u00e9 de cr\u00e8me sur les deux mains. Masser la peau jusqu&#8217;\u00e0 ce qu&#8217;elle p\u00e9n\u00e8tre. Convient \u00e0 un usage quotidien.  <\/p>\n<\/div>\n<\/div>\n<\/div>\n<\/div>\n<\/div>\n<\/div>\n<\/section>\n<\/div>\n<\/div>\n<\/section>\n","protected":false},"excerpt":{"rendered":"<p>Cr\u00e8me hydratante et repulpante pour les mains.<\/p>\n<p>150mL<\/p>\n","protected":false},"featured_media":4952,"template":"","meta":{"_acf_changed":false,"_seopress_robots_primary_cat":"","_seopress_titles_title":"","_seopress_titles_desc":"","_seopress_robots_index":"","_seopress_analysis_target_kw":""},"product_brand":[],"product_cat":[115],"product_tag":[],"class_list":{"0":"post-6244","1":"product","2":"type-product","3":"status-publish","4":"has-post-thumbnail","6":"product_cat-skin-care-fr","8":"first","9":"instock","10":"taxable","11":"shipping-taxable","12":"product-type-simple"},"acf":[],"jetpack_sharing_enabled":true,"_links":{"self":[{"href":"https:\/\/pro.beautyproject.ch\/fr\/wp-json\/wp\/v2\/product\/6244","targetHints":{"allow":["GET"]}}],"collection":[{"href":"https:\/\/pro.beautyproject.ch\/fr\/wp-json\/wp\/v2\/product"}],"about":[{"href":"https:\/\/pro.beautyproject.ch\/fr\/wp-json\/wp\/v2\/types\/product"}],"wp:featuredmedia":[{"embeddable":true,"href":"https:\/\/pro.beautyproject.ch\/fr\/wp-json\/wp\/v2\/media\/4952"}],"wp:attachment":[{"href":"https:\/\/pro.beautyproject.ch\/fr\/wp-json\/wp\/v2\/media?parent=6244"}],"wp:term":[{"taxonomy":"product_brand","embeddable":true,"href":"https:\/\/pro.beautyproject.ch\/fr\/wp-json\/wp\/v2\/product_brand?post=6244"},{"taxonomy":"product_cat","embeddable":true,"href":"https:\/\/pro.beautyproject.ch\/fr\/wp-json\/wp\/v2\/product_cat?post=6244"},{"taxonomy":"product_tag","embeddable":true,"href":"https:\/\/pro.beautyproject.ch\/fr\/wp-json\/wp\/v2\/product_tag?post=6244"}],"curies":[{"name":"wp","href":"https:\/\/api.w.org\/{rel}","templated":true}]}}