{"id":6249,"date":"2024-10-21T08:44:20","date_gmt":"2024-10-21T06:44:20","guid":{"rendered":"https:\/\/pro.beautyproject.ch\/prodotto\/kinetics-professional-hand-care-rich-cream-150ml\/"},"modified":"2025-03-03T11:49:58","modified_gmt":"2025-03-03T10:49:58","slug":"kinetics-professional-hand-care-rich-cream-150ml","status":"publish","type":"product","link":"https:\/\/pro.beautyproject.ch\/fr\/produit\/kinetics-professional-hand-care-rich-cream-150ml\/","title":{"rendered":"Kinetics Professional Hand Care Rich Cream 150ml"},"content":{"rendered":"<p>Cr\u00e8me riche pour hydrater et nourrir en profondeur la peau des mains.<\/p>\n<p>L&#8217;ur\u00e9e et le beurre de karit\u00e9 se combinent \u00e0 l&#8217;huile d&#8217;argan pour cr\u00e9er une formule extr\u00eamement efficace pour prot\u00e9ger, nourrir et hydrater les mains.<\/p>\n<p>L&#8217;ur\u00e9e aide l&#8217;huile d&#8217;argan \u00e0 \u00eatre absorb\u00e9e en profondeur, tout en travaillant en synergie avec le beurre de karit\u00e9 pour cr\u00e9er un environnement sain pour la peau. Ce dernier scelle l&#8217;humidit\u00e9 dans les couches sup\u00e9rieures de la peau et la maintient hydrat\u00e9e pendant plusieurs heures. <\/p>\n<p>Utilisation : Appliquer une petite quantit\u00e9 de cr\u00e8me sur les deux mains. Masser la peau jusqu&#8217;\u00e0 ce qu&#8217;elle p\u00e9n\u00e8tre. Convient \u00e0 un usage quotidien.  <\/p>\n","protected":false},"excerpt":{"rendered":"<p>Cr\u00e8me nourrissante intensive pour les mains \u00e0 l&#8217;ur\u00e9e, \u00e0 l&#8217;huile d&#8217;argan et au beurre de karit\u00e9.<\/p>\n<p>150mL<\/p>\n","protected":false},"featured_media":4955,"template":"","meta":{"_acf_changed":false,"_seopress_robots_primary_cat":"","_seopress_titles_title":"","_seopress_titles_desc":"","_seopress_robots_index":"","_seopress_analysis_target_kw":""},"product_brand":[],"product_cat":[115],"product_tag":[],"class_list":{"0":"post-6249","1":"product","2":"type-product","3":"status-publish","4":"has-post-thumbnail","6":"product_cat-skin-care-fr","8":"first","9":"instock","10":"taxable","11":"shipping-taxable","12":"product-type-simple"},"acf":[],"jetpack_sharing_enabled":true,"_links":{"self":[{"href":"https:\/\/pro.beautyproject.ch\/fr\/wp-json\/wp\/v2\/product\/6249","targetHints":{"allow":["GET"]}}],"collection":[{"href":"https:\/\/pro.beautyproject.ch\/fr\/wp-json\/wp\/v2\/product"}],"about":[{"href":"https:\/\/pro.beautyproject.ch\/fr\/wp-json\/wp\/v2\/types\/product"}],"wp:featuredmedia":[{"embeddable":true,"href":"https:\/\/pro.beautyproject.ch\/fr\/wp-json\/wp\/v2\/media\/4955"}],"wp:attachment":[{"href":"https:\/\/pro.beautyproject.ch\/fr\/wp-json\/wp\/v2\/media?parent=6249"}],"wp:term":[{"taxonomy":"product_brand","embeddable":true,"href":"https:\/\/pro.beautyproject.ch\/fr\/wp-json\/wp\/v2\/product_brand?post=6249"},{"taxonomy":"product_cat","embeddable":true,"href":"https:\/\/pro.beautyproject.ch\/fr\/wp-json\/wp\/v2\/product_cat?post=6249"},{"taxonomy":"product_tag","embeddable":true,"href":"https:\/\/pro.beautyproject.ch\/fr\/wp-json\/wp\/v2\/product_tag?post=6249"}],"curies":[{"name":"wp","href":"https:\/\/api.w.org\/{rel}","templated":true}]}}