{"id":6260,"date":"2025-02-21T08:49:20","date_gmt":"2025-02-21T07:49:20","guid":{"rendered":"https:\/\/pro.beautyproject.ch\/prodotto\/kinetics-lotion-parfumee-patchouly-vetyver-250ml\/"},"modified":"2025-03-03T11:50:04","modified_gmt":"2025-03-03T10:50:04","slug":"kinetics-lotion-parfumee-patchouly-vetyver-250ml","status":"publish","type":"product","link":"https:\/\/pro.beautyproject.ch\/fr\/produit\/kinetics-lotion-parfumee-patchouly-vetyver-250ml\/","title":{"rendered":"Kinetics Perfumed Lotion Patchouly &amp; Vetyver 250ml"},"content":{"rendered":"<p>Parfum : Patchouly et Vetyver<\/p>\n<p>Lotion parfum\u00e9e de texture ultra-l\u00e9g\u00e8re enrichie en beurre de karit\u00e9, vitamine E et huiles essentielles de Grasse, France. Hydratation 24 heures sur 24 <\/p>\n<p><strong>PARFUM<\/strong><\/p>\n<p>Un m\u00e9lange captivant de notes de t\u00eate de guimauve et d&#8217;orange bergamote, entrelac\u00e9es avec des notes de c\u0153ur de jasmin et de bois de c\u00e8dre. Les notes de fond persistantes de f\u00e8ve tonka, de vanille et de musc blanc cr\u00e9ent un parfum harmonieux qui \u00e9quilibre les tons sucr\u00e9s et \u00e9pic\u00e9s avec une note chaude et bois\u00e9e pour toutes les occasions. <\/p>\n<p><strong>Notes de t\u00eate<\/strong>: guimauve, caf\u00e9, orange bergamote, fleur d&#8217;oranger<\/p>\n<p><strong>Notes de c\u0153ur<\/strong>: Jasmin, Freesia, Patchouly, Bois de c\u00e8dre, Bois de santal.<\/p>\n<p><strong>Notes de fond<\/strong>: F\u00e8ve Tonka, Vanille, Vetyver, Musc blanc, Ambre.<\/p>\n<p><strong>Famille olfactive<\/strong>: orientale<\/p>\n<p>&nbsp;<\/p>\n<p><strong>UTILISER<\/strong><\/p>\n<p>Appliquer et masser les paumes et les bras une \u00e0 deux fois par jour. Si n\u00e9cessaire, appliquez plus souvent. La lotion parfum\u00e9e peut \u00eatre utilis\u00e9e sur tout le corps.  <\/p>\n","protected":false},"excerpt":{"rendered":"<p>Lotion parfum\u00e9e de texture ultra-l\u00e9g\u00e8re enrichie en beurre de karit\u00e9, vitamine E et huiles essentielles de Grasse, France.<\/p>\n<p>250mL<\/p>\n","protected":false},"featured_media":4760,"template":"","meta":{"_acf_changed":false,"_seopress_robots_primary_cat":"","_seopress_titles_title":"","_seopress_titles_desc":"","_seopress_robots_index":"","_seopress_analysis_target_kw":""},"product_brand":[],"product_cat":[115],"product_tag":[],"class_list":{"0":"post-6260","1":"product","2":"type-product","3":"status-publish","4":"has-post-thumbnail","6":"product_cat-skin-care-fr","8":"first","9":"instock","10":"taxable","11":"shipping-taxable","12":"product-type-simple"},"acf":[],"jetpack_sharing_enabled":true,"_links":{"self":[{"href":"https:\/\/pro.beautyproject.ch\/fr\/wp-json\/wp\/v2\/product\/6260","targetHints":{"allow":["GET"]}}],"collection":[{"href":"https:\/\/pro.beautyproject.ch\/fr\/wp-json\/wp\/v2\/product"}],"about":[{"href":"https:\/\/pro.beautyproject.ch\/fr\/wp-json\/wp\/v2\/types\/product"}],"wp:featuredmedia":[{"embeddable":true,"href":"https:\/\/pro.beautyproject.ch\/fr\/wp-json\/wp\/v2\/media\/4760"}],"wp:attachment":[{"href":"https:\/\/pro.beautyproject.ch\/fr\/wp-json\/wp\/v2\/media?parent=6260"}],"wp:term":[{"taxonomy":"product_brand","embeddable":true,"href":"https:\/\/pro.beautyproject.ch\/fr\/wp-json\/wp\/v2\/product_brand?post=6260"},{"taxonomy":"product_cat","embeddable":true,"href":"https:\/\/pro.beautyproject.ch\/fr\/wp-json\/wp\/v2\/product_cat?post=6260"},{"taxonomy":"product_tag","embeddable":true,"href":"https:\/\/pro.beautyproject.ch\/fr\/wp-json\/wp\/v2\/product_tag?post=6260"}],"curies":[{"name":"wp","href":"https:\/\/api.w.org\/{rel}","templated":true}]}}