{"id":6265,"date":"2025-02-21T08:48:20","date_gmt":"2025-02-21T07:48:20","guid":{"rendered":"https:\/\/pro.beautyproject.ch\/prodotto\/kinetics-lotion-parfumee-cranberry-peach-tree-flower-250ml\/"},"modified":"2025-03-03T11:50:06","modified_gmt":"2025-03-03T10:50:06","slug":"kinetics-lotion-parfumee-cranberry-peach-tree-flower-250ml","status":"publish","type":"product","link":"https:\/\/pro.beautyproject.ch\/fr\/produit\/kinetics-lotion-parfumee-cranberry-peach-tree-flower-250ml\/","title":{"rendered":"Kinetics Perfumed Lotion Cranberry &amp; Peach tree flower 250ml"},"content":{"rendered":"<p>Parfum : canneberge et fleur de p\u00eacher<\/p>\n<p>Lotion parfum\u00e9e de texture ultra-l\u00e9g\u00e8re enrichie en beurre de karit\u00e9, vitamine E et huiles essentielles de Grasse, France. Hydratation 24 heures sur 24 <\/p>\n<p><strong>PARFUM<\/strong><\/p>\n<p>D\u00e9licieuse fragrance associant des notes de t\u00eate fruit\u00e9es, telles que la canneberge et la fleur de p\u00eacher, \u00e0 une vari\u00e9t\u00e9 de notes de c\u0153ur florales, dont la rose et la violette. Les notes de fond de caramel et d&#8217;ambre ajoutent de la chaleur et de la profondeur \u00e0 ce parfum f\u00e9minin de tous les jours. <\/p>\n<p><strong>Notes de t\u00eate<\/strong>: framboise, cassis, canneberge, fleur de p\u00eacher.<\/p>\n<p><strong>Notes de c\u0153ur<\/strong>: Rose, Violette, Fleurs sauvages, Aiguilles de pin.<\/p>\n<p><strong>Notes de fond<\/strong>: Caramel, tons ambr\u00e9s.<\/p>\n<p><strong>Famille olfactive<\/strong>: florale<\/p>\n<p>&nbsp;<\/p>\n<p><strong>UTILISER<\/strong><\/p>\n<p>Appliquer et masser les paumes et les bras une \u00e0 deux fois par jour. Si n\u00e9cessaire, appliquez plus souvent. La lotion parfum\u00e9e peut \u00eatre utilis\u00e9e sur tout le corps.  <\/p>\n","protected":false},"excerpt":{"rendered":"<p>Lotion parfum\u00e9e de texture ultra-l\u00e9g\u00e8re enrichie en beurre de karit\u00e9, vitamine E et huiles essentielles de Grasse, France.<\/p>\n<p>250mL<\/p>\n","protected":false},"featured_media":4757,"template":"","meta":{"_acf_changed":false,"_seopress_robots_primary_cat":"","_seopress_titles_title":"","_seopress_titles_desc":"","_seopress_robots_index":"","_seopress_analysis_target_kw":""},"product_brand":[],"product_cat":[115],"product_tag":[],"class_list":{"0":"post-6265","1":"product","2":"type-product","3":"status-publish","4":"has-post-thumbnail","6":"product_cat-skin-care-fr","8":"first","9":"instock","10":"taxable","11":"shipping-taxable","12":"product-type-simple"},"acf":[],"jetpack_sharing_enabled":true,"_links":{"self":[{"href":"https:\/\/pro.beautyproject.ch\/fr\/wp-json\/wp\/v2\/product\/6265","targetHints":{"allow":["GET"]}}],"collection":[{"href":"https:\/\/pro.beautyproject.ch\/fr\/wp-json\/wp\/v2\/product"}],"about":[{"href":"https:\/\/pro.beautyproject.ch\/fr\/wp-json\/wp\/v2\/types\/product"}],"wp:featuredmedia":[{"embeddable":true,"href":"https:\/\/pro.beautyproject.ch\/fr\/wp-json\/wp\/v2\/media\/4757"}],"wp:attachment":[{"href":"https:\/\/pro.beautyproject.ch\/fr\/wp-json\/wp\/v2\/media?parent=6265"}],"wp:term":[{"taxonomy":"product_brand","embeddable":true,"href":"https:\/\/pro.beautyproject.ch\/fr\/wp-json\/wp\/v2\/product_brand?post=6265"},{"taxonomy":"product_cat","embeddable":true,"href":"https:\/\/pro.beautyproject.ch\/fr\/wp-json\/wp\/v2\/product_cat?post=6265"},{"taxonomy":"product_tag","embeddable":true,"href":"https:\/\/pro.beautyproject.ch\/fr\/wp-json\/wp\/v2\/product_tag?post=6265"}],"curies":[{"name":"wp","href":"https:\/\/api.w.org\/{rel}","templated":true}]}}